{"id":394,"date":"2016-11-29T10:50:45","date_gmt":"2016-11-29T10:50:45","guid":{"rendered":"http:\/\/jardineriaibiza.com\/?page_id=394\/"},"modified":"2016-11-29T10:53:10","modified_gmt":"2016-11-29T10:53:10","slug":"baume-und-palmen","status":"publish","type":"page","link":"https:\/\/jardineriaibiza.com\/de\/baume-und-palmen\/","title":{"rendered":"B\u00e4ume und Palmen"},"content":{"rendered":"<div class=\"wpb-content-wrapper\"><p>[vc_row][vc_column][vc_column_text]B\u00e4ume sind Teil unserer Umwelt. Sie stehen in Parks, bilden Alleen und versch\u00f6nern unsere G\u00e4rten.<\/p>\n<p>Wir haben B\u00e4ume ab einem Meter Gr\u00f6\u00dfe und Gattungen verschiedener Arten und Sorten.<\/p>\n<p>Einige der beliebtesten Gattungen sind: Ahorn, Zypresse, Olivenbaum, Jacaranda, Peruanischer Pfefferbaum, Weiden, Obstb\u00e4ume und Birkenfeige.<\/p>\n<p>Wir bieten eine gro\u00dfe Vielfalt an Palmen in verschiedenen Gr\u00f6\u00dfen, Formen, Gattungen und Arten. Sie sind optimal an mediterrane Regionen angepasst. Falls gew\u00fcnscht, k\u00f6nnen wir sie transportieren und in Ihrem Garten einpflanzen.[\/vc_column_text][\/vc_column][\/vc_row]<\/p>\n<\/div>","protected":false},"excerpt":{"rendered":"<p>[vc_row][vc_column][vc_column_text]B\u00e4ume sind Teil unserer Umwelt. Sie stehen in Parks, bilden Alleen und versch\u00f6nern unsere G\u00e4rten. Wir haben B\u00e4ume ab einem Meter Gr\u00f6\u00dfe und Gattungen verschiedener Arten und Sorten. Einige der beliebtesten Gattungen sind: Ahorn, Zypresse, Olivenbaum, Jacaranda, Peruanischer Pfefferbaum, Weiden, Obstb\u00e4ume und Birkenfeige. Wir bieten eine gro\u00dfe Vielfalt an Palmen in verschiedenen Gr\u00f6\u00dfen, Formen, Gattungen [&hellip;]<\/p>\n","protected":false},"author":2,"featured_media":289,"parent":0,"menu_order":0,"comment_status":"closed","ping_status":"closed","template":"","meta":{"rs_blank_template":"","rs_page_bg_color":"","slide_template_v7":"","footnotes":""},"class_list":["post-394","page","type-page","status-publish","has-post-thumbnail","hentry"],"yoast_head":"<!-- This site is optimized with the Yoast SEO plugin v27.4 - https:\/\/yoast.com\/product\/yoast-seo-wordpress\/ -->\n<title>Arb\u00f3les y palmeras - Jardiner\u00eda \u00c1ngel Fern\u00e1ndez - Ibiza<\/title>\n<meta name=\"description\" content=\"Podemos ofrecerle una gran variedad de palm\u00e1ceas, de diferentes tama\u00f1os, formas, ejemplares y grupos. Estas variedades se adaptan muy bien al mediterraneo\" \/>\n<meta name=\"robots\" content=\"index, follow, max-snippet:-1, max-image-preview:large, max-video-preview:-1\" \/>\n<link rel=\"canonical\" href=\"https:\/\/jardineriaibiza.com\/de\/baume-und-palmen\/\" \/>\n<meta property=\"og:locale\" content=\"de_DE\" \/>\n<meta property=\"og:type\" content=\"article\" \/>\n<meta property=\"og:title\" content=\"Arb\u00f3les y palmeras - Jardiner\u00eda \u00c1ngel Fern\u00e1ndez - Ibiza\" \/>\n<meta property=\"og:description\" content=\"Podemos ofrecerle una gran variedad de palm\u00e1ceas, de diferentes tama\u00f1os, formas, ejemplares y grupos. Estas variedades se adaptan muy bien al mediterraneo\" \/>\n<meta property=\"og:url\" content=\"https:\/\/jardineriaibiza.com\/de\/baume-und-palmen\/\" \/>\n<meta property=\"og:site_name\" content=\"Jardiner\u00eda \u00c1ngel Fern\u00e1ndez\" \/>\n<meta property=\"article:modified_time\" content=\"2016-11-29T10:53:10+00:00\" \/>\n<meta property=\"og:image\" content=\"https:\/\/jardineriaibiza.com\/wp-content\/uploads\/Fotolia_46678878_L2.jpg\" \/>\n\t<meta property=\"og:image:width\" content=\"2100\" \/>\n\t<meta property=\"og:image:height\" content=\"1200\" \/>\n\t<meta property=\"og:image:type\" content=\"image\/jpeg\" \/>\n<meta name=\"twitter:card\" content=\"summary_large_image\" \/>\n<script type=\"application\/ld+json\" class=\"yoast-schema-graph\">{\"@context\":\"https:\\\/\\\/schema.org\",\"@graph\":[{\"@type\":\"WebPage\",\"@id\":\"https:\\\/\\\/jardineriaibiza.com\\\/de\\\/baume-und-palmen\\\/\",\"url\":\"https:\\\/\\\/jardineriaibiza.com\\\/de\\\/baume-und-palmen\\\/\",\"name\":\"Arb\u00f3les y palmeras - Jardiner\u00eda \u00c1ngel Fern\u00e1ndez - Ibiza\",\"isPartOf\":{\"@id\":\"https:\\\/\\\/jardineriaibiza.com\\\/#website\"},\"primaryImageOfPage\":{\"@id\":\"https:\\\/\\\/jardineriaibiza.com\\\/de\\\/baume-und-palmen\\\/#primaryimage\"},\"image\":{\"@id\":\"https:\\\/\\\/jardineriaibiza.com\\\/de\\\/baume-und-palmen\\\/#primaryimage\"},\"thumbnailUrl\":\"https:\\\/\\\/jardineriaibiza.com\\\/wp-content\\\/uploads\\\/Fotolia_46678878_L2.jpg\",\"datePublished\":\"2016-11-29T10:50:45+00:00\",\"dateModified\":\"2016-11-29T10:53:10+00:00\",\"description\":\"Podemos ofrecerle una gran variedad de palm\u00e1ceas, de diferentes tama\u00f1os, formas, ejemplares y grupos. Estas variedades se adaptan muy bien al mediterraneo\",\"breadcrumb\":{\"@id\":\"https:\\\/\\\/jardineriaibiza.com\\\/de\\\/baume-und-palmen\\\/#breadcrumb\"},\"inLanguage\":\"de\",\"potentialAction\":[{\"@type\":\"ReadAction\",\"target\":[\"https:\\\/\\\/jardineriaibiza.com\\\/de\\\/baume-und-palmen\\\/\"]}]},{\"@type\":\"ImageObject\",\"inLanguage\":\"de\",\"@id\":\"https:\\\/\\\/jardineriaibiza.com\\\/de\\\/baume-und-palmen\\\/#primaryimage\",\"url\":\"https:\\\/\\\/jardineriaibiza.com\\\/wp-content\\\/uploads\\\/Fotolia_46678878_L2.jpg\",\"contentUrl\":\"https:\\\/\\\/jardineriaibiza.com\\\/wp-content\\\/uploads\\\/Fotolia_46678878_L2.jpg\",\"width\":2100,\"height\":1200},{\"@type\":\"BreadcrumbList\",\"@id\":\"https:\\\/\\\/jardineriaibiza.com\\\/de\\\/baume-und-palmen\\\/#breadcrumb\",\"itemListElement\":[{\"@type\":\"ListItem\",\"position\":1,\"name\":\"Portada\",\"item\":\"https:\\\/\\\/jardineriaibiza.com\\\/de\\\/\"},{\"@type\":\"ListItem\",\"position\":2,\"name\":\"B\u00e4ume und Palmen\"}]},{\"@type\":\"WebSite\",\"@id\":\"https:\\\/\\\/jardineriaibiza.com\\\/#website\",\"url\":\"https:\\\/\\\/jardineriaibiza.com\\\/\",\"name\":\"Jardiner\u00eda \u00c1ngel Fern\u00e1ndez\",\"description\":\"\",\"publisher\":{\"@id\":\"https:\\\/\\\/jardineriaibiza.com\\\/#organization\"},\"potentialAction\":[{\"@type\":\"SearchAction\",\"target\":{\"@type\":\"EntryPoint\",\"urlTemplate\":\"https:\\\/\\\/jardineriaibiza.com\\\/?s={search_term_string}\"},\"query-input\":{\"@type\":\"PropertyValueSpecification\",\"valueRequired\":true,\"valueName\":\"search_term_string\"}}],\"inLanguage\":\"de\"},{\"@type\":\"Organization\",\"@id\":\"https:\\\/\\\/jardineriaibiza.com\\\/#organization\",\"name\":\"Jardiner\u00eda \u00c1ngel Fern\u00e1ndez\",\"url\":\"https:\\\/\\\/jardineriaibiza.com\\\/\",\"logo\":{\"@type\":\"ImageObject\",\"inLanguage\":\"de\",\"@id\":\"https:\\\/\\\/jardineriaibiza.com\\\/#\\\/schema\\\/logo\\\/image\\\/\",\"url\":\"https:\\\/\\\/jardineriaibiza.com\\\/wp-content\\\/uploads\\\/Land-Love.jpg\",\"contentUrl\":\"https:\\\/\\\/jardineriaibiza.com\\\/wp-content\\\/uploads\\\/Land-Love.jpg\",\"width\":500,\"height\":500,\"caption\":\"Jardiner\u00eda \u00c1ngel Fern\u00e1ndez\"},\"image\":{\"@id\":\"https:\\\/\\\/jardineriaibiza.com\\\/#\\\/schema\\\/logo\\\/image\\\/\"}}]}<\/script>\n<!-- \/ Yoast SEO plugin. -->","yoast_head_json":{"title":"Arb\u00f3les y palmeras - Jardiner\u00eda \u00c1ngel Fern\u00e1ndez - Ibiza","description":"Podemos ofrecerle una gran variedad de palm\u00e1ceas, de diferentes tama\u00f1os, formas, ejemplares y grupos. Estas variedades se adaptan muy bien al mediterraneo","robots":{"index":"index","follow":"follow","max-snippet":"max-snippet:-1","max-image-preview":"max-image-preview:large","max-video-preview":"max-video-preview:-1"},"canonical":"https:\/\/jardineriaibiza.com\/de\/baume-und-palmen\/","og_locale":"de_DE","og_type":"article","og_title":"Arb\u00f3les y palmeras - Jardiner\u00eda \u00c1ngel Fern\u00e1ndez - Ibiza","og_description":"Podemos ofrecerle una gran variedad de palm\u00e1ceas, de diferentes tama\u00f1os, formas, ejemplares y grupos. Estas variedades se adaptan muy bien al mediterraneo","og_url":"https:\/\/jardineriaibiza.com\/de\/baume-und-palmen\/","og_site_name":"Jardiner\u00eda \u00c1ngel Fern\u00e1ndez","article_modified_time":"2016-11-29T10:53:10+00:00","og_image":[{"width":2100,"height":1200,"url":"https:\/\/jardineriaibiza.com\/wp-content\/uploads\/Fotolia_46678878_L2.jpg","type":"image\/jpeg"}],"twitter_card":"summary_large_image","schema":{"@context":"https:\/\/schema.org","@graph":[{"@type":"WebPage","@id":"https:\/\/jardineriaibiza.com\/de\/baume-und-palmen\/","url":"https:\/\/jardineriaibiza.com\/de\/baume-und-palmen\/","name":"Arb\u00f3les y palmeras - Jardiner\u00eda \u00c1ngel Fern\u00e1ndez - Ibiza","isPartOf":{"@id":"https:\/\/jardineriaibiza.com\/#website"},"primaryImageOfPage":{"@id":"https:\/\/jardineriaibiza.com\/de\/baume-und-palmen\/#primaryimage"},"image":{"@id":"https:\/\/jardineriaibiza.com\/de\/baume-und-palmen\/#primaryimage"},"thumbnailUrl":"https:\/\/jardineriaibiza.com\/wp-content\/uploads\/Fotolia_46678878_L2.jpg","datePublished":"2016-11-29T10:50:45+00:00","dateModified":"2016-11-29T10:53:10+00:00","description":"Podemos ofrecerle una gran variedad de palm\u00e1ceas, de diferentes tama\u00f1os, formas, ejemplares y grupos. Estas variedades se adaptan muy bien al mediterraneo","breadcrumb":{"@id":"https:\/\/jardineriaibiza.com\/de\/baume-und-palmen\/#breadcrumb"},"inLanguage":"de","potentialAction":[{"@type":"ReadAction","target":["https:\/\/jardineriaibiza.com\/de\/baume-und-palmen\/"]}]},{"@type":"ImageObject","inLanguage":"de","@id":"https:\/\/jardineriaibiza.com\/de\/baume-und-palmen\/#primaryimage","url":"https:\/\/jardineriaibiza.com\/wp-content\/uploads\/Fotolia_46678878_L2.jpg","contentUrl":"https:\/\/jardineriaibiza.com\/wp-content\/uploads\/Fotolia_46678878_L2.jpg","width":2100,"height":1200},{"@type":"BreadcrumbList","@id":"https:\/\/jardineriaibiza.com\/de\/baume-und-palmen\/#breadcrumb","itemListElement":[{"@type":"ListItem","position":1,"name":"Portada","item":"https:\/\/jardineriaibiza.com\/de\/"},{"@type":"ListItem","position":2,"name":"B\u00e4ume und Palmen"}]},{"@type":"WebSite","@id":"https:\/\/jardineriaibiza.com\/#website","url":"https:\/\/jardineriaibiza.com\/","name":"Jardiner\u00eda \u00c1ngel Fern\u00e1ndez","description":"","publisher":{"@id":"https:\/\/jardineriaibiza.com\/#organization"},"potentialAction":[{"@type":"SearchAction","target":{"@type":"EntryPoint","urlTemplate":"https:\/\/jardineriaibiza.com\/?s={search_term_string}"},"query-input":{"@type":"PropertyValueSpecification","valueRequired":true,"valueName":"search_term_string"}}],"inLanguage":"de"},{"@type":"Organization","@id":"https:\/\/jardineriaibiza.com\/#organization","name":"Jardiner\u00eda \u00c1ngel Fern\u00e1ndez","url":"https:\/\/jardineriaibiza.com\/","logo":{"@type":"ImageObject","inLanguage":"de","@id":"https:\/\/jardineriaibiza.com\/#\/schema\/logo\/image\/","url":"https:\/\/jardineriaibiza.com\/wp-content\/uploads\/Land-Love.jpg","contentUrl":"https:\/\/jardineriaibiza.com\/wp-content\/uploads\/Land-Love.jpg","width":500,"height":500,"caption":"Jardiner\u00eda \u00c1ngel Fern\u00e1ndez"},"image":{"@id":"https:\/\/jardineriaibiza.com\/#\/schema\/logo\/image\/"}}]}},"_links":{"self":[{"href":"https:\/\/jardineriaibiza.com\/de\/wp-json\/wp\/v2\/pages\/394","targetHints":{"allow":["GET"]}}],"collection":[{"href":"https:\/\/jardineriaibiza.com\/de\/wp-json\/wp\/v2\/pages"}],"about":[{"href":"https:\/\/jardineriaibiza.com\/de\/wp-json\/wp\/v2\/types\/page"}],"author":[{"embeddable":true,"href":"https:\/\/jardineriaibiza.com\/de\/wp-json\/wp\/v2\/users\/2"}],"replies":[{"embeddable":true,"href":"https:\/\/jardineriaibiza.com\/de\/wp-json\/wp\/v2\/comments?post=394"}],"version-history":[{"count":0,"href":"https:\/\/jardineriaibiza.com\/de\/wp-json\/wp\/v2\/pages\/394\/revisions"}],"wp:featuredmedia":[{"embeddable":true,"href":"https:\/\/jardineriaibiza.com\/de\/wp-json\/wp\/v2\/media\/289"}],"wp:attachment":[{"href":"https:\/\/jardineriaibiza.com\/de\/wp-json\/wp\/v2\/media?parent=394"}],"curies":[{"name":"wp","href":"https:\/\/api.w.org\/{rel}","templated":true}]}}