{"id":396,"date":"2016-11-29T10:50:49","date_gmt":"2016-11-29T10:50:49","guid":{"rendered":"http:\/\/jardineriaibiza.com\/?page_id=396\/"},"modified":"2016-11-29T10:54:21","modified_gmt":"2016-11-29T10:54:21","slug":"rasen-und-erde","status":"publish","type":"page","link":"https:\/\/jardineriaibiza.com\/de\/rasen-und-erde\/","title":{"rendered":"Rasen und Erde"},"content":{"rendered":"<div class=\"wpb-content-wrapper\"><p>[vc_row][vc_column][vc_column_text]Es gibt verschiedene Arten von Rasen \u2013 jeder hat seine eigenen Merkmale wie Form, Farbe und Struktur. Es gibt Rasen der besonders gut in schattigen und kalten Umgebungen gedeiht; Bermudagras ist ideal geeignet f\u00fcr gro\u00dfe G\u00e4rten mit vielen Besuchern; individuelle Beratung und eine gute Rasenwahl werden f\u00fcr Bereiche empfohlen, die bepflanzt werden sollen: egal, ob es sich hierbei um Sportbereiche, \u00f6ffentliche oder private G\u00e4rten handelt, wir passen sie so an, dass sie Ihren Anforderungen entsprechen.<\/p>\n<p>Eine gute Erdmischung zusammen mit der Bearbeitung des Bodens ist die Grundlage f\u00fcr einen Rollrasen oder eine ges\u00e4te Rasenfl\u00e4che. Die optimale Wurzelbildung f\u00f6rdert ein optimales Wachstum mit bestm\u00f6glicher Ausdauer.[\/vc_column_text][vc_gallery type=&#8220;nivo&#8220; interval=&#8220;3&#8243; images=&#8220;95&#8243; img_size=&#8220;960&#215;960&#8243;][\/vc_column][\/vc_row]<\/p>\n<\/div>","protected":false},"excerpt":{"rendered":"<p>[vc_row][vc_column][vc_column_text]Es gibt verschiedene Arten von Rasen \u2013 jeder hat seine eigenen Merkmale wie Form, Farbe und Struktur. Es gibt Rasen der besonders gut in schattigen und kalten Umgebungen gedeiht; Bermudagras ist ideal geeignet f\u00fcr gro\u00dfe G\u00e4rten mit vielen Besuchern; individuelle Beratung und eine gute Rasenwahl werden f\u00fcr Bereiche empfohlen, die bepflanzt werden sollen: egal, ob [&hellip;]<\/p>\n","protected":false},"author":2,"featured_media":253,"parent":0,"menu_order":0,"comment_status":"closed","ping_status":"closed","template":"","meta":{"rs_blank_template":"","rs_page_bg_color":"","slide_template_v7":"","footnotes":""},"class_list":["post-396","page","type-page","status-publish","has-post-thumbnail","hentry"],"yoast_head":"<!-- This site is optimized with the Yoast SEO plugin v27.4 - https:\/\/yoast.com\/product\/yoast-seo-wordpress\/ -->\n<title>Rasen und Erde - Jardiner\u00eda \u00c1ngel Fern\u00e1ndez - Trabajamos en toda Ibiza<\/title>\n<meta name=\"description\" content=\"El asesoramiento al cliente y una buena elecci\u00f3n del tipo de c\u00e9sped es crucial para que las zonas que pretendamos plantar, sea adecuadas\" \/>\n<meta name=\"robots\" content=\"index, follow, max-snippet:-1, max-image-preview:large, max-video-preview:-1\" \/>\n<link rel=\"canonical\" href=\"https:\/\/jardineriaibiza.com\/de\/rasen-und-erde\/\" \/>\n<meta property=\"og:locale\" content=\"de_DE\" \/>\n<meta property=\"og:type\" content=\"article\" \/>\n<meta property=\"og:title\" content=\"Rasen und Erde - Jardiner\u00eda \u00c1ngel Fern\u00e1ndez - Trabajamos en toda Ibiza\" \/>\n<meta property=\"og:description\" content=\"El asesoramiento al cliente y una buena elecci\u00f3n del tipo de c\u00e9sped es crucial para que las zonas que pretendamos plantar, sea adecuadas\" \/>\n<meta property=\"og:url\" content=\"https:\/\/jardineriaibiza.com\/de\/rasen-und-erde\/\" \/>\n<meta property=\"og:site_name\" content=\"Jardiner\u00eda \u00c1ngel Fern\u00e1ndez\" \/>\n<meta property=\"article:modified_time\" content=\"2016-11-29T10:54:21+00:00\" \/>\n<meta property=\"og:image\" content=\"https:\/\/jardineriaibiza.com\/wp-content\/uploads\/IMG_0437-e1399972741480.jpg\" \/>\n\t<meta property=\"og:image:width\" content=\"2100\" \/>\n\t<meta property=\"og:image:height\" content=\"1575\" \/>\n\t<meta property=\"og:image:type\" content=\"image\/jpeg\" \/>\n<meta name=\"twitter:card\" content=\"summary_large_image\" \/>\n<meta name=\"twitter:label1\" content=\"Gesch\u00e4tzte Lesezeit\" \/>\n\t<meta name=\"twitter:data1\" content=\"1\u00a0Minute\" \/>\n<script type=\"application\/ld+json\" class=\"yoast-schema-graph\">{\"@context\":\"https:\\\/\\\/schema.org\",\"@graph\":[{\"@type\":\"WebPage\",\"@id\":\"https:\\\/\\\/jardineriaibiza.com\\\/de\\\/rasen-und-erde\\\/\",\"url\":\"https:\\\/\\\/jardineriaibiza.com\\\/de\\\/rasen-und-erde\\\/\",\"name\":\"Rasen und Erde - Jardiner\u00eda \u00c1ngel Fern\u00e1ndez - Trabajamos en toda Ibiza\",\"isPartOf\":{\"@id\":\"https:\\\/\\\/jardineriaibiza.com\\\/#website\"},\"primaryImageOfPage\":{\"@id\":\"https:\\\/\\\/jardineriaibiza.com\\\/de\\\/rasen-und-erde\\\/#primaryimage\"},\"image\":{\"@id\":\"https:\\\/\\\/jardineriaibiza.com\\\/de\\\/rasen-und-erde\\\/#primaryimage\"},\"thumbnailUrl\":\"https:\\\/\\\/jardineriaibiza.com\\\/wp-content\\\/uploads\\\/IMG_0437-e1399972741480.jpg\",\"datePublished\":\"2016-11-29T10:50:49+00:00\",\"dateModified\":\"2016-11-29T10:54:21+00:00\",\"description\":\"El asesoramiento al cliente y una buena elecci\u00f3n del tipo de c\u00e9sped es crucial para que las zonas que pretendamos plantar, sea adecuadas\",\"breadcrumb\":{\"@id\":\"https:\\\/\\\/jardineriaibiza.com\\\/de\\\/rasen-und-erde\\\/#breadcrumb\"},\"inLanguage\":\"de\",\"potentialAction\":[{\"@type\":\"ReadAction\",\"target\":[\"https:\\\/\\\/jardineriaibiza.com\\\/de\\\/rasen-und-erde\\\/\"]}]},{\"@type\":\"ImageObject\",\"inLanguage\":\"de\",\"@id\":\"https:\\\/\\\/jardineriaibiza.com\\\/de\\\/rasen-und-erde\\\/#primaryimage\",\"url\":\"https:\\\/\\\/jardineriaibiza.com\\\/wp-content\\\/uploads\\\/IMG_0437-e1399972741480.jpg\",\"contentUrl\":\"https:\\\/\\\/jardineriaibiza.com\\\/wp-content\\\/uploads\\\/IMG_0437-e1399972741480.jpg\",\"width\":2100,\"height\":1575},{\"@type\":\"BreadcrumbList\",\"@id\":\"https:\\\/\\\/jardineriaibiza.com\\\/de\\\/rasen-und-erde\\\/#breadcrumb\",\"itemListElement\":[{\"@type\":\"ListItem\",\"position\":1,\"name\":\"Portada\",\"item\":\"https:\\\/\\\/jardineriaibiza.com\\\/de\\\/\"},{\"@type\":\"ListItem\",\"position\":2,\"name\":\"Rasen und Erde\"}]},{\"@type\":\"WebSite\",\"@id\":\"https:\\\/\\\/jardineriaibiza.com\\\/#website\",\"url\":\"https:\\\/\\\/jardineriaibiza.com\\\/\",\"name\":\"Jardiner\u00eda \u00c1ngel Fern\u00e1ndez\",\"description\":\"\",\"publisher\":{\"@id\":\"https:\\\/\\\/jardineriaibiza.com\\\/#organization\"},\"potentialAction\":[{\"@type\":\"SearchAction\",\"target\":{\"@type\":\"EntryPoint\",\"urlTemplate\":\"https:\\\/\\\/jardineriaibiza.com\\\/?s={search_term_string}\"},\"query-input\":{\"@type\":\"PropertyValueSpecification\",\"valueRequired\":true,\"valueName\":\"search_term_string\"}}],\"inLanguage\":\"de\"},{\"@type\":\"Organization\",\"@id\":\"https:\\\/\\\/jardineriaibiza.com\\\/#organization\",\"name\":\"Jardiner\u00eda \u00c1ngel Fern\u00e1ndez\",\"url\":\"https:\\\/\\\/jardineriaibiza.com\\\/\",\"logo\":{\"@type\":\"ImageObject\",\"inLanguage\":\"de\",\"@id\":\"https:\\\/\\\/jardineriaibiza.com\\\/#\\\/schema\\\/logo\\\/image\\\/\",\"url\":\"https:\\\/\\\/jardineriaibiza.com\\\/wp-content\\\/uploads\\\/Land-Love.jpg\",\"contentUrl\":\"https:\\\/\\\/jardineriaibiza.com\\\/wp-content\\\/uploads\\\/Land-Love.jpg\",\"width\":500,\"height\":500,\"caption\":\"Jardiner\u00eda \u00c1ngel Fern\u00e1ndez\"},\"image\":{\"@id\":\"https:\\\/\\\/jardineriaibiza.com\\\/#\\\/schema\\\/logo\\\/image\\\/\"}}]}<\/script>\n<!-- \/ Yoast SEO plugin. -->","yoast_head_json":{"title":"Rasen und Erde - Jardiner\u00eda \u00c1ngel Fern\u00e1ndez - Trabajamos en toda Ibiza","description":"El asesoramiento al cliente y una buena elecci\u00f3n del tipo de c\u00e9sped es crucial para que las zonas que pretendamos plantar, sea adecuadas","robots":{"index":"index","follow":"follow","max-snippet":"max-snippet:-1","max-image-preview":"max-image-preview:large","max-video-preview":"max-video-preview:-1"},"canonical":"https:\/\/jardineriaibiza.com\/de\/rasen-und-erde\/","og_locale":"de_DE","og_type":"article","og_title":"Rasen und Erde - Jardiner\u00eda \u00c1ngel Fern\u00e1ndez - Trabajamos en toda Ibiza","og_description":"El asesoramiento al cliente y una buena elecci\u00f3n del tipo de c\u00e9sped es crucial para que las zonas que pretendamos plantar, sea adecuadas","og_url":"https:\/\/jardineriaibiza.com\/de\/rasen-und-erde\/","og_site_name":"Jardiner\u00eda \u00c1ngel Fern\u00e1ndez","article_modified_time":"2016-11-29T10:54:21+00:00","og_image":[{"width":2100,"height":1575,"url":"https:\/\/jardineriaibiza.com\/wp-content\/uploads\/IMG_0437-e1399972741480.jpg","type":"image\/jpeg"}],"twitter_card":"summary_large_image","twitter_misc":{"Gesch\u00e4tzte Lesezeit":"1\u00a0Minute"},"schema":{"@context":"https:\/\/schema.org","@graph":[{"@type":"WebPage","@id":"https:\/\/jardineriaibiza.com\/de\/rasen-und-erde\/","url":"https:\/\/jardineriaibiza.com\/de\/rasen-und-erde\/","name":"Rasen und Erde - Jardiner\u00eda \u00c1ngel Fern\u00e1ndez - Trabajamos en toda Ibiza","isPartOf":{"@id":"https:\/\/jardineriaibiza.com\/#website"},"primaryImageOfPage":{"@id":"https:\/\/jardineriaibiza.com\/de\/rasen-und-erde\/#primaryimage"},"image":{"@id":"https:\/\/jardineriaibiza.com\/de\/rasen-und-erde\/#primaryimage"},"thumbnailUrl":"https:\/\/jardineriaibiza.com\/wp-content\/uploads\/IMG_0437-e1399972741480.jpg","datePublished":"2016-11-29T10:50:49+00:00","dateModified":"2016-11-29T10:54:21+00:00","description":"El asesoramiento al cliente y una buena elecci\u00f3n del tipo de c\u00e9sped es crucial para que las zonas que pretendamos plantar, sea adecuadas","breadcrumb":{"@id":"https:\/\/jardineriaibiza.com\/de\/rasen-und-erde\/#breadcrumb"},"inLanguage":"de","potentialAction":[{"@type":"ReadAction","target":["https:\/\/jardineriaibiza.com\/de\/rasen-und-erde\/"]}]},{"@type":"ImageObject","inLanguage":"de","@id":"https:\/\/jardineriaibiza.com\/de\/rasen-und-erde\/#primaryimage","url":"https:\/\/jardineriaibiza.com\/wp-content\/uploads\/IMG_0437-e1399972741480.jpg","contentUrl":"https:\/\/jardineriaibiza.com\/wp-content\/uploads\/IMG_0437-e1399972741480.jpg","width":2100,"height":1575},{"@type":"BreadcrumbList","@id":"https:\/\/jardineriaibiza.com\/de\/rasen-und-erde\/#breadcrumb","itemListElement":[{"@type":"ListItem","position":1,"name":"Portada","item":"https:\/\/jardineriaibiza.com\/de\/"},{"@type":"ListItem","position":2,"name":"Rasen und Erde"}]},{"@type":"WebSite","@id":"https:\/\/jardineriaibiza.com\/#website","url":"https:\/\/jardineriaibiza.com\/","name":"Jardiner\u00eda \u00c1ngel Fern\u00e1ndez","description":"","publisher":{"@id":"https:\/\/jardineriaibiza.com\/#organization"},"potentialAction":[{"@type":"SearchAction","target":{"@type":"EntryPoint","urlTemplate":"https:\/\/jardineriaibiza.com\/?s={search_term_string}"},"query-input":{"@type":"PropertyValueSpecification","valueRequired":true,"valueName":"search_term_string"}}],"inLanguage":"de"},{"@type":"Organization","@id":"https:\/\/jardineriaibiza.com\/#organization","name":"Jardiner\u00eda \u00c1ngel Fern\u00e1ndez","url":"https:\/\/jardineriaibiza.com\/","logo":{"@type":"ImageObject","inLanguage":"de","@id":"https:\/\/jardineriaibiza.com\/#\/schema\/logo\/image\/","url":"https:\/\/jardineriaibiza.com\/wp-content\/uploads\/Land-Love.jpg","contentUrl":"https:\/\/jardineriaibiza.com\/wp-content\/uploads\/Land-Love.jpg","width":500,"height":500,"caption":"Jardiner\u00eda \u00c1ngel Fern\u00e1ndez"},"image":{"@id":"https:\/\/jardineriaibiza.com\/#\/schema\/logo\/image\/"}}]}},"_links":{"self":[{"href":"https:\/\/jardineriaibiza.com\/de\/wp-json\/wp\/v2\/pages\/396","targetHints":{"allow":["GET"]}}],"collection":[{"href":"https:\/\/jardineriaibiza.com\/de\/wp-json\/wp\/v2\/pages"}],"about":[{"href":"https:\/\/jardineriaibiza.com\/de\/wp-json\/wp\/v2\/types\/page"}],"author":[{"embeddable":true,"href":"https:\/\/jardineriaibiza.com\/de\/wp-json\/wp\/v2\/users\/2"}],"replies":[{"embeddable":true,"href":"https:\/\/jardineriaibiza.com\/de\/wp-json\/wp\/v2\/comments?post=396"}],"version-history":[{"count":0,"href":"https:\/\/jardineriaibiza.com\/de\/wp-json\/wp\/v2\/pages\/396\/revisions"}],"wp:featuredmedia":[{"embeddable":true,"href":"https:\/\/jardineriaibiza.com\/de\/wp-json\/wp\/v2\/media\/253"}],"wp:attachment":[{"href":"https:\/\/jardineriaibiza.com\/de\/wp-json\/wp\/v2\/media?parent=396"}],"curies":[{"name":"wp","href":"https:\/\/api.w.org\/{rel}","templated":true}]}}