{"id":412,"date":"2016-11-29T10:56:30","date_gmt":"2016-11-29T10:56:30","guid":{"rendered":"http:\/\/jardineriaibiza.com\/?page_id=412\/"},"modified":"2016-11-29T11:00:01","modified_gmt":"2016-11-29T11:00:01","slug":"landschaftsgartenbeleuchtung","status":"publish","type":"page","link":"https:\/\/jardineriaibiza.com\/de\/landschaftsgartenbeleuchtung\/","title":{"rendered":"Landschaftsgartenbeleuchtung"},"content":{"rendered":"<div class=\"wpb-content-wrapper\"><p>[vc_row][vc_column][vc_column_text]Ein gut beleuchteter Garten erlaubt es uns, mehr Zeit in ihm zu verbringen, ihn mehr zu genie\u00dfen und eine harmonische Einbindung mit der Terrasse, den Wegen und Pfaden und dem Haus zu erhalten.<\/p>\n<p>Wir beraten Sie gerne und k\u00f6nnen Ihnen eine elektrische oder solare Beleuchtung einbauen.[\/vc_column_text][vc_gallery type=&#8220;nivo&#8220; interval=&#8220;3&#8243; images=&#8220;107&#8243; img_size=&#8220;960&#215;960&#8243;][\/vc_column][\/vc_row]<\/p>\n<\/div>","protected":false},"excerpt":{"rendered":"<p>[vc_row][vc_column][vc_column_text]Ein gut beleuchteter Garten erlaubt es uns, mehr Zeit in ihm zu verbringen, ihn mehr zu genie\u00dfen und eine harmonische Einbindung mit der Terrasse, den Wegen und Pfaden und dem Haus zu erhalten. Wir beraten Sie gerne und k\u00f6nnen Ihnen eine elektrische oder solare Beleuchtung einbauen.[\/vc_column_text][vc_gallery type=&#8220;nivo&#8220; interval=&#8220;3&#8243; images=&#8220;107&#8243; img_size=&#8220;960&#215;960&#8243;][\/vc_column][\/vc_row]<\/p>\n","protected":false},"author":2,"featured_media":295,"parent":0,"menu_order":0,"comment_status":"closed","ping_status":"closed","template":"","meta":{"rs_blank_template":"","rs_page_bg_color":"","slide_template_v7":"","footnotes":""},"class_list":["post-412","page","type-page","status-publish","has-post-thumbnail","hentry"],"yoast_head":"<!-- This site is optimized with the Yoast SEO plugin v27.4 - https:\/\/yoast.com\/product\/yoast-seo-wordpress\/ -->\n<title>Landschaftsgartenbeleuchtung - Jardiner\u00eda \u00c1ngel Fern\u00e1ndez - Ibiza<\/title>\n<meta name=\"description\" content=\"Un jard\u00edn bien iluminado nos permite pasar m\u00e1s tiempo en su entorno al aire libre, disfrutar m\u00e1s de \u00e9l, consiguiendo un conjunto que est\u00e9 m\u00e1s en armon\u00eda\" \/>\n<meta name=\"robots\" content=\"index, follow, max-snippet:-1, max-image-preview:large, max-video-preview:-1\" \/>\n<link rel=\"canonical\" href=\"https:\/\/jardineriaibiza.com\/de\/landschaftsgartenbeleuchtung\/\" \/>\n<meta property=\"og:locale\" content=\"de_DE\" \/>\n<meta property=\"og:type\" content=\"article\" \/>\n<meta property=\"og:title\" content=\"Landschaftsgartenbeleuchtung - Jardiner\u00eda \u00c1ngel Fern\u00e1ndez - Ibiza\" \/>\n<meta property=\"og:description\" content=\"Un jard\u00edn bien iluminado nos permite pasar m\u00e1s tiempo en su entorno al aire libre, disfrutar m\u00e1s de \u00e9l, consiguiendo un conjunto que est\u00e9 m\u00e1s en armon\u00eda\" \/>\n<meta property=\"og:url\" content=\"https:\/\/jardineriaibiza.com\/de\/landschaftsgartenbeleuchtung\/\" \/>\n<meta property=\"og:site_name\" content=\"Jardiner\u00eda \u00c1ngel Fern\u00e1ndez\" \/>\n<meta property=\"article:modified_time\" content=\"2016-11-29T11:00:01+00:00\" \/>\n<meta property=\"og:image\" content=\"https:\/\/jardineriaibiza.com\/wp-content\/uploads\/Fotolia_57040083_L2.jpg\" \/>\n\t<meta property=\"og:image:width\" content=\"2100\" \/>\n\t<meta property=\"og:image:height\" content=\"1200\" \/>\n\t<meta property=\"og:image:type\" content=\"image\/jpeg\" \/>\n<meta name=\"twitter:card\" content=\"summary_large_image\" \/>\n<script type=\"application\/ld+json\" class=\"yoast-schema-graph\">{\"@context\":\"https:\\\/\\\/schema.org\",\"@graph\":[{\"@type\":\"WebPage\",\"@id\":\"https:\\\/\\\/jardineriaibiza.com\\\/de\\\/landschaftsgartenbeleuchtung\\\/\",\"url\":\"https:\\\/\\\/jardineriaibiza.com\\\/de\\\/landschaftsgartenbeleuchtung\\\/\",\"name\":\"Landschaftsgartenbeleuchtung - Jardiner\u00eda \u00c1ngel Fern\u00e1ndez - Ibiza\",\"isPartOf\":{\"@id\":\"https:\\\/\\\/jardineriaibiza.com\\\/#website\"},\"primaryImageOfPage\":{\"@id\":\"https:\\\/\\\/jardineriaibiza.com\\\/de\\\/landschaftsgartenbeleuchtung\\\/#primaryimage\"},\"image\":{\"@id\":\"https:\\\/\\\/jardineriaibiza.com\\\/de\\\/landschaftsgartenbeleuchtung\\\/#primaryimage\"},\"thumbnailUrl\":\"https:\\\/\\\/jardineriaibiza.com\\\/wp-content\\\/uploads\\\/Fotolia_57040083_L2.jpg\",\"datePublished\":\"2016-11-29T10:56:30+00:00\",\"dateModified\":\"2016-11-29T11:00:01+00:00\",\"description\":\"Un jard\u00edn bien iluminado nos permite pasar m\u00e1s tiempo en su entorno al aire libre, disfrutar m\u00e1s de \u00e9l, consiguiendo un conjunto que est\u00e9 m\u00e1s en armon\u00eda\",\"breadcrumb\":{\"@id\":\"https:\\\/\\\/jardineriaibiza.com\\\/de\\\/landschaftsgartenbeleuchtung\\\/#breadcrumb\"},\"inLanguage\":\"de\",\"potentialAction\":[{\"@type\":\"ReadAction\",\"target\":[\"https:\\\/\\\/jardineriaibiza.com\\\/de\\\/landschaftsgartenbeleuchtung\\\/\"]}]},{\"@type\":\"ImageObject\",\"inLanguage\":\"de\",\"@id\":\"https:\\\/\\\/jardineriaibiza.com\\\/de\\\/landschaftsgartenbeleuchtung\\\/#primaryimage\",\"url\":\"https:\\\/\\\/jardineriaibiza.com\\\/wp-content\\\/uploads\\\/Fotolia_57040083_L2.jpg\",\"contentUrl\":\"https:\\\/\\\/jardineriaibiza.com\\\/wp-content\\\/uploads\\\/Fotolia_57040083_L2.jpg\",\"width\":2100,\"height\":1200},{\"@type\":\"BreadcrumbList\",\"@id\":\"https:\\\/\\\/jardineriaibiza.com\\\/de\\\/landschaftsgartenbeleuchtung\\\/#breadcrumb\",\"itemListElement\":[{\"@type\":\"ListItem\",\"position\":1,\"name\":\"Portada\",\"item\":\"https:\\\/\\\/jardineriaibiza.com\\\/de\\\/\"},{\"@type\":\"ListItem\",\"position\":2,\"name\":\"Landschaftsgartenbeleuchtung\"}]},{\"@type\":\"WebSite\",\"@id\":\"https:\\\/\\\/jardineriaibiza.com\\\/#website\",\"url\":\"https:\\\/\\\/jardineriaibiza.com\\\/\",\"name\":\"Jardiner\u00eda \u00c1ngel Fern\u00e1ndez\",\"description\":\"\",\"publisher\":{\"@id\":\"https:\\\/\\\/jardineriaibiza.com\\\/#organization\"},\"potentialAction\":[{\"@type\":\"SearchAction\",\"target\":{\"@type\":\"EntryPoint\",\"urlTemplate\":\"https:\\\/\\\/jardineriaibiza.com\\\/?s={search_term_string}\"},\"query-input\":{\"@type\":\"PropertyValueSpecification\",\"valueRequired\":true,\"valueName\":\"search_term_string\"}}],\"inLanguage\":\"de\"},{\"@type\":\"Organization\",\"@id\":\"https:\\\/\\\/jardineriaibiza.com\\\/#organization\",\"name\":\"Jardiner\u00eda \u00c1ngel Fern\u00e1ndez\",\"url\":\"https:\\\/\\\/jardineriaibiza.com\\\/\",\"logo\":{\"@type\":\"ImageObject\",\"inLanguage\":\"de\",\"@id\":\"https:\\\/\\\/jardineriaibiza.com\\\/#\\\/schema\\\/logo\\\/image\\\/\",\"url\":\"https:\\\/\\\/jardineriaibiza.com\\\/wp-content\\\/uploads\\\/Land-Love.jpg\",\"contentUrl\":\"https:\\\/\\\/jardineriaibiza.com\\\/wp-content\\\/uploads\\\/Land-Love.jpg\",\"width\":500,\"height\":500,\"caption\":\"Jardiner\u00eda \u00c1ngel Fern\u00e1ndez\"},\"image\":{\"@id\":\"https:\\\/\\\/jardineriaibiza.com\\\/#\\\/schema\\\/logo\\\/image\\\/\"}}]}<\/script>\n<!-- \/ Yoast SEO plugin. -->","yoast_head_json":{"title":"Landschaftsgartenbeleuchtung - Jardiner\u00eda \u00c1ngel Fern\u00e1ndez - Ibiza","description":"Un jard\u00edn bien iluminado nos permite pasar m\u00e1s tiempo en su entorno al aire libre, disfrutar m\u00e1s de \u00e9l, consiguiendo un conjunto que est\u00e9 m\u00e1s en armon\u00eda","robots":{"index":"index","follow":"follow","max-snippet":"max-snippet:-1","max-image-preview":"max-image-preview:large","max-video-preview":"max-video-preview:-1"},"canonical":"https:\/\/jardineriaibiza.com\/de\/landschaftsgartenbeleuchtung\/","og_locale":"de_DE","og_type":"article","og_title":"Landschaftsgartenbeleuchtung - Jardiner\u00eda \u00c1ngel Fern\u00e1ndez - Ibiza","og_description":"Un jard\u00edn bien iluminado nos permite pasar m\u00e1s tiempo en su entorno al aire libre, disfrutar m\u00e1s de \u00e9l, consiguiendo un conjunto que est\u00e9 m\u00e1s en armon\u00eda","og_url":"https:\/\/jardineriaibiza.com\/de\/landschaftsgartenbeleuchtung\/","og_site_name":"Jardiner\u00eda \u00c1ngel Fern\u00e1ndez","article_modified_time":"2016-11-29T11:00:01+00:00","og_image":[{"width":2100,"height":1200,"url":"https:\/\/jardineriaibiza.com\/wp-content\/uploads\/Fotolia_57040083_L2.jpg","type":"image\/jpeg"}],"twitter_card":"summary_large_image","schema":{"@context":"https:\/\/schema.org","@graph":[{"@type":"WebPage","@id":"https:\/\/jardineriaibiza.com\/de\/landschaftsgartenbeleuchtung\/","url":"https:\/\/jardineriaibiza.com\/de\/landschaftsgartenbeleuchtung\/","name":"Landschaftsgartenbeleuchtung - Jardiner\u00eda \u00c1ngel Fern\u00e1ndez - Ibiza","isPartOf":{"@id":"https:\/\/jardineriaibiza.com\/#website"},"primaryImageOfPage":{"@id":"https:\/\/jardineriaibiza.com\/de\/landschaftsgartenbeleuchtung\/#primaryimage"},"image":{"@id":"https:\/\/jardineriaibiza.com\/de\/landschaftsgartenbeleuchtung\/#primaryimage"},"thumbnailUrl":"https:\/\/jardineriaibiza.com\/wp-content\/uploads\/Fotolia_57040083_L2.jpg","datePublished":"2016-11-29T10:56:30+00:00","dateModified":"2016-11-29T11:00:01+00:00","description":"Un jard\u00edn bien iluminado nos permite pasar m\u00e1s tiempo en su entorno al aire libre, disfrutar m\u00e1s de \u00e9l, consiguiendo un conjunto que est\u00e9 m\u00e1s en armon\u00eda","breadcrumb":{"@id":"https:\/\/jardineriaibiza.com\/de\/landschaftsgartenbeleuchtung\/#breadcrumb"},"inLanguage":"de","potentialAction":[{"@type":"ReadAction","target":["https:\/\/jardineriaibiza.com\/de\/landschaftsgartenbeleuchtung\/"]}]},{"@type":"ImageObject","inLanguage":"de","@id":"https:\/\/jardineriaibiza.com\/de\/landschaftsgartenbeleuchtung\/#primaryimage","url":"https:\/\/jardineriaibiza.com\/wp-content\/uploads\/Fotolia_57040083_L2.jpg","contentUrl":"https:\/\/jardineriaibiza.com\/wp-content\/uploads\/Fotolia_57040083_L2.jpg","width":2100,"height":1200},{"@type":"BreadcrumbList","@id":"https:\/\/jardineriaibiza.com\/de\/landschaftsgartenbeleuchtung\/#breadcrumb","itemListElement":[{"@type":"ListItem","position":1,"name":"Portada","item":"https:\/\/jardineriaibiza.com\/de\/"},{"@type":"ListItem","position":2,"name":"Landschaftsgartenbeleuchtung"}]},{"@type":"WebSite","@id":"https:\/\/jardineriaibiza.com\/#website","url":"https:\/\/jardineriaibiza.com\/","name":"Jardiner\u00eda \u00c1ngel Fern\u00e1ndez","description":"","publisher":{"@id":"https:\/\/jardineriaibiza.com\/#organization"},"potentialAction":[{"@type":"SearchAction","target":{"@type":"EntryPoint","urlTemplate":"https:\/\/jardineriaibiza.com\/?s={search_term_string}"},"query-input":{"@type":"PropertyValueSpecification","valueRequired":true,"valueName":"search_term_string"}}],"inLanguage":"de"},{"@type":"Organization","@id":"https:\/\/jardineriaibiza.com\/#organization","name":"Jardiner\u00eda \u00c1ngel Fern\u00e1ndez","url":"https:\/\/jardineriaibiza.com\/","logo":{"@type":"ImageObject","inLanguage":"de","@id":"https:\/\/jardineriaibiza.com\/#\/schema\/logo\/image\/","url":"https:\/\/jardineriaibiza.com\/wp-content\/uploads\/Land-Love.jpg","contentUrl":"https:\/\/jardineriaibiza.com\/wp-content\/uploads\/Land-Love.jpg","width":500,"height":500,"caption":"Jardiner\u00eda \u00c1ngel Fern\u00e1ndez"},"image":{"@id":"https:\/\/jardineriaibiza.com\/#\/schema\/logo\/image\/"}}]}},"_links":{"self":[{"href":"https:\/\/jardineriaibiza.com\/de\/wp-json\/wp\/v2\/pages\/412","targetHints":{"allow":["GET"]}}],"collection":[{"href":"https:\/\/jardineriaibiza.com\/de\/wp-json\/wp\/v2\/pages"}],"about":[{"href":"https:\/\/jardineriaibiza.com\/de\/wp-json\/wp\/v2\/types\/page"}],"author":[{"embeddable":true,"href":"https:\/\/jardineriaibiza.com\/de\/wp-json\/wp\/v2\/users\/2"}],"replies":[{"embeddable":true,"href":"https:\/\/jardineriaibiza.com\/de\/wp-json\/wp\/v2\/comments?post=412"}],"version-history":[{"count":0,"href":"https:\/\/jardineriaibiza.com\/de\/wp-json\/wp\/v2\/pages\/412\/revisions"}],"wp:featuredmedia":[{"embeddable":true,"href":"https:\/\/jardineriaibiza.com\/de\/wp-json\/wp\/v2\/media\/295"}],"wp:attachment":[{"href":"https:\/\/jardineriaibiza.com\/de\/wp-json\/wp\/v2\/media?parent=412"}],"curies":[{"name":"wp","href":"https:\/\/api.w.org\/{rel}","templated":true}]}}