{"id":413,"date":"2016-11-29T10:56:32","date_gmt":"2016-11-29T10:56:32","guid":{"rendered":"http:\/\/jardineriaibiza.com\/?page_id=413\/"},"modified":"2016-11-29T11:00:33","modified_gmt":"2016-11-29T11:00:33","slug":"gartenpflege","status":"publish","type":"page","link":"https:\/\/jardineriaibiza.com\/de\/gartenpflege\/","title":{"rendered":"Gartenpflege"},"content":{"rendered":"<div class=\"wpb-content-wrapper\"><p>[vc_row][vc_column][vc_column_text]Wir bieten einen qualitativ hochwertigen Service. Egal ob der Garten gro\u00df oder klein ist, wir passen uns den Bed\u00fcrfnissen jedes Gartens an, erledigen angebrachte Arbeiten w\u00e4hrend des ganzen Jahres, episodisch oder einmalig.<\/p>\n<p>Skarifikation und Bel\u00fcftung von Rasenfl\u00e4chen, Auftragen von Kies, M\u00e4hen von Wiesen, Ausgraben von Erdreich, D\u00fcngung, Aufstockung von Pflanzen, Kontrolle und Instandhaltung von Bew\u00e4sserungsanlagen, Zur\u00fcckschneiden von Pflanzen und B\u00e4umen, usw.[\/vc_column_text][vc_gallery type=&#8220;nivo&#8220; interval=&#8220;3&#8243; images=&#8220;102,103,108&#8243; img_size=&#8220;960&#215;960&#8243;][\/vc_column][\/vc_row]<\/p>\n<\/div>","protected":false},"excerpt":{"rendered":"<p>[vc_row][vc_column][vc_column_text]Wir bieten einen qualitativ hochwertigen Service. Egal ob der Garten gro\u00df oder klein ist, wir passen uns den Bed\u00fcrfnissen jedes Gartens an, erledigen angebrachte Arbeiten w\u00e4hrend des ganzen Jahres, episodisch oder einmalig. Skarifikation und Bel\u00fcftung von Rasenfl\u00e4chen, Auftragen von Kies, M\u00e4hen von Wiesen, Ausgraben von Erdreich, D\u00fcngung, Aufstockung von Pflanzen, Kontrolle und Instandhaltung von Bew\u00e4sserungsanlagen, [&hellip;]<\/p>\n","protected":false},"author":2,"featured_media":268,"parent":0,"menu_order":0,"comment_status":"closed","ping_status":"closed","template":"","meta":{"rs_blank_template":"","rs_page_bg_color":"","slide_template_v7":"","footnotes":""},"class_list":["post-413","page","type-page","status-publish","has-post-thumbnail","hentry"],"yoast_head":"<!-- This site is optimized with the Yoast SEO plugin v27.4 - https:\/\/yoast.com\/product\/yoast-seo-wordpress\/ -->\n<title>Gartenpflege - Jardiner\u00eda \u00c1ngel Fern\u00e1ndez<\/title>\n<meta name=\"robots\" content=\"index, follow, max-snippet:-1, max-image-preview:large, max-video-preview:-1\" \/>\n<link rel=\"canonical\" href=\"https:\/\/jardineriaibiza.com\/de\/gartenpflege\/\" \/>\n<meta property=\"og:locale\" content=\"de_DE\" \/>\n<meta property=\"og:type\" content=\"article\" \/>\n<meta property=\"og:title\" content=\"Gartenpflege - Jardiner\u00eda \u00c1ngel Fern\u00e1ndez\" \/>\n<meta property=\"og:description\" content=\"[vc_row][vc_column][vc_column_text]Wir bieten einen qualitativ hochwertigen Service. Egal ob der Garten gro\u00df oder klein ist, wir passen uns den Bed\u00fcrfnissen jedes Gartens an, erledigen angebrachte Arbeiten w\u00e4hrend des ganzen Jahres, episodisch oder einmalig. Skarifikation und Bel\u00fcftung von Rasenfl\u00e4chen, Auftragen von Kies, M\u00e4hen von Wiesen, Ausgraben von Erdreich, D\u00fcngung, Aufstockung von Pflanzen, Kontrolle und Instandhaltung von Bew\u00e4sserungsanlagen, [&hellip;]\" \/>\n<meta property=\"og:url\" content=\"https:\/\/jardineriaibiza.com\/de\/gartenpflege\/\" \/>\n<meta property=\"og:site_name\" content=\"Jardiner\u00eda \u00c1ngel Fern\u00e1ndez\" \/>\n<meta property=\"article:modified_time\" content=\"2016-11-29T11:00:33+00:00\" \/>\n<meta property=\"og:image\" content=\"https:\/\/jardineriaibiza.com\/wp-content\/uploads\/009-e1399972862738.jpg\" \/>\n\t<meta property=\"og:image:width\" content=\"2100\" \/>\n\t<meta property=\"og:image:height\" content=\"1575\" \/>\n\t<meta property=\"og:image:type\" content=\"image\/jpeg\" \/>\n<meta name=\"twitter:card\" content=\"summary_large_image\" \/>\n<script type=\"application\/ld+json\" class=\"yoast-schema-graph\">{\"@context\":\"https:\\\/\\\/schema.org\",\"@graph\":[{\"@type\":\"WebPage\",\"@id\":\"https:\\\/\\\/jardineriaibiza.com\\\/de\\\/gartenpflege\\\/\",\"url\":\"https:\\\/\\\/jardineriaibiza.com\\\/de\\\/gartenpflege\\\/\",\"name\":\"Gartenpflege - Jardiner\u00eda \u00c1ngel Fern\u00e1ndez\",\"isPartOf\":{\"@id\":\"https:\\\/\\\/jardineriaibiza.com\\\/#website\"},\"primaryImageOfPage\":{\"@id\":\"https:\\\/\\\/jardineriaibiza.com\\\/de\\\/gartenpflege\\\/#primaryimage\"},\"image\":{\"@id\":\"https:\\\/\\\/jardineriaibiza.com\\\/de\\\/gartenpflege\\\/#primaryimage\"},\"thumbnailUrl\":\"https:\\\/\\\/jardineriaibiza.com\\\/wp-content\\\/uploads\\\/009-e1399972862738.jpg\",\"datePublished\":\"2016-11-29T10:56:32+00:00\",\"dateModified\":\"2016-11-29T11:00:33+00:00\",\"breadcrumb\":{\"@id\":\"https:\\\/\\\/jardineriaibiza.com\\\/de\\\/gartenpflege\\\/#breadcrumb\"},\"inLanguage\":\"de\",\"potentialAction\":[{\"@type\":\"ReadAction\",\"target\":[\"https:\\\/\\\/jardineriaibiza.com\\\/de\\\/gartenpflege\\\/\"]}]},{\"@type\":\"ImageObject\",\"inLanguage\":\"de\",\"@id\":\"https:\\\/\\\/jardineriaibiza.com\\\/de\\\/gartenpflege\\\/#primaryimage\",\"url\":\"https:\\\/\\\/jardineriaibiza.com\\\/wp-content\\\/uploads\\\/009-e1399972862738.jpg\",\"contentUrl\":\"https:\\\/\\\/jardineriaibiza.com\\\/wp-content\\\/uploads\\\/009-e1399972862738.jpg\",\"width\":2100,\"height\":1575},{\"@type\":\"BreadcrumbList\",\"@id\":\"https:\\\/\\\/jardineriaibiza.com\\\/de\\\/gartenpflege\\\/#breadcrumb\",\"itemListElement\":[{\"@type\":\"ListItem\",\"position\":1,\"name\":\"Portada\",\"item\":\"https:\\\/\\\/jardineriaibiza.com\\\/de\\\/\"},{\"@type\":\"ListItem\",\"position\":2,\"name\":\"Gartenpflege\"}]},{\"@type\":\"WebSite\",\"@id\":\"https:\\\/\\\/jardineriaibiza.com\\\/#website\",\"url\":\"https:\\\/\\\/jardineriaibiza.com\\\/\",\"name\":\"Jardiner\u00eda \u00c1ngel Fern\u00e1ndez\",\"description\":\"\",\"publisher\":{\"@id\":\"https:\\\/\\\/jardineriaibiza.com\\\/#organization\"},\"potentialAction\":[{\"@type\":\"SearchAction\",\"target\":{\"@type\":\"EntryPoint\",\"urlTemplate\":\"https:\\\/\\\/jardineriaibiza.com\\\/?s={search_term_string}\"},\"query-input\":{\"@type\":\"PropertyValueSpecification\",\"valueRequired\":true,\"valueName\":\"search_term_string\"}}],\"inLanguage\":\"de\"},{\"@type\":\"Organization\",\"@id\":\"https:\\\/\\\/jardineriaibiza.com\\\/#organization\",\"name\":\"Jardiner\u00eda \u00c1ngel Fern\u00e1ndez\",\"url\":\"https:\\\/\\\/jardineriaibiza.com\\\/\",\"logo\":{\"@type\":\"ImageObject\",\"inLanguage\":\"de\",\"@id\":\"https:\\\/\\\/jardineriaibiza.com\\\/#\\\/schema\\\/logo\\\/image\\\/\",\"url\":\"https:\\\/\\\/jardineriaibiza.com\\\/wp-content\\\/uploads\\\/Land-Love.jpg\",\"contentUrl\":\"https:\\\/\\\/jardineriaibiza.com\\\/wp-content\\\/uploads\\\/Land-Love.jpg\",\"width\":500,\"height\":500,\"caption\":\"Jardiner\u00eda \u00c1ngel Fern\u00e1ndez\"},\"image\":{\"@id\":\"https:\\\/\\\/jardineriaibiza.com\\\/#\\\/schema\\\/logo\\\/image\\\/\"}}]}<\/script>\n<!-- \/ Yoast SEO plugin. -->","yoast_head_json":{"title":"Gartenpflege - Jardiner\u00eda \u00c1ngel Fern\u00e1ndez","robots":{"index":"index","follow":"follow","max-snippet":"max-snippet:-1","max-image-preview":"max-image-preview:large","max-video-preview":"max-video-preview:-1"},"canonical":"https:\/\/jardineriaibiza.com\/de\/gartenpflege\/","og_locale":"de_DE","og_type":"article","og_title":"Gartenpflege - Jardiner\u00eda \u00c1ngel Fern\u00e1ndez","og_description":"[vc_row][vc_column][vc_column_text]Wir bieten einen qualitativ hochwertigen Service. Egal ob der Garten gro\u00df oder klein ist, wir passen uns den Bed\u00fcrfnissen jedes Gartens an, erledigen angebrachte Arbeiten w\u00e4hrend des ganzen Jahres, episodisch oder einmalig. Skarifikation und Bel\u00fcftung von Rasenfl\u00e4chen, Auftragen von Kies, M\u00e4hen von Wiesen, Ausgraben von Erdreich, D\u00fcngung, Aufstockung von Pflanzen, Kontrolle und Instandhaltung von Bew\u00e4sserungsanlagen, [&hellip;]","og_url":"https:\/\/jardineriaibiza.com\/de\/gartenpflege\/","og_site_name":"Jardiner\u00eda \u00c1ngel Fern\u00e1ndez","article_modified_time":"2016-11-29T11:00:33+00:00","og_image":[{"width":2100,"height":1575,"url":"https:\/\/jardineriaibiza.com\/wp-content\/uploads\/009-e1399972862738.jpg","type":"image\/jpeg"}],"twitter_card":"summary_large_image","schema":{"@context":"https:\/\/schema.org","@graph":[{"@type":"WebPage","@id":"https:\/\/jardineriaibiza.com\/de\/gartenpflege\/","url":"https:\/\/jardineriaibiza.com\/de\/gartenpflege\/","name":"Gartenpflege - Jardiner\u00eda \u00c1ngel Fern\u00e1ndez","isPartOf":{"@id":"https:\/\/jardineriaibiza.com\/#website"},"primaryImageOfPage":{"@id":"https:\/\/jardineriaibiza.com\/de\/gartenpflege\/#primaryimage"},"image":{"@id":"https:\/\/jardineriaibiza.com\/de\/gartenpflege\/#primaryimage"},"thumbnailUrl":"https:\/\/jardineriaibiza.com\/wp-content\/uploads\/009-e1399972862738.jpg","datePublished":"2016-11-29T10:56:32+00:00","dateModified":"2016-11-29T11:00:33+00:00","breadcrumb":{"@id":"https:\/\/jardineriaibiza.com\/de\/gartenpflege\/#breadcrumb"},"inLanguage":"de","potentialAction":[{"@type":"ReadAction","target":["https:\/\/jardineriaibiza.com\/de\/gartenpflege\/"]}]},{"@type":"ImageObject","inLanguage":"de","@id":"https:\/\/jardineriaibiza.com\/de\/gartenpflege\/#primaryimage","url":"https:\/\/jardineriaibiza.com\/wp-content\/uploads\/009-e1399972862738.jpg","contentUrl":"https:\/\/jardineriaibiza.com\/wp-content\/uploads\/009-e1399972862738.jpg","width":2100,"height":1575},{"@type":"BreadcrumbList","@id":"https:\/\/jardineriaibiza.com\/de\/gartenpflege\/#breadcrumb","itemListElement":[{"@type":"ListItem","position":1,"name":"Portada","item":"https:\/\/jardineriaibiza.com\/de\/"},{"@type":"ListItem","position":2,"name":"Gartenpflege"}]},{"@type":"WebSite","@id":"https:\/\/jardineriaibiza.com\/#website","url":"https:\/\/jardineriaibiza.com\/","name":"Jardiner\u00eda \u00c1ngel Fern\u00e1ndez","description":"","publisher":{"@id":"https:\/\/jardineriaibiza.com\/#organization"},"potentialAction":[{"@type":"SearchAction","target":{"@type":"EntryPoint","urlTemplate":"https:\/\/jardineriaibiza.com\/?s={search_term_string}"},"query-input":{"@type":"PropertyValueSpecification","valueRequired":true,"valueName":"search_term_string"}}],"inLanguage":"de"},{"@type":"Organization","@id":"https:\/\/jardineriaibiza.com\/#organization","name":"Jardiner\u00eda \u00c1ngel Fern\u00e1ndez","url":"https:\/\/jardineriaibiza.com\/","logo":{"@type":"ImageObject","inLanguage":"de","@id":"https:\/\/jardineriaibiza.com\/#\/schema\/logo\/image\/","url":"https:\/\/jardineriaibiza.com\/wp-content\/uploads\/Land-Love.jpg","contentUrl":"https:\/\/jardineriaibiza.com\/wp-content\/uploads\/Land-Love.jpg","width":500,"height":500,"caption":"Jardiner\u00eda \u00c1ngel Fern\u00e1ndez"},"image":{"@id":"https:\/\/jardineriaibiza.com\/#\/schema\/logo\/image\/"}}]}},"_links":{"self":[{"href":"https:\/\/jardineriaibiza.com\/de\/wp-json\/wp\/v2\/pages\/413","targetHints":{"allow":["GET"]}}],"collection":[{"href":"https:\/\/jardineriaibiza.com\/de\/wp-json\/wp\/v2\/pages"}],"about":[{"href":"https:\/\/jardineriaibiza.com\/de\/wp-json\/wp\/v2\/types\/page"}],"author":[{"embeddable":true,"href":"https:\/\/jardineriaibiza.com\/de\/wp-json\/wp\/v2\/users\/2"}],"replies":[{"embeddable":true,"href":"https:\/\/jardineriaibiza.com\/de\/wp-json\/wp\/v2\/comments?post=413"}],"version-history":[{"count":0,"href":"https:\/\/jardineriaibiza.com\/de\/wp-json\/wp\/v2\/pages\/413\/revisions"}],"wp:featuredmedia":[{"embeddable":true,"href":"https:\/\/jardineriaibiza.com\/de\/wp-json\/wp\/v2\/media\/268"}],"wp:attachment":[{"href":"https:\/\/jardineriaibiza.com\/de\/wp-json\/wp\/v2\/media?parent=413"}],"curies":[{"name":"wp","href":"https:\/\/api.w.org\/{rel}","templated":true}]}}