{"id":428,"date":"2016-11-29T11:02:05","date_gmt":"2016-11-29T11:02:05","guid":{"rendered":"http:\/\/jardineriaibiza.com\/?page_id=428\/"},"modified":"2016-11-29T11:05:07","modified_gmt":"2016-11-29T11:05:07","slug":"portada","status":"publish","type":"page","link":"https:\/\/jardineriaibiza.com\/de\/","title":{"rendered":"Home"},"content":{"rendered":"<p style=\"text-align: center;\">Lorem ipsum dolor sit amet, consectetur adipiscing elit. Curabitur convallis convallis eros quis lacinia. Cras purus enim, porttitor id tincidunt sed, dignissim a turpis. Suspendisse diam turpis, porta eu augue id, pharetra placerat ipsum. Praesent consectetur leo ut hendrerit ornare. Donec iaculis enim ligula, ut eleifend risus tempus nec. Vestibulum lobortis semper malesuada. Nam eu purus mollis elit luctus convallis in ut eros. Maecenas velit tellus, viverra eget iaculis eget, dignissim in velit.<\/p>\n","protected":false},"excerpt":{"rendered":"<p>Lorem ipsum dolor sit amet, consectetur adipiscing elit. Curabitur convallis convallis eros quis lacinia. Cras purus enim, porttitor id tincidunt sed, dignissim a turpis. Suspendisse diam turpis, porta eu augue id, pharetra placerat ipsum. Praesent consectetur leo ut hendrerit ornare. Donec iaculis enim ligula, ut eleifend risus tempus nec. Vestibulum lobortis semper malesuada. Nam eu [&hellip;]<\/p>\n","protected":false},"author":2,"featured_media":241,"parent":0,"menu_order":0,"comment_status":"closed","ping_status":"closed","template":"","meta":{"rs_blank_template":"","rs_page_bg_color":"","slide_template_v7":"","footnotes":""},"class_list":["post-428","page","type-page","status-publish","has-post-thumbnail","hentry"],"yoast_head":"<!-- This site is optimized with the Yoast SEO plugin v27.4 - https:\/\/yoast.com\/product\/yoast-seo-wordpress\/ -->\n<title>Servicio de jardiner\u00eda y paisajismo en Ibiza - Jardiner\u00eda \u00c1ngel Fernandez<\/title>\n<meta name=\"description\" content=\"Una empresa dedicada a jardiner\u00eda y paisajismo situada en la isla de Ibiza, con una amplia experiencia de m\u00e1s de 20 a\u00f1os ofreciendo un servicio integral\" \/>\n<meta name=\"robots\" content=\"index, follow, max-snippet:-1, max-image-preview:large, max-video-preview:-1\" \/>\n<link rel=\"canonical\" href=\"https:\/\/jardineriaibiza.com\/de\/\" \/>\n<meta property=\"og:locale\" content=\"de_DE\" \/>\n<meta property=\"og:type\" content=\"article\" \/>\n<meta property=\"og:title\" content=\"Servicio de jardiner\u00eda y paisajismo en Ibiza - Jardiner\u00eda \u00c1ngel Fernandez\" \/>\n<meta property=\"og:description\" content=\"Una empresa dedicada a jardiner\u00eda y paisajismo situada en la isla de Ibiza, con una amplia experiencia de m\u00e1s de 20 a\u00f1os ofreciendo un servicio integral\" \/>\n<meta property=\"og:url\" content=\"https:\/\/jardineriaibiza.com\/de\/\" \/>\n<meta property=\"og:site_name\" content=\"Jardiner\u00eda \u00c1ngel Fern\u00e1ndez\" \/>\n<meta property=\"article:modified_time\" content=\"2016-11-29T11:05:07+00:00\" \/>\n<meta property=\"og:image\" content=\"https:\/\/jardineriaibiza.com\/wp-content\/uploads\/portada_1.jpg\" \/>\n\t<meta property=\"og:image:width\" content=\"2100\" \/>\n\t<meta property=\"og:image:height\" content=\"1200\" \/>\n\t<meta property=\"og:image:type\" content=\"image\/jpeg\" \/>\n<meta name=\"twitter:card\" content=\"summary_large_image\" \/>\n<script type=\"application\/ld+json\" class=\"yoast-schema-graph\">{\"@context\":\"https:\\\/\\\/schema.org\",\"@graph\":[{\"@type\":\"WebPage\",\"@id\":\"https:\\\/\\\/jardineriaibiza.com\\\/de\\\/\",\"url\":\"https:\\\/\\\/jardineriaibiza.com\\\/de\\\/\",\"name\":\"Servicio de jardiner\u00eda y paisajismo en Ibiza - Jardiner\u00eda \u00c1ngel Fernandez\",\"isPartOf\":{\"@id\":\"https:\\\/\\\/jardineriaibiza.com\\\/#website\"},\"primaryImageOfPage\":{\"@id\":\"https:\\\/\\\/jardineriaibiza.com\\\/de\\\/#primaryimage\"},\"image\":{\"@id\":\"https:\\\/\\\/jardineriaibiza.com\\\/de\\\/#primaryimage\"},\"thumbnailUrl\":\"https:\\\/\\\/jardineriaibiza.com\\\/wp-content\\\/uploads\\\/portada_1.jpg\",\"datePublished\":\"2016-11-29T11:02:05+00:00\",\"dateModified\":\"2016-11-29T11:05:07+00:00\",\"description\":\"Una empresa dedicada a jardiner\u00eda y paisajismo situada en la isla de Ibiza, con una amplia experiencia de m\u00e1s de 20 a\u00f1os ofreciendo un servicio integral\",\"breadcrumb\":{\"@id\":\"https:\\\/\\\/jardineriaibiza.com\\\/de\\\/#breadcrumb\"},\"inLanguage\":\"de\",\"potentialAction\":[{\"@type\":\"ReadAction\",\"target\":[\"https:\\\/\\\/jardineriaibiza.com\\\/de\\\/\"]}]},{\"@type\":\"ImageObject\",\"inLanguage\":\"de\",\"@id\":\"https:\\\/\\\/jardineriaibiza.com\\\/de\\\/#primaryimage\",\"url\":\"https:\\\/\\\/jardineriaibiza.com\\\/wp-content\\\/uploads\\\/portada_1.jpg\",\"contentUrl\":\"https:\\\/\\\/jardineriaibiza.com\\\/wp-content\\\/uploads\\\/portada_1.jpg\",\"width\":2100,\"height\":1200,\"caption\":\"jardineria angel fernandez ibiza\"},{\"@type\":\"BreadcrumbList\",\"@id\":\"https:\\\/\\\/jardineriaibiza.com\\\/de\\\/#breadcrumb\",\"itemListElement\":[{\"@type\":\"ListItem\",\"position\":1,\"name\":\"Portada\",\"item\":\"https:\\\/\\\/jardineriaibiza.com\\\/de\\\/\"},{\"@type\":\"ListItem\",\"position\":2,\"name\":\"Home\"}]},{\"@type\":\"WebSite\",\"@id\":\"https:\\\/\\\/jardineriaibiza.com\\\/#website\",\"url\":\"https:\\\/\\\/jardineriaibiza.com\\\/\",\"name\":\"Jardiner\u00eda \u00c1ngel Fern\u00e1ndez\",\"description\":\"\",\"publisher\":{\"@id\":\"https:\\\/\\\/jardineriaibiza.com\\\/#organization\"},\"potentialAction\":[{\"@type\":\"SearchAction\",\"target\":{\"@type\":\"EntryPoint\",\"urlTemplate\":\"https:\\\/\\\/jardineriaibiza.com\\\/?s={search_term_string}\"},\"query-input\":{\"@type\":\"PropertyValueSpecification\",\"valueRequired\":true,\"valueName\":\"search_term_string\"}}],\"inLanguage\":\"de\"},{\"@type\":\"Organization\",\"@id\":\"https:\\\/\\\/jardineriaibiza.com\\\/#organization\",\"name\":\"Jardiner\u00eda \u00c1ngel Fern\u00e1ndez\",\"url\":\"https:\\\/\\\/jardineriaibiza.com\\\/\",\"logo\":{\"@type\":\"ImageObject\",\"inLanguage\":\"de\",\"@id\":\"https:\\\/\\\/jardineriaibiza.com\\\/#\\\/schema\\\/logo\\\/image\\\/\",\"url\":\"https:\\\/\\\/jardineriaibiza.com\\\/wp-content\\\/uploads\\\/Land-Love.jpg\",\"contentUrl\":\"https:\\\/\\\/jardineriaibiza.com\\\/wp-content\\\/uploads\\\/Land-Love.jpg\",\"width\":500,\"height\":500,\"caption\":\"Jardiner\u00eda \u00c1ngel Fern\u00e1ndez\"},\"image\":{\"@id\":\"https:\\\/\\\/jardineriaibiza.com\\\/#\\\/schema\\\/logo\\\/image\\\/\"}}]}<\/script>\n<!-- \/ Yoast SEO plugin. -->","yoast_head_json":{"title":"Servicio de jardiner\u00eda y paisajismo en Ibiza - Jardiner\u00eda \u00c1ngel Fernandez","description":"Una empresa dedicada a jardiner\u00eda y paisajismo situada en la isla de Ibiza, con una amplia experiencia de m\u00e1s de 20 a\u00f1os ofreciendo un servicio integral","robots":{"index":"index","follow":"follow","max-snippet":"max-snippet:-1","max-image-preview":"max-image-preview:large","max-video-preview":"max-video-preview:-1"},"canonical":"https:\/\/jardineriaibiza.com\/de\/","og_locale":"de_DE","og_type":"article","og_title":"Servicio de jardiner\u00eda y paisajismo en Ibiza - Jardiner\u00eda \u00c1ngel Fernandez","og_description":"Una empresa dedicada a jardiner\u00eda y paisajismo situada en la isla de Ibiza, con una amplia experiencia de m\u00e1s de 20 a\u00f1os ofreciendo un servicio integral","og_url":"https:\/\/jardineriaibiza.com\/de\/","og_site_name":"Jardiner\u00eda \u00c1ngel Fern\u00e1ndez","article_modified_time":"2016-11-29T11:05:07+00:00","og_image":[{"width":2100,"height":1200,"url":"https:\/\/jardineriaibiza.com\/wp-content\/uploads\/portada_1.jpg","type":"image\/jpeg"}],"twitter_card":"summary_large_image","schema":{"@context":"https:\/\/schema.org","@graph":[{"@type":"WebPage","@id":"https:\/\/jardineriaibiza.com\/de\/","url":"https:\/\/jardineriaibiza.com\/de\/","name":"Servicio de jardiner\u00eda y paisajismo en Ibiza - Jardiner\u00eda \u00c1ngel Fernandez","isPartOf":{"@id":"https:\/\/jardineriaibiza.com\/#website"},"primaryImageOfPage":{"@id":"https:\/\/jardineriaibiza.com\/de\/#primaryimage"},"image":{"@id":"https:\/\/jardineriaibiza.com\/de\/#primaryimage"},"thumbnailUrl":"https:\/\/jardineriaibiza.com\/wp-content\/uploads\/portada_1.jpg","datePublished":"2016-11-29T11:02:05+00:00","dateModified":"2016-11-29T11:05:07+00:00","description":"Una empresa dedicada a jardiner\u00eda y paisajismo situada en la isla de Ibiza, con una amplia experiencia de m\u00e1s de 20 a\u00f1os ofreciendo un servicio integral","breadcrumb":{"@id":"https:\/\/jardineriaibiza.com\/de\/#breadcrumb"},"inLanguage":"de","potentialAction":[{"@type":"ReadAction","target":["https:\/\/jardineriaibiza.com\/de\/"]}]},{"@type":"ImageObject","inLanguage":"de","@id":"https:\/\/jardineriaibiza.com\/de\/#primaryimage","url":"https:\/\/jardineriaibiza.com\/wp-content\/uploads\/portada_1.jpg","contentUrl":"https:\/\/jardineriaibiza.com\/wp-content\/uploads\/portada_1.jpg","width":2100,"height":1200,"caption":"jardineria angel fernandez ibiza"},{"@type":"BreadcrumbList","@id":"https:\/\/jardineriaibiza.com\/de\/#breadcrumb","itemListElement":[{"@type":"ListItem","position":1,"name":"Portada","item":"https:\/\/jardineriaibiza.com\/de\/"},{"@type":"ListItem","position":2,"name":"Home"}]},{"@type":"WebSite","@id":"https:\/\/jardineriaibiza.com\/#website","url":"https:\/\/jardineriaibiza.com\/","name":"Jardiner\u00eda \u00c1ngel Fern\u00e1ndez","description":"","publisher":{"@id":"https:\/\/jardineriaibiza.com\/#organization"},"potentialAction":[{"@type":"SearchAction","target":{"@type":"EntryPoint","urlTemplate":"https:\/\/jardineriaibiza.com\/?s={search_term_string}"},"query-input":{"@type":"PropertyValueSpecification","valueRequired":true,"valueName":"search_term_string"}}],"inLanguage":"de"},{"@type":"Organization","@id":"https:\/\/jardineriaibiza.com\/#organization","name":"Jardiner\u00eda \u00c1ngel Fern\u00e1ndez","url":"https:\/\/jardineriaibiza.com\/","logo":{"@type":"ImageObject","inLanguage":"de","@id":"https:\/\/jardineriaibiza.com\/#\/schema\/logo\/image\/","url":"https:\/\/jardineriaibiza.com\/wp-content\/uploads\/Land-Love.jpg","contentUrl":"https:\/\/jardineriaibiza.com\/wp-content\/uploads\/Land-Love.jpg","width":500,"height":500,"caption":"Jardiner\u00eda \u00c1ngel Fern\u00e1ndez"},"image":{"@id":"https:\/\/jardineriaibiza.com\/#\/schema\/logo\/image\/"}}]}},"_links":{"self":[{"href":"https:\/\/jardineriaibiza.com\/de\/wp-json\/wp\/v2\/pages\/428","targetHints":{"allow":["GET"]}}],"collection":[{"href":"https:\/\/jardineriaibiza.com\/de\/wp-json\/wp\/v2\/pages"}],"about":[{"href":"https:\/\/jardineriaibiza.com\/de\/wp-json\/wp\/v2\/types\/page"}],"author":[{"embeddable":true,"href":"https:\/\/jardineriaibiza.com\/de\/wp-json\/wp\/v2\/users\/2"}],"replies":[{"embeddable":true,"href":"https:\/\/jardineriaibiza.com\/de\/wp-json\/wp\/v2\/comments?post=428"}],"version-history":[{"count":0,"href":"https:\/\/jardineriaibiza.com\/de\/wp-json\/wp\/v2\/pages\/428\/revisions"}],"wp:featuredmedia":[{"embeddable":true,"href":"https:\/\/jardineriaibiza.com\/de\/wp-json\/wp\/v2\/media\/241"}],"wp:attachment":[{"href":"https:\/\/jardineriaibiza.com\/de\/wp-json\/wp\/v2\/media?parent=428"}],"curies":[{"name":"wp","href":"https:\/\/api.w.org\/{rel}","templated":true}]}}