{"id":431,"date":"2016-11-29T11:02:15","date_gmt":"2016-11-29T11:02:15","guid":{"rendered":"http:\/\/jardineriaibiza.com\/?page_id=431\/"},"modified":"2016-11-29T11:06:17","modified_gmt":"2016-11-29T11:06:17","slug":"erde-und-dunger","status":"publish","type":"page","link":"https:\/\/jardineriaibiza.com\/de\/erde-und-dunger\/","title":{"rendered":"Erde und D\u00fcnger"},"content":{"rendered":"<div class=\"wpb-content-wrapper\"><p>[vc_row][vc_column][vc_column_text]Die Auswahl an Erde und D\u00fcnger ist ein sehr wichtiger Aspekt, damit die wichtigsten Bed\u00fcrfnisse der von uns ausgew\u00e4hlten Pflanzen abgedeckt sind, sie gut gedeihen und langfristig \u00fcberdauern.<\/p>\n<p>Bei der Wahl des richtigen D\u00fcngers k\u00f6nnen wir Defizite in Pflanzen und B\u00e4umen ausgleichen, die Komposition der Kulturfl\u00e4che steigern und dadurch den Zustand der Pflanzen und B\u00e4ume verbessern.[\/vc_column_text][\/vc_column][\/vc_row]<\/p>\n<\/div>","protected":false},"excerpt":{"rendered":"<p>[vc_row][vc_column][vc_column_text]Die Auswahl an Erde und D\u00fcnger ist ein sehr wichtiger Aspekt, damit die wichtigsten Bed\u00fcrfnisse der von uns ausgew\u00e4hlten Pflanzen abgedeckt sind, sie gut gedeihen und langfristig \u00fcberdauern. Bei der Wahl des richtigen D\u00fcngers k\u00f6nnen wir Defizite in Pflanzen und B\u00e4umen ausgleichen, die Komposition der Kulturfl\u00e4che steigern und dadurch den Zustand der Pflanzen und B\u00e4ume [&hellip;]<\/p>\n","protected":false},"author":2,"featured_media":313,"parent":0,"menu_order":0,"comment_status":"closed","ping_status":"closed","template":"","meta":{"rs_blank_template":"","rs_page_bg_color":"","slide_template_v7":"","footnotes":""},"class_list":["post-431","page","type-page","status-publish","has-post-thumbnail","hentry"],"yoast_head":"<!-- This site is optimized with the Yoast SEO plugin v27.4 - https:\/\/yoast.com\/product\/yoast-seo-wordpress\/ -->\n<title>Erde und D\u00fcnger - Jardiner\u00eda \u00c1ngel Fern\u00e1ndez<\/title>\n<meta name=\"robots\" content=\"index, follow, max-snippet:-1, max-image-preview:large, max-video-preview:-1\" \/>\n<link rel=\"canonical\" href=\"https:\/\/jardineriaibiza.com\/de\/erde-und-dunger\/\" \/>\n<meta property=\"og:locale\" content=\"de_DE\" \/>\n<meta property=\"og:type\" content=\"article\" \/>\n<meta property=\"og:title\" content=\"Erde und D\u00fcnger - Jardiner\u00eda \u00c1ngel Fern\u00e1ndez\" \/>\n<meta property=\"og:description\" content=\"[vc_row][vc_column][vc_column_text]Die Auswahl an Erde und D\u00fcnger ist ein sehr wichtiger Aspekt, damit die wichtigsten Bed\u00fcrfnisse der von uns ausgew\u00e4hlten Pflanzen abgedeckt sind, sie gut gedeihen und langfristig \u00fcberdauern. Bei der Wahl des richtigen D\u00fcngers k\u00f6nnen wir Defizite in Pflanzen und B\u00e4umen ausgleichen, die Komposition der Kulturfl\u00e4che steigern und dadurch den Zustand der Pflanzen und B\u00e4ume [&hellip;]\" \/>\n<meta property=\"og:url\" content=\"https:\/\/jardineriaibiza.com\/de\/erde-und-dunger\/\" \/>\n<meta property=\"og:site_name\" content=\"Jardiner\u00eda \u00c1ngel Fern\u00e1ndez\" \/>\n<meta property=\"article:modified_time\" content=\"2016-11-29T11:06:17+00:00\" \/>\n<meta property=\"og:image\" content=\"https:\/\/jardineriaibiza.com\/wp-content\/uploads\/2IMG_1359.jpg\" \/>\n\t<meta property=\"og:image:width\" content=\"2100\" \/>\n\t<meta property=\"og:image:height\" content=\"1200\" \/>\n\t<meta property=\"og:image:type\" content=\"image\/jpeg\" \/>\n<meta name=\"twitter:card\" content=\"summary_large_image\" \/>\n<script type=\"application\/ld+json\" class=\"yoast-schema-graph\">{\"@context\":\"https:\\\/\\\/schema.org\",\"@graph\":[{\"@type\":\"WebPage\",\"@id\":\"https:\\\/\\\/jardineriaibiza.com\\\/de\\\/erde-und-dunger\\\/\",\"url\":\"https:\\\/\\\/jardineriaibiza.com\\\/de\\\/erde-und-dunger\\\/\",\"name\":\"Erde und D\u00fcnger - Jardiner\u00eda \u00c1ngel Fern\u00e1ndez\",\"isPartOf\":{\"@id\":\"https:\\\/\\\/jardineriaibiza.com\\\/#website\"},\"primaryImageOfPage\":{\"@id\":\"https:\\\/\\\/jardineriaibiza.com\\\/de\\\/erde-und-dunger\\\/#primaryimage\"},\"image\":{\"@id\":\"https:\\\/\\\/jardineriaibiza.com\\\/de\\\/erde-und-dunger\\\/#primaryimage\"},\"thumbnailUrl\":\"https:\\\/\\\/jardineriaibiza.com\\\/wp-content\\\/uploads\\\/2IMG_1359.jpg\",\"datePublished\":\"2016-11-29T11:02:15+00:00\",\"dateModified\":\"2016-11-29T11:06:17+00:00\",\"breadcrumb\":{\"@id\":\"https:\\\/\\\/jardineriaibiza.com\\\/de\\\/erde-und-dunger\\\/#breadcrumb\"},\"inLanguage\":\"de\",\"potentialAction\":[{\"@type\":\"ReadAction\",\"target\":[\"https:\\\/\\\/jardineriaibiza.com\\\/de\\\/erde-und-dunger\\\/\"]}]},{\"@type\":\"ImageObject\",\"inLanguage\":\"de\",\"@id\":\"https:\\\/\\\/jardineriaibiza.com\\\/de\\\/erde-und-dunger\\\/#primaryimage\",\"url\":\"https:\\\/\\\/jardineriaibiza.com\\\/wp-content\\\/uploads\\\/2IMG_1359.jpg\",\"contentUrl\":\"https:\\\/\\\/jardineriaibiza.com\\\/wp-content\\\/uploads\\\/2IMG_1359.jpg\",\"width\":2100,\"height\":1200},{\"@type\":\"BreadcrumbList\",\"@id\":\"https:\\\/\\\/jardineriaibiza.com\\\/de\\\/erde-und-dunger\\\/#breadcrumb\",\"itemListElement\":[{\"@type\":\"ListItem\",\"position\":1,\"name\":\"Portada\",\"item\":\"https:\\\/\\\/jardineriaibiza.com\\\/de\\\/\"},{\"@type\":\"ListItem\",\"position\":2,\"name\":\"Erde und D\u00fcnger\"}]},{\"@type\":\"WebSite\",\"@id\":\"https:\\\/\\\/jardineriaibiza.com\\\/#website\",\"url\":\"https:\\\/\\\/jardineriaibiza.com\\\/\",\"name\":\"Jardiner\u00eda \u00c1ngel Fern\u00e1ndez\",\"description\":\"\",\"publisher\":{\"@id\":\"https:\\\/\\\/jardineriaibiza.com\\\/#organization\"},\"potentialAction\":[{\"@type\":\"SearchAction\",\"target\":{\"@type\":\"EntryPoint\",\"urlTemplate\":\"https:\\\/\\\/jardineriaibiza.com\\\/?s={search_term_string}\"},\"query-input\":{\"@type\":\"PropertyValueSpecification\",\"valueRequired\":true,\"valueName\":\"search_term_string\"}}],\"inLanguage\":\"de\"},{\"@type\":\"Organization\",\"@id\":\"https:\\\/\\\/jardineriaibiza.com\\\/#organization\",\"name\":\"Jardiner\u00eda \u00c1ngel Fern\u00e1ndez\",\"url\":\"https:\\\/\\\/jardineriaibiza.com\\\/\",\"logo\":{\"@type\":\"ImageObject\",\"inLanguage\":\"de\",\"@id\":\"https:\\\/\\\/jardineriaibiza.com\\\/#\\\/schema\\\/logo\\\/image\\\/\",\"url\":\"https:\\\/\\\/jardineriaibiza.com\\\/wp-content\\\/uploads\\\/Land-Love.jpg\",\"contentUrl\":\"https:\\\/\\\/jardineriaibiza.com\\\/wp-content\\\/uploads\\\/Land-Love.jpg\",\"width\":500,\"height\":500,\"caption\":\"Jardiner\u00eda \u00c1ngel Fern\u00e1ndez\"},\"image\":{\"@id\":\"https:\\\/\\\/jardineriaibiza.com\\\/#\\\/schema\\\/logo\\\/image\\\/\"}}]}<\/script>\n<!-- \/ Yoast SEO plugin. -->","yoast_head_json":{"title":"Erde und D\u00fcnger - Jardiner\u00eda \u00c1ngel Fern\u00e1ndez","robots":{"index":"index","follow":"follow","max-snippet":"max-snippet:-1","max-image-preview":"max-image-preview:large","max-video-preview":"max-video-preview:-1"},"canonical":"https:\/\/jardineriaibiza.com\/de\/erde-und-dunger\/","og_locale":"de_DE","og_type":"article","og_title":"Erde und D\u00fcnger - Jardiner\u00eda \u00c1ngel Fern\u00e1ndez","og_description":"[vc_row][vc_column][vc_column_text]Die Auswahl an Erde und D\u00fcnger ist ein sehr wichtiger Aspekt, damit die wichtigsten Bed\u00fcrfnisse der von uns ausgew\u00e4hlten Pflanzen abgedeckt sind, sie gut gedeihen und langfristig \u00fcberdauern. Bei der Wahl des richtigen D\u00fcngers k\u00f6nnen wir Defizite in Pflanzen und B\u00e4umen ausgleichen, die Komposition der Kulturfl\u00e4che steigern und dadurch den Zustand der Pflanzen und B\u00e4ume [&hellip;]","og_url":"https:\/\/jardineriaibiza.com\/de\/erde-und-dunger\/","og_site_name":"Jardiner\u00eda \u00c1ngel Fern\u00e1ndez","article_modified_time":"2016-11-29T11:06:17+00:00","og_image":[{"width":2100,"height":1200,"url":"https:\/\/jardineriaibiza.com\/wp-content\/uploads\/2IMG_1359.jpg","type":"image\/jpeg"}],"twitter_card":"summary_large_image","schema":{"@context":"https:\/\/schema.org","@graph":[{"@type":"WebPage","@id":"https:\/\/jardineriaibiza.com\/de\/erde-und-dunger\/","url":"https:\/\/jardineriaibiza.com\/de\/erde-und-dunger\/","name":"Erde und D\u00fcnger - Jardiner\u00eda \u00c1ngel Fern\u00e1ndez","isPartOf":{"@id":"https:\/\/jardineriaibiza.com\/#website"},"primaryImageOfPage":{"@id":"https:\/\/jardineriaibiza.com\/de\/erde-und-dunger\/#primaryimage"},"image":{"@id":"https:\/\/jardineriaibiza.com\/de\/erde-und-dunger\/#primaryimage"},"thumbnailUrl":"https:\/\/jardineriaibiza.com\/wp-content\/uploads\/2IMG_1359.jpg","datePublished":"2016-11-29T11:02:15+00:00","dateModified":"2016-11-29T11:06:17+00:00","breadcrumb":{"@id":"https:\/\/jardineriaibiza.com\/de\/erde-und-dunger\/#breadcrumb"},"inLanguage":"de","potentialAction":[{"@type":"ReadAction","target":["https:\/\/jardineriaibiza.com\/de\/erde-und-dunger\/"]}]},{"@type":"ImageObject","inLanguage":"de","@id":"https:\/\/jardineriaibiza.com\/de\/erde-und-dunger\/#primaryimage","url":"https:\/\/jardineriaibiza.com\/wp-content\/uploads\/2IMG_1359.jpg","contentUrl":"https:\/\/jardineriaibiza.com\/wp-content\/uploads\/2IMG_1359.jpg","width":2100,"height":1200},{"@type":"BreadcrumbList","@id":"https:\/\/jardineriaibiza.com\/de\/erde-und-dunger\/#breadcrumb","itemListElement":[{"@type":"ListItem","position":1,"name":"Portada","item":"https:\/\/jardineriaibiza.com\/de\/"},{"@type":"ListItem","position":2,"name":"Erde und D\u00fcnger"}]},{"@type":"WebSite","@id":"https:\/\/jardineriaibiza.com\/#website","url":"https:\/\/jardineriaibiza.com\/","name":"Jardiner\u00eda \u00c1ngel Fern\u00e1ndez","description":"","publisher":{"@id":"https:\/\/jardineriaibiza.com\/#organization"},"potentialAction":[{"@type":"SearchAction","target":{"@type":"EntryPoint","urlTemplate":"https:\/\/jardineriaibiza.com\/?s={search_term_string}"},"query-input":{"@type":"PropertyValueSpecification","valueRequired":true,"valueName":"search_term_string"}}],"inLanguage":"de"},{"@type":"Organization","@id":"https:\/\/jardineriaibiza.com\/#organization","name":"Jardiner\u00eda \u00c1ngel Fern\u00e1ndez","url":"https:\/\/jardineriaibiza.com\/","logo":{"@type":"ImageObject","inLanguage":"de","@id":"https:\/\/jardineriaibiza.com\/#\/schema\/logo\/image\/","url":"https:\/\/jardineriaibiza.com\/wp-content\/uploads\/Land-Love.jpg","contentUrl":"https:\/\/jardineriaibiza.com\/wp-content\/uploads\/Land-Love.jpg","width":500,"height":500,"caption":"Jardiner\u00eda \u00c1ngel Fern\u00e1ndez"},"image":{"@id":"https:\/\/jardineriaibiza.com\/#\/schema\/logo\/image\/"}}]}},"_links":{"self":[{"href":"https:\/\/jardineriaibiza.com\/de\/wp-json\/wp\/v2\/pages\/431","targetHints":{"allow":["GET"]}}],"collection":[{"href":"https:\/\/jardineriaibiza.com\/de\/wp-json\/wp\/v2\/pages"}],"about":[{"href":"https:\/\/jardineriaibiza.com\/de\/wp-json\/wp\/v2\/types\/page"}],"author":[{"embeddable":true,"href":"https:\/\/jardineriaibiza.com\/de\/wp-json\/wp\/v2\/users\/2"}],"replies":[{"embeddable":true,"href":"https:\/\/jardineriaibiza.com\/de\/wp-json\/wp\/v2\/comments?post=431"}],"version-history":[{"count":0,"href":"https:\/\/jardineriaibiza.com\/de\/wp-json\/wp\/v2\/pages\/431\/revisions"}],"wp:featuredmedia":[{"embeddable":true,"href":"https:\/\/jardineriaibiza.com\/de\/wp-json\/wp\/v2\/media\/313"}],"wp:attachment":[{"href":"https:\/\/jardineriaibiza.com\/de\/wp-json\/wp\/v2\/media?parent=431"}],"curies":[{"name":"wp","href":"https:\/\/api.w.org\/{rel}","templated":true}]}}