{"id":198,"date":"2014-03-28T08:00:18","date_gmt":"2014-03-28T08:00:18","guid":{"rendered":"http:\/\/jardineriaibiza.com\/en\/arboles-y-palmeras\/"},"modified":"2020-07-13T14:34:36","modified_gmt":"2020-07-13T14:34:36","slug":"trees-and-palm-trees","status":"publish","type":"page","link":"https:\/\/jardineriaibiza.com\/en\/trees-and-palm-trees\/","title":{"rendered":"Trees and Palm Trees"},"content":{"rendered":"<div class=\"wpb-content-wrapper\"><p>[vc_row][vc_column][vc_column_text]Trees are part of our environment. We can find them in parks, street alignments, gardens, etc.<\/p>\n<p>We can offer you trees from 1 metre to specimens of different kinds and varieties.<\/p>\n<p>Some of the most used species are: Maple, Cypress, Olive, Jacaranda, False Pepper, Willow, Fruit trees, Ficus, etc.<\/p>\n<p>We can offer you a great variety of palm species, of different sizes, shapes, specimens and groups. Very well adapted to Mediterranean areas; if required, we can have them transported and planted in your garden.[\/vc_column_text][\/vc_column][\/vc_row][vc_row][vc_column][vc_btn title=&#8221;Call us&#8221; color=&#8221;success&#8221; link=&#8221;url:tel%3A%2B34679906939|title:Call%20us|target:%20_blank|&#8221;][\/vc_column][\/vc_row]<\/p>\n<\/div>","protected":false},"excerpt":{"rendered":"<p>[vc_row][vc_column][vc_column_text]Trees are part of our environment. We can find them in parks, street alignments, gardens, etc. We can offer you trees from 1 metre to specimens of different kinds and varieties. Some of the most used species are: Maple, Cypress, Olive, Jacaranda, False Pepper, Willow, Fruit trees, Ficus, etc. We can offer you a great [&hellip;]<\/p>\n","protected":false},"author":2,"featured_media":287,"parent":0,"menu_order":0,"comment_status":"closed","ping_status":"closed","template":"","meta":{"rs_blank_template":"","rs_page_bg_color":"#ffffff","slide_template_v7":"","footnotes":""},"class_list":["post-198","page","type-page","status-publish","has-post-thumbnail","hentry"],"yoast_head":"<!-- This site is optimized with the Yoast SEO plugin v27.4 - https:\/\/yoast.com\/product\/yoast-seo-wordpress\/ -->\n<title>Arb\u00f3les y palmeras - Jardiner\u00eda \u00c1ngel Fern\u00e1ndez - Ibiza<\/title>\n<meta name=\"description\" content=\"Podemos ofrecerle una gran variedad de palm\u00e1ceas, de diferentes tama\u00f1os, formas, ejemplares y grupos. Estas variedades se adaptan muy bien al mediterraneo\" \/>\n<meta name=\"robots\" content=\"index, follow, max-snippet:-1, max-image-preview:large, max-video-preview:-1\" \/>\n<link rel=\"canonical\" href=\"https:\/\/jardineriaibiza.com\/en\/trees-and-palm-trees\/\" \/>\n<meta property=\"og:locale\" content=\"en_US\" \/>\n<meta property=\"og:type\" content=\"article\" \/>\n<meta property=\"og:title\" content=\"Arb\u00f3les y palmeras - Jardiner\u00eda \u00c1ngel Fern\u00e1ndez - Ibiza\" \/>\n<meta property=\"og:description\" content=\"Podemos ofrecerle una gran variedad de palm\u00e1ceas, de diferentes tama\u00f1os, formas, ejemplares y grupos. Estas variedades se adaptan muy bien al mediterraneo\" \/>\n<meta property=\"og:url\" content=\"https:\/\/jardineriaibiza.com\/en\/trees-and-palm-trees\/\" \/>\n<meta property=\"og:site_name\" content=\"Jardiner\u00eda \u00c1ngel Fern\u00e1ndez\" \/>\n<meta property=\"article:modified_time\" content=\"2020-07-13T14:34:36+00:00\" \/>\n<meta property=\"og:image\" content=\"https:\/\/jardineriaibiza.com\/wp-content\/uploads\/Fotolia_46678878_L2.jpg\" \/>\n\t<meta property=\"og:image:width\" content=\"2100\" \/>\n\t<meta property=\"og:image:height\" content=\"1200\" \/>\n\t<meta property=\"og:image:type\" content=\"image\/jpeg\" \/>\n<meta name=\"twitter:card\" content=\"summary_large_image\" \/>\n<meta name=\"twitter:label1\" content=\"Est. reading time\" \/>\n\t<meta name=\"twitter:data1\" content=\"1 minute\" \/>\n<script type=\"application\/ld+json\" class=\"yoast-schema-graph\">{\"@context\":\"https:\\\/\\\/schema.org\",\"@graph\":[{\"@type\":\"WebPage\",\"@id\":\"https:\\\/\\\/jardineriaibiza.com\\\/en\\\/trees-and-palm-trees\\\/\",\"url\":\"https:\\\/\\\/jardineriaibiza.com\\\/en\\\/trees-and-palm-trees\\\/\",\"name\":\"Arb\u00f3les y palmeras - Jardiner\u00eda \u00c1ngel Fern\u00e1ndez - Ibiza\",\"isPartOf\":{\"@id\":\"https:\\\/\\\/jardineriaibiza.com\\\/#website\"},\"primaryImageOfPage\":{\"@id\":\"https:\\\/\\\/jardineriaibiza.com\\\/en\\\/trees-and-palm-trees\\\/#primaryimage\"},\"image\":{\"@id\":\"https:\\\/\\\/jardineriaibiza.com\\\/en\\\/trees-and-palm-trees\\\/#primaryimage\"},\"thumbnailUrl\":\"https:\\\/\\\/jardineriaibiza.com\\\/wp-content\\\/uploads\\\/Fotolia_46678878_L2.jpg\",\"datePublished\":\"2014-03-28T08:00:18+00:00\",\"dateModified\":\"2020-07-13T14:34:36+00:00\",\"description\":\"Podemos ofrecerle una gran variedad de palm\u00e1ceas, de diferentes tama\u00f1os, formas, ejemplares y grupos. Estas variedades se adaptan muy bien al mediterraneo\",\"breadcrumb\":{\"@id\":\"https:\\\/\\\/jardineriaibiza.com\\\/en\\\/trees-and-palm-trees\\\/#breadcrumb\"},\"inLanguage\":\"en-US\",\"potentialAction\":[{\"@type\":\"ReadAction\",\"target\":[\"https:\\\/\\\/jardineriaibiza.com\\\/en\\\/trees-and-palm-trees\\\/\"]}]},{\"@type\":\"ImageObject\",\"inLanguage\":\"en-US\",\"@id\":\"https:\\\/\\\/jardineriaibiza.com\\\/en\\\/trees-and-palm-trees\\\/#primaryimage\",\"url\":\"https:\\\/\\\/jardineriaibiza.com\\\/wp-content\\\/uploads\\\/Fotolia_46678878_L2.jpg\",\"contentUrl\":\"https:\\\/\\\/jardineriaibiza.com\\\/wp-content\\\/uploads\\\/Fotolia_46678878_L2.jpg\",\"width\":2100,\"height\":1200},{\"@type\":\"BreadcrumbList\",\"@id\":\"https:\\\/\\\/jardineriaibiza.com\\\/en\\\/trees-and-palm-trees\\\/#breadcrumb\",\"itemListElement\":[{\"@type\":\"ListItem\",\"position\":1,\"name\":\"Portada\",\"item\":\"https:\\\/\\\/jardineriaibiza.com\\\/en\\\/\"},{\"@type\":\"ListItem\",\"position\":2,\"name\":\"Trees and Palm Trees\"}]},{\"@type\":\"WebSite\",\"@id\":\"https:\\\/\\\/jardineriaibiza.com\\\/#website\",\"url\":\"https:\\\/\\\/jardineriaibiza.com\\\/\",\"name\":\"Jardiner\u00eda \u00c1ngel Fern\u00e1ndez\",\"description\":\"\",\"publisher\":{\"@id\":\"https:\\\/\\\/jardineriaibiza.com\\\/#organization\"},\"potentialAction\":[{\"@type\":\"SearchAction\",\"target\":{\"@type\":\"EntryPoint\",\"urlTemplate\":\"https:\\\/\\\/jardineriaibiza.com\\\/?s={search_term_string}\"},\"query-input\":{\"@type\":\"PropertyValueSpecification\",\"valueRequired\":true,\"valueName\":\"search_term_string\"}}],\"inLanguage\":\"en-US\"},{\"@type\":\"Organization\",\"@id\":\"https:\\\/\\\/jardineriaibiza.com\\\/#organization\",\"name\":\"Jardiner\u00eda \u00c1ngel Fern\u00e1ndez\",\"url\":\"https:\\\/\\\/jardineriaibiza.com\\\/\",\"logo\":{\"@type\":\"ImageObject\",\"inLanguage\":\"en-US\",\"@id\":\"https:\\\/\\\/jardineriaibiza.com\\\/#\\\/schema\\\/logo\\\/image\\\/\",\"url\":\"https:\\\/\\\/jardineriaibiza.com\\\/wp-content\\\/uploads\\\/Land-Love.jpg\",\"contentUrl\":\"https:\\\/\\\/jardineriaibiza.com\\\/wp-content\\\/uploads\\\/Land-Love.jpg\",\"width\":500,\"height\":500,\"caption\":\"Jardiner\u00eda \u00c1ngel Fern\u00e1ndez\"},\"image\":{\"@id\":\"https:\\\/\\\/jardineriaibiza.com\\\/#\\\/schema\\\/logo\\\/image\\\/\"}}]}<\/script>\n<!-- \/ Yoast SEO plugin. -->","yoast_head_json":{"title":"Arb\u00f3les y palmeras - Jardiner\u00eda \u00c1ngel Fern\u00e1ndez - Ibiza","description":"Podemos ofrecerle una gran variedad de palm\u00e1ceas, de diferentes tama\u00f1os, formas, ejemplares y grupos. Estas variedades se adaptan muy bien al mediterraneo","robots":{"index":"index","follow":"follow","max-snippet":"max-snippet:-1","max-image-preview":"max-image-preview:large","max-video-preview":"max-video-preview:-1"},"canonical":"https:\/\/jardineriaibiza.com\/en\/trees-and-palm-trees\/","og_locale":"en_US","og_type":"article","og_title":"Arb\u00f3les y palmeras - Jardiner\u00eda \u00c1ngel Fern\u00e1ndez - Ibiza","og_description":"Podemos ofrecerle una gran variedad de palm\u00e1ceas, de diferentes tama\u00f1os, formas, ejemplares y grupos. Estas variedades se adaptan muy bien al mediterraneo","og_url":"https:\/\/jardineriaibiza.com\/en\/trees-and-palm-trees\/","og_site_name":"Jardiner\u00eda \u00c1ngel Fern\u00e1ndez","article_modified_time":"2020-07-13T14:34:36+00:00","og_image":[{"width":2100,"height":1200,"url":"https:\/\/jardineriaibiza.com\/wp-content\/uploads\/Fotolia_46678878_L2.jpg","type":"image\/jpeg"}],"twitter_card":"summary_large_image","twitter_misc":{"Est. reading time":"1 minute"},"schema":{"@context":"https:\/\/schema.org","@graph":[{"@type":"WebPage","@id":"https:\/\/jardineriaibiza.com\/en\/trees-and-palm-trees\/","url":"https:\/\/jardineriaibiza.com\/en\/trees-and-palm-trees\/","name":"Arb\u00f3les y palmeras - Jardiner\u00eda \u00c1ngel Fern\u00e1ndez - Ibiza","isPartOf":{"@id":"https:\/\/jardineriaibiza.com\/#website"},"primaryImageOfPage":{"@id":"https:\/\/jardineriaibiza.com\/en\/trees-and-palm-trees\/#primaryimage"},"image":{"@id":"https:\/\/jardineriaibiza.com\/en\/trees-and-palm-trees\/#primaryimage"},"thumbnailUrl":"https:\/\/jardineriaibiza.com\/wp-content\/uploads\/Fotolia_46678878_L2.jpg","datePublished":"2014-03-28T08:00:18+00:00","dateModified":"2020-07-13T14:34:36+00:00","description":"Podemos ofrecerle una gran variedad de palm\u00e1ceas, de diferentes tama\u00f1os, formas, ejemplares y grupos. Estas variedades se adaptan muy bien al mediterraneo","breadcrumb":{"@id":"https:\/\/jardineriaibiza.com\/en\/trees-and-palm-trees\/#breadcrumb"},"inLanguage":"en-US","potentialAction":[{"@type":"ReadAction","target":["https:\/\/jardineriaibiza.com\/en\/trees-and-palm-trees\/"]}]},{"@type":"ImageObject","inLanguage":"en-US","@id":"https:\/\/jardineriaibiza.com\/en\/trees-and-palm-trees\/#primaryimage","url":"https:\/\/jardineriaibiza.com\/wp-content\/uploads\/Fotolia_46678878_L2.jpg","contentUrl":"https:\/\/jardineriaibiza.com\/wp-content\/uploads\/Fotolia_46678878_L2.jpg","width":2100,"height":1200},{"@type":"BreadcrumbList","@id":"https:\/\/jardineriaibiza.com\/en\/trees-and-palm-trees\/#breadcrumb","itemListElement":[{"@type":"ListItem","position":1,"name":"Portada","item":"https:\/\/jardineriaibiza.com\/en\/"},{"@type":"ListItem","position":2,"name":"Trees and Palm Trees"}]},{"@type":"WebSite","@id":"https:\/\/jardineriaibiza.com\/#website","url":"https:\/\/jardineriaibiza.com\/","name":"Jardiner\u00eda \u00c1ngel Fern\u00e1ndez","description":"","publisher":{"@id":"https:\/\/jardineriaibiza.com\/#organization"},"potentialAction":[{"@type":"SearchAction","target":{"@type":"EntryPoint","urlTemplate":"https:\/\/jardineriaibiza.com\/?s={search_term_string}"},"query-input":{"@type":"PropertyValueSpecification","valueRequired":true,"valueName":"search_term_string"}}],"inLanguage":"en-US"},{"@type":"Organization","@id":"https:\/\/jardineriaibiza.com\/#organization","name":"Jardiner\u00eda \u00c1ngel Fern\u00e1ndez","url":"https:\/\/jardineriaibiza.com\/","logo":{"@type":"ImageObject","inLanguage":"en-US","@id":"https:\/\/jardineriaibiza.com\/#\/schema\/logo\/image\/","url":"https:\/\/jardineriaibiza.com\/wp-content\/uploads\/Land-Love.jpg","contentUrl":"https:\/\/jardineriaibiza.com\/wp-content\/uploads\/Land-Love.jpg","width":500,"height":500,"caption":"Jardiner\u00eda \u00c1ngel Fern\u00e1ndez"},"image":{"@id":"https:\/\/jardineriaibiza.com\/#\/schema\/logo\/image\/"}}]}},"_links":{"self":[{"href":"https:\/\/jardineriaibiza.com\/en\/wp-json\/wp\/v2\/pages\/198","targetHints":{"allow":["GET"]}}],"collection":[{"href":"https:\/\/jardineriaibiza.com\/en\/wp-json\/wp\/v2\/pages"}],"about":[{"href":"https:\/\/jardineriaibiza.com\/en\/wp-json\/wp\/v2\/types\/page"}],"author":[{"embeddable":true,"href":"https:\/\/jardineriaibiza.com\/en\/wp-json\/wp\/v2\/users\/2"}],"replies":[{"embeddable":true,"href":"https:\/\/jardineriaibiza.com\/en\/wp-json\/wp\/v2\/comments?post=198"}],"version-history":[{"count":0,"href":"https:\/\/jardineriaibiza.com\/en\/wp-json\/wp\/v2\/pages\/198\/revisions"}],"wp:featuredmedia":[{"embeddable":true,"href":"https:\/\/jardineriaibiza.com\/en\/wp-json\/wp\/v2\/media\/287"}],"wp:attachment":[{"href":"https:\/\/jardineriaibiza.com\/en\/wp-json\/wp\/v2\/media?parent=198"}],"curies":[{"name":"wp","href":"https:\/\/api.w.org\/{rel}","templated":true}]}}