{"id":204,"date":"2014-03-27T12:38:10","date_gmt":"2014-03-27T12:38:10","guid":{"rendered":"http:\/\/jardineriaibiza.com\/en\/flores-y-plantas\/"},"modified":"2020-07-13T16:00:29","modified_gmt":"2020-07-13T16:00:29","slug":"flowers-and-plants","status":"publish","type":"page","link":"https:\/\/jardineriaibiza.com\/en\/flowers-and-plants\/","title":{"rendered":"Flowers and plants"},"content":{"rendered":"<div class=\"wpb-content-wrapper\"><p>[vc_row][vc_column][vc_column_text]Flowers and plants come in many types, varieties, shapes and colours. A good choice of plants helps us achieve the desired effect for the environment or garden, ensuring an overall harmonious and aesthetic result.[\/vc_column_text][vc_gallery type=&#8221;nivo&#8221; interval=&#8221;3&#8243; images=&#8221;296&#8243; img_size=&#8221;960&#215;960&#8243;][\/vc_column][\/vc_row][vc_row][vc_column][vc_btn title=&#8221;Call us &#8221; color=&#8221;success&#8221; link=&#8221;url:tel%3A%2B34679906939|title:Call%20us||&#8221;][\/vc_column][\/vc_row]<\/p>\n<\/div>","protected":false},"excerpt":{"rendered":"<p>[vc_row][vc_column][vc_column_text]Flowers and plants come in many types, varieties, shapes and colours. A good choice of plants helps us achieve the desired effect for the environment or garden, ensuring an overall harmonious and aesthetic result.[\/vc_column_text][vc_gallery type=&#8221;nivo&#8221; interval=&#8221;3&#8243; images=&#8221;296&#8243; img_size=&#8221;960&#215;960&#8243;][\/vc_column][\/vc_row][vc_row][vc_column][vc_btn title=&#8221;Call us &#8221; color=&#8221;success&#8221; link=&#8221;url:tel%3A%2B34679906939|title:Call%20us||&#8221;][\/vc_column][\/vc_row]<\/p>\n","protected":false},"author":2,"featured_media":290,"parent":0,"menu_order":0,"comment_status":"open","ping_status":"closed","template":"","meta":{"rs_blank_template":"","rs_page_bg_color":"#ffffff","slide_template_v7":"","footnotes":""},"class_list":["post-204","page","type-page","status-publish","has-post-thumbnail","hentry"],"yoast_head":"<!-- This site is optimized with the Yoast SEO plugin v27.4 - https:\/\/yoast.com\/product\/yoast-seo-wordpress\/ -->\n<title>Flowers and plants - Jardiner\u00eda \u00c1ngel Fern\u00e1ndez - Ibiza<\/title>\n<meta name=\"description\" content=\"Hay flores y plantas de muchos tipos, variedades, formas y colores. Una buena elecci\u00f3n de nuestras plantas nos ayuda a conseguir el objetivo que pretendamos\" \/>\n<meta name=\"robots\" content=\"index, follow, max-snippet:-1, max-image-preview:large, max-video-preview:-1\" \/>\n<link rel=\"canonical\" href=\"https:\/\/jardineriaibiza.com\/en\/flowers-and-plants\/\" \/>\n<meta property=\"og:locale\" content=\"en_US\" \/>\n<meta property=\"og:type\" content=\"article\" \/>\n<meta property=\"og:title\" content=\"Flowers and plants - Jardiner\u00eda \u00c1ngel Fern\u00e1ndez - Ibiza\" \/>\n<meta property=\"og:description\" content=\"Hay flores y plantas de muchos tipos, variedades, formas y colores. Una buena elecci\u00f3n de nuestras plantas nos ayuda a conseguir el objetivo que pretendamos\" \/>\n<meta property=\"og:url\" content=\"https:\/\/jardineriaibiza.com\/en\/flowers-and-plants\/\" \/>\n<meta property=\"og:site_name\" content=\"Jardiner\u00eda \u00c1ngel Fern\u00e1ndez\" \/>\n<meta property=\"article:modified_time\" content=\"2020-07-13T16:00:29+00:00\" \/>\n<meta property=\"og:image\" content=\"https:\/\/jardineriaibiza.com\/wp-content\/uploads\/Fotolia_45308778_L2.jpg\" \/>\n\t<meta property=\"og:image:width\" content=\"2100\" \/>\n\t<meta property=\"og:image:height\" content=\"1200\" \/>\n\t<meta property=\"og:image:type\" content=\"image\/jpeg\" \/>\n<meta name=\"twitter:card\" content=\"summary_large_image\" \/>\n<script type=\"application\/ld+json\" class=\"yoast-schema-graph\">{\"@context\":\"https:\\\/\\\/schema.org\",\"@graph\":[{\"@type\":\"WebPage\",\"@id\":\"https:\\\/\\\/jardineriaibiza.com\\\/en\\\/flowers-and-plants\\\/\",\"url\":\"https:\\\/\\\/jardineriaibiza.com\\\/en\\\/flowers-and-plants\\\/\",\"name\":\"Flowers and plants - Jardiner\u00eda \u00c1ngel Fern\u00e1ndez - Ibiza\",\"isPartOf\":{\"@id\":\"https:\\\/\\\/jardineriaibiza.com\\\/#website\"},\"primaryImageOfPage\":{\"@id\":\"https:\\\/\\\/jardineriaibiza.com\\\/en\\\/flowers-and-plants\\\/#primaryimage\"},\"image\":{\"@id\":\"https:\\\/\\\/jardineriaibiza.com\\\/en\\\/flowers-and-plants\\\/#primaryimage\"},\"thumbnailUrl\":\"https:\\\/\\\/jardineriaibiza.com\\\/wp-content\\\/uploads\\\/Fotolia_45308778_L2.jpg\",\"datePublished\":\"2014-03-27T12:38:10+00:00\",\"dateModified\":\"2020-07-13T16:00:29+00:00\",\"description\":\"Hay flores y plantas de muchos tipos, variedades, formas y colores. Una buena elecci\u00f3n de nuestras plantas nos ayuda a conseguir el objetivo que pretendamos\",\"breadcrumb\":{\"@id\":\"https:\\\/\\\/jardineriaibiza.com\\\/en\\\/flowers-and-plants\\\/#breadcrumb\"},\"inLanguage\":\"en-US\",\"potentialAction\":[{\"@type\":\"ReadAction\",\"target\":[\"https:\\\/\\\/jardineriaibiza.com\\\/en\\\/flowers-and-plants\\\/\"]}]},{\"@type\":\"ImageObject\",\"inLanguage\":\"en-US\",\"@id\":\"https:\\\/\\\/jardineriaibiza.com\\\/en\\\/flowers-and-plants\\\/#primaryimage\",\"url\":\"https:\\\/\\\/jardineriaibiza.com\\\/wp-content\\\/uploads\\\/Fotolia_45308778_L2.jpg\",\"contentUrl\":\"https:\\\/\\\/jardineriaibiza.com\\\/wp-content\\\/uploads\\\/Fotolia_45308778_L2.jpg\",\"width\":2100,\"height\":1200},{\"@type\":\"BreadcrumbList\",\"@id\":\"https:\\\/\\\/jardineriaibiza.com\\\/en\\\/flowers-and-plants\\\/#breadcrumb\",\"itemListElement\":[{\"@type\":\"ListItem\",\"position\":1,\"name\":\"Portada\",\"item\":\"https:\\\/\\\/jardineriaibiza.com\\\/en\\\/\"},{\"@type\":\"ListItem\",\"position\":2,\"name\":\"Flowers and plants\"}]},{\"@type\":\"WebSite\",\"@id\":\"https:\\\/\\\/jardineriaibiza.com\\\/#website\",\"url\":\"https:\\\/\\\/jardineriaibiza.com\\\/\",\"name\":\"Jardiner\u00eda \u00c1ngel Fern\u00e1ndez\",\"description\":\"\",\"publisher\":{\"@id\":\"https:\\\/\\\/jardineriaibiza.com\\\/#organization\"},\"potentialAction\":[{\"@type\":\"SearchAction\",\"target\":{\"@type\":\"EntryPoint\",\"urlTemplate\":\"https:\\\/\\\/jardineriaibiza.com\\\/?s={search_term_string}\"},\"query-input\":{\"@type\":\"PropertyValueSpecification\",\"valueRequired\":true,\"valueName\":\"search_term_string\"}}],\"inLanguage\":\"en-US\"},{\"@type\":\"Organization\",\"@id\":\"https:\\\/\\\/jardineriaibiza.com\\\/#organization\",\"name\":\"Jardiner\u00eda \u00c1ngel Fern\u00e1ndez\",\"url\":\"https:\\\/\\\/jardineriaibiza.com\\\/\",\"logo\":{\"@type\":\"ImageObject\",\"inLanguage\":\"en-US\",\"@id\":\"https:\\\/\\\/jardineriaibiza.com\\\/#\\\/schema\\\/logo\\\/image\\\/\",\"url\":\"https:\\\/\\\/jardineriaibiza.com\\\/wp-content\\\/uploads\\\/Land-Love.jpg\",\"contentUrl\":\"https:\\\/\\\/jardineriaibiza.com\\\/wp-content\\\/uploads\\\/Land-Love.jpg\",\"width\":500,\"height\":500,\"caption\":\"Jardiner\u00eda \u00c1ngel Fern\u00e1ndez\"},\"image\":{\"@id\":\"https:\\\/\\\/jardineriaibiza.com\\\/#\\\/schema\\\/logo\\\/image\\\/\"}}]}<\/script>\n<!-- \/ Yoast SEO plugin. -->","yoast_head_json":{"title":"Flowers and plants - Jardiner\u00eda \u00c1ngel Fern\u00e1ndez - Ibiza","description":"Hay flores y plantas de muchos tipos, variedades, formas y colores. Una buena elecci\u00f3n de nuestras plantas nos ayuda a conseguir el objetivo que pretendamos","robots":{"index":"index","follow":"follow","max-snippet":"max-snippet:-1","max-image-preview":"max-image-preview:large","max-video-preview":"max-video-preview:-1"},"canonical":"https:\/\/jardineriaibiza.com\/en\/flowers-and-plants\/","og_locale":"en_US","og_type":"article","og_title":"Flowers and plants - Jardiner\u00eda \u00c1ngel Fern\u00e1ndez - Ibiza","og_description":"Hay flores y plantas de muchos tipos, variedades, formas y colores. Una buena elecci\u00f3n de nuestras plantas nos ayuda a conseguir el objetivo que pretendamos","og_url":"https:\/\/jardineriaibiza.com\/en\/flowers-and-plants\/","og_site_name":"Jardiner\u00eda \u00c1ngel Fern\u00e1ndez","article_modified_time":"2020-07-13T16:00:29+00:00","og_image":[{"width":2100,"height":1200,"url":"https:\/\/jardineriaibiza.com\/wp-content\/uploads\/Fotolia_45308778_L2.jpg","type":"image\/jpeg"}],"twitter_card":"summary_large_image","schema":{"@context":"https:\/\/schema.org","@graph":[{"@type":"WebPage","@id":"https:\/\/jardineriaibiza.com\/en\/flowers-and-plants\/","url":"https:\/\/jardineriaibiza.com\/en\/flowers-and-plants\/","name":"Flowers and plants - Jardiner\u00eda \u00c1ngel Fern\u00e1ndez - Ibiza","isPartOf":{"@id":"https:\/\/jardineriaibiza.com\/#website"},"primaryImageOfPage":{"@id":"https:\/\/jardineriaibiza.com\/en\/flowers-and-plants\/#primaryimage"},"image":{"@id":"https:\/\/jardineriaibiza.com\/en\/flowers-and-plants\/#primaryimage"},"thumbnailUrl":"https:\/\/jardineriaibiza.com\/wp-content\/uploads\/Fotolia_45308778_L2.jpg","datePublished":"2014-03-27T12:38:10+00:00","dateModified":"2020-07-13T16:00:29+00:00","description":"Hay flores y plantas de muchos tipos, variedades, formas y colores. Una buena elecci\u00f3n de nuestras plantas nos ayuda a conseguir el objetivo que pretendamos","breadcrumb":{"@id":"https:\/\/jardineriaibiza.com\/en\/flowers-and-plants\/#breadcrumb"},"inLanguage":"en-US","potentialAction":[{"@type":"ReadAction","target":["https:\/\/jardineriaibiza.com\/en\/flowers-and-plants\/"]}]},{"@type":"ImageObject","inLanguage":"en-US","@id":"https:\/\/jardineriaibiza.com\/en\/flowers-and-plants\/#primaryimage","url":"https:\/\/jardineriaibiza.com\/wp-content\/uploads\/Fotolia_45308778_L2.jpg","contentUrl":"https:\/\/jardineriaibiza.com\/wp-content\/uploads\/Fotolia_45308778_L2.jpg","width":2100,"height":1200},{"@type":"BreadcrumbList","@id":"https:\/\/jardineriaibiza.com\/en\/flowers-and-plants\/#breadcrumb","itemListElement":[{"@type":"ListItem","position":1,"name":"Portada","item":"https:\/\/jardineriaibiza.com\/en\/"},{"@type":"ListItem","position":2,"name":"Flowers and plants"}]},{"@type":"WebSite","@id":"https:\/\/jardineriaibiza.com\/#website","url":"https:\/\/jardineriaibiza.com\/","name":"Jardiner\u00eda \u00c1ngel Fern\u00e1ndez","description":"","publisher":{"@id":"https:\/\/jardineriaibiza.com\/#organization"},"potentialAction":[{"@type":"SearchAction","target":{"@type":"EntryPoint","urlTemplate":"https:\/\/jardineriaibiza.com\/?s={search_term_string}"},"query-input":{"@type":"PropertyValueSpecification","valueRequired":true,"valueName":"search_term_string"}}],"inLanguage":"en-US"},{"@type":"Organization","@id":"https:\/\/jardineriaibiza.com\/#organization","name":"Jardiner\u00eda \u00c1ngel Fern\u00e1ndez","url":"https:\/\/jardineriaibiza.com\/","logo":{"@type":"ImageObject","inLanguage":"en-US","@id":"https:\/\/jardineriaibiza.com\/#\/schema\/logo\/image\/","url":"https:\/\/jardineriaibiza.com\/wp-content\/uploads\/Land-Love.jpg","contentUrl":"https:\/\/jardineriaibiza.com\/wp-content\/uploads\/Land-Love.jpg","width":500,"height":500,"caption":"Jardiner\u00eda \u00c1ngel Fern\u00e1ndez"},"image":{"@id":"https:\/\/jardineriaibiza.com\/#\/schema\/logo\/image\/"}}]}},"_links":{"self":[{"href":"https:\/\/jardineriaibiza.com\/en\/wp-json\/wp\/v2\/pages\/204","targetHints":{"allow":["GET"]}}],"collection":[{"href":"https:\/\/jardineriaibiza.com\/en\/wp-json\/wp\/v2\/pages"}],"about":[{"href":"https:\/\/jardineriaibiza.com\/en\/wp-json\/wp\/v2\/types\/page"}],"author":[{"embeddable":true,"href":"https:\/\/jardineriaibiza.com\/en\/wp-json\/wp\/v2\/users\/2"}],"replies":[{"embeddable":true,"href":"https:\/\/jardineriaibiza.com\/en\/wp-json\/wp\/v2\/comments?post=204"}],"version-history":[{"count":0,"href":"https:\/\/jardineriaibiza.com\/en\/wp-json\/wp\/v2\/pages\/204\/revisions"}],"wp:featuredmedia":[{"embeddable":true,"href":"https:\/\/jardineriaibiza.com\/en\/wp-json\/wp\/v2\/media\/290"}],"wp:attachment":[{"href":"https:\/\/jardineriaibiza.com\/en\/wp-json\/wp\/v2\/media?parent=204"}],"curies":[{"name":"wp","href":"https:\/\/api.w.org\/{rel}","templated":true}]}}