{"id":206,"date":"2014-03-28T08:00:52","date_gmt":"2014-03-28T08:00:52","guid":{"rendered":"http:\/\/jardineriaibiza.com\/en\/mantenimiento-jardines\/"},"modified":"2020-07-13T16:02:58","modified_gmt":"2020-07-13T16:02:58","slug":"garden-maintenance","status":"publish","type":"page","link":"https:\/\/jardineriaibiza.com\/en\/garden-maintenance\/","title":{"rendered":"Garden Maintenance"},"content":{"rendered":"<div class=\"wpb-content-wrapper\"><p>[vc_row][vc_column][vc_column_text]We offer a quality maintenance service, whether the garden is small or large, adapting it to the needs of each garden, carrying out the appropriate works throughout the year, recurring or one-time actions.<\/p>\n<p>Scarification and aeration of lawns, gravel, mowing of meadows, digging of areas, fertilization, replenishment of plants, control and maintenance of irrigation systems, pruning of plants and trees, etc.[\/vc_column_text][vc_btn title=&#8221;Call us &#8221; color=&#8221;success&#8221;][vc_gallery type=&#8221;nivo&#8221; interval=&#8221;3&#8243; images=&#8221;266,269,278&#8243; img_size=&#8221;960&#215;960&#8243;][\/vc_column][\/vc_row][vc_row][vc_column][\/vc_column][\/vc_row]<\/p>\n<\/div>","protected":false},"excerpt":{"rendered":"<p>[vc_row][vc_column][vc_column_text]We offer a quality maintenance service, whether the garden is small or large, adapting it to the needs of each garden, carrying out the appropriate works throughout the year, recurring or one-time actions. Scarification and aeration of lawns, gravel, mowing of meadows, digging of areas, fertilization, replenishment of plants, control and maintenance of irrigation systems, [&hellip;]<\/p>\n","protected":false},"author":2,"featured_media":266,"parent":0,"menu_order":0,"comment_status":"closed","ping_status":"closed","template":"","meta":{"rs_blank_template":"","rs_page_bg_color":"#ffffff","slide_template_v7":"","footnotes":""},"class_list":["post-206","page","type-page","status-publish","has-post-thumbnail","hentry"],"yoast_head":"<!-- This site is optimized with the Yoast SEO plugin v27.4 - https:\/\/yoast.com\/product\/yoast-seo-wordpress\/ -->\n<title>Garden Maintenance - Jardiner\u00eda \u00c1ngel Fern\u00e1ndez<\/title>\n<meta name=\"robots\" content=\"index, follow, max-snippet:-1, max-image-preview:large, max-video-preview:-1\" \/>\n<link rel=\"canonical\" href=\"https:\/\/jardineriaibiza.com\/en\/garden-maintenance\/\" \/>\n<meta property=\"og:locale\" content=\"en_US\" \/>\n<meta property=\"og:type\" content=\"article\" \/>\n<meta property=\"og:title\" content=\"Garden Maintenance - Jardiner\u00eda \u00c1ngel Fern\u00e1ndez\" \/>\n<meta property=\"og:description\" content=\"[vc_row][vc_column][vc_column_text]We offer a quality maintenance service, whether the garden is small or large, adapting it to the needs of each garden, carrying out the appropriate works throughout the year, recurring or one-time actions. Scarification and aeration of lawns, gravel, mowing of meadows, digging of areas, fertilization, replenishment of plants, control and maintenance of irrigation systems, [&hellip;]\" \/>\n<meta property=\"og:url\" content=\"https:\/\/jardineriaibiza.com\/en\/garden-maintenance\/\" \/>\n<meta property=\"og:site_name\" content=\"Jardiner\u00eda \u00c1ngel Fern\u00e1ndez\" \/>\n<meta property=\"article:modified_time\" content=\"2020-07-13T16:02:58+00:00\" \/>\n<meta property=\"og:image\" content=\"https:\/\/jardineriaibiza.com\/wp-content\/uploads\/009-e1399972862738.jpg\" \/>\n\t<meta property=\"og:image:width\" content=\"2100\" \/>\n\t<meta property=\"og:image:height\" content=\"1575\" \/>\n\t<meta property=\"og:image:type\" content=\"image\/jpeg\" \/>\n<meta name=\"twitter:card\" content=\"summary_large_image\" \/>\n<script type=\"application\/ld+json\" class=\"yoast-schema-graph\">{\"@context\":\"https:\\\/\\\/schema.org\",\"@graph\":[{\"@type\":\"WebPage\",\"@id\":\"https:\\\/\\\/jardineriaibiza.com\\\/en\\\/garden-maintenance\\\/\",\"url\":\"https:\\\/\\\/jardineriaibiza.com\\\/en\\\/garden-maintenance\\\/\",\"name\":\"Garden Maintenance - Jardiner\u00eda \u00c1ngel Fern\u00e1ndez\",\"isPartOf\":{\"@id\":\"https:\\\/\\\/jardineriaibiza.com\\\/#website\"},\"primaryImageOfPage\":{\"@id\":\"https:\\\/\\\/jardineriaibiza.com\\\/en\\\/garden-maintenance\\\/#primaryimage\"},\"image\":{\"@id\":\"https:\\\/\\\/jardineriaibiza.com\\\/en\\\/garden-maintenance\\\/#primaryimage\"},\"thumbnailUrl\":\"https:\\\/\\\/jardineriaibiza.com\\\/wp-content\\\/uploads\\\/009-e1399972862738.jpg\",\"datePublished\":\"2014-03-28T08:00:52+00:00\",\"dateModified\":\"2020-07-13T16:02:58+00:00\",\"breadcrumb\":{\"@id\":\"https:\\\/\\\/jardineriaibiza.com\\\/en\\\/garden-maintenance\\\/#breadcrumb\"},\"inLanguage\":\"en-US\",\"potentialAction\":[{\"@type\":\"ReadAction\",\"target\":[\"https:\\\/\\\/jardineriaibiza.com\\\/en\\\/garden-maintenance\\\/\"]}]},{\"@type\":\"ImageObject\",\"inLanguage\":\"en-US\",\"@id\":\"https:\\\/\\\/jardineriaibiza.com\\\/en\\\/garden-maintenance\\\/#primaryimage\",\"url\":\"https:\\\/\\\/jardineriaibiza.com\\\/wp-content\\\/uploads\\\/009-e1399972862738.jpg\",\"contentUrl\":\"https:\\\/\\\/jardineriaibiza.com\\\/wp-content\\\/uploads\\\/009-e1399972862738.jpg\",\"width\":2100,\"height\":1575},{\"@type\":\"BreadcrumbList\",\"@id\":\"https:\\\/\\\/jardineriaibiza.com\\\/en\\\/garden-maintenance\\\/#breadcrumb\",\"itemListElement\":[{\"@type\":\"ListItem\",\"position\":1,\"name\":\"Portada\",\"item\":\"https:\\\/\\\/jardineriaibiza.com\\\/en\\\/\"},{\"@type\":\"ListItem\",\"position\":2,\"name\":\"Garden Maintenance\"}]},{\"@type\":\"WebSite\",\"@id\":\"https:\\\/\\\/jardineriaibiza.com\\\/#website\",\"url\":\"https:\\\/\\\/jardineriaibiza.com\\\/\",\"name\":\"Jardiner\u00eda \u00c1ngel Fern\u00e1ndez\",\"description\":\"\",\"publisher\":{\"@id\":\"https:\\\/\\\/jardineriaibiza.com\\\/#organization\"},\"potentialAction\":[{\"@type\":\"SearchAction\",\"target\":{\"@type\":\"EntryPoint\",\"urlTemplate\":\"https:\\\/\\\/jardineriaibiza.com\\\/?s={search_term_string}\"},\"query-input\":{\"@type\":\"PropertyValueSpecification\",\"valueRequired\":true,\"valueName\":\"search_term_string\"}}],\"inLanguage\":\"en-US\"},{\"@type\":\"Organization\",\"@id\":\"https:\\\/\\\/jardineriaibiza.com\\\/#organization\",\"name\":\"Jardiner\u00eda \u00c1ngel Fern\u00e1ndez\",\"url\":\"https:\\\/\\\/jardineriaibiza.com\\\/\",\"logo\":{\"@type\":\"ImageObject\",\"inLanguage\":\"en-US\",\"@id\":\"https:\\\/\\\/jardineriaibiza.com\\\/#\\\/schema\\\/logo\\\/image\\\/\",\"url\":\"https:\\\/\\\/jardineriaibiza.com\\\/wp-content\\\/uploads\\\/Land-Love.jpg\",\"contentUrl\":\"https:\\\/\\\/jardineriaibiza.com\\\/wp-content\\\/uploads\\\/Land-Love.jpg\",\"width\":500,\"height\":500,\"caption\":\"Jardiner\u00eda \u00c1ngel Fern\u00e1ndez\"},\"image\":{\"@id\":\"https:\\\/\\\/jardineriaibiza.com\\\/#\\\/schema\\\/logo\\\/image\\\/\"}}]}<\/script>\n<!-- \/ Yoast SEO plugin. -->","yoast_head_json":{"title":"Garden Maintenance - Jardiner\u00eda \u00c1ngel Fern\u00e1ndez","robots":{"index":"index","follow":"follow","max-snippet":"max-snippet:-1","max-image-preview":"max-image-preview:large","max-video-preview":"max-video-preview:-1"},"canonical":"https:\/\/jardineriaibiza.com\/en\/garden-maintenance\/","og_locale":"en_US","og_type":"article","og_title":"Garden Maintenance - Jardiner\u00eda \u00c1ngel Fern\u00e1ndez","og_description":"[vc_row][vc_column][vc_column_text]We offer a quality maintenance service, whether the garden is small or large, adapting it to the needs of each garden, carrying out the appropriate works throughout the year, recurring or one-time actions. Scarification and aeration of lawns, gravel, mowing of meadows, digging of areas, fertilization, replenishment of plants, control and maintenance of irrigation systems, [&hellip;]","og_url":"https:\/\/jardineriaibiza.com\/en\/garden-maintenance\/","og_site_name":"Jardiner\u00eda \u00c1ngel Fern\u00e1ndez","article_modified_time":"2020-07-13T16:02:58+00:00","og_image":[{"width":2100,"height":1575,"url":"https:\/\/jardineriaibiza.com\/wp-content\/uploads\/009-e1399972862738.jpg","type":"image\/jpeg"}],"twitter_card":"summary_large_image","schema":{"@context":"https:\/\/schema.org","@graph":[{"@type":"WebPage","@id":"https:\/\/jardineriaibiza.com\/en\/garden-maintenance\/","url":"https:\/\/jardineriaibiza.com\/en\/garden-maintenance\/","name":"Garden Maintenance - Jardiner\u00eda \u00c1ngel Fern\u00e1ndez","isPartOf":{"@id":"https:\/\/jardineriaibiza.com\/#website"},"primaryImageOfPage":{"@id":"https:\/\/jardineriaibiza.com\/en\/garden-maintenance\/#primaryimage"},"image":{"@id":"https:\/\/jardineriaibiza.com\/en\/garden-maintenance\/#primaryimage"},"thumbnailUrl":"https:\/\/jardineriaibiza.com\/wp-content\/uploads\/009-e1399972862738.jpg","datePublished":"2014-03-28T08:00:52+00:00","dateModified":"2020-07-13T16:02:58+00:00","breadcrumb":{"@id":"https:\/\/jardineriaibiza.com\/en\/garden-maintenance\/#breadcrumb"},"inLanguage":"en-US","potentialAction":[{"@type":"ReadAction","target":["https:\/\/jardineriaibiza.com\/en\/garden-maintenance\/"]}]},{"@type":"ImageObject","inLanguage":"en-US","@id":"https:\/\/jardineriaibiza.com\/en\/garden-maintenance\/#primaryimage","url":"https:\/\/jardineriaibiza.com\/wp-content\/uploads\/009-e1399972862738.jpg","contentUrl":"https:\/\/jardineriaibiza.com\/wp-content\/uploads\/009-e1399972862738.jpg","width":2100,"height":1575},{"@type":"BreadcrumbList","@id":"https:\/\/jardineriaibiza.com\/en\/garden-maintenance\/#breadcrumb","itemListElement":[{"@type":"ListItem","position":1,"name":"Portada","item":"https:\/\/jardineriaibiza.com\/en\/"},{"@type":"ListItem","position":2,"name":"Garden Maintenance"}]},{"@type":"WebSite","@id":"https:\/\/jardineriaibiza.com\/#website","url":"https:\/\/jardineriaibiza.com\/","name":"Jardiner\u00eda \u00c1ngel Fern\u00e1ndez","description":"","publisher":{"@id":"https:\/\/jardineriaibiza.com\/#organization"},"potentialAction":[{"@type":"SearchAction","target":{"@type":"EntryPoint","urlTemplate":"https:\/\/jardineriaibiza.com\/?s={search_term_string}"},"query-input":{"@type":"PropertyValueSpecification","valueRequired":true,"valueName":"search_term_string"}}],"inLanguage":"en-US"},{"@type":"Organization","@id":"https:\/\/jardineriaibiza.com\/#organization","name":"Jardiner\u00eda \u00c1ngel Fern\u00e1ndez","url":"https:\/\/jardineriaibiza.com\/","logo":{"@type":"ImageObject","inLanguage":"en-US","@id":"https:\/\/jardineriaibiza.com\/#\/schema\/logo\/image\/","url":"https:\/\/jardineriaibiza.com\/wp-content\/uploads\/Land-Love.jpg","contentUrl":"https:\/\/jardineriaibiza.com\/wp-content\/uploads\/Land-Love.jpg","width":500,"height":500,"caption":"Jardiner\u00eda \u00c1ngel Fern\u00e1ndez"},"image":{"@id":"https:\/\/jardineriaibiza.com\/#\/schema\/logo\/image\/"}}]}},"_links":{"self":[{"href":"https:\/\/jardineriaibiza.com\/en\/wp-json\/wp\/v2\/pages\/206","targetHints":{"allow":["GET"]}}],"collection":[{"href":"https:\/\/jardineriaibiza.com\/en\/wp-json\/wp\/v2\/pages"}],"about":[{"href":"https:\/\/jardineriaibiza.com\/en\/wp-json\/wp\/v2\/types\/page"}],"author":[{"embeddable":true,"href":"https:\/\/jardineriaibiza.com\/en\/wp-json\/wp\/v2\/users\/2"}],"replies":[{"embeddable":true,"href":"https:\/\/jardineriaibiza.com\/en\/wp-json\/wp\/v2\/comments?post=206"}],"version-history":[{"count":0,"href":"https:\/\/jardineriaibiza.com\/en\/wp-json\/wp\/v2\/pages\/206\/revisions"}],"wp:featuredmedia":[{"embeddable":true,"href":"https:\/\/jardineriaibiza.com\/en\/wp-json\/wp\/v2\/media\/266"}],"wp:attachment":[{"href":"https:\/\/jardineriaibiza.com\/en\/wp-json\/wp\/v2\/media?parent=206"}],"curies":[{"name":"wp","href":"https:\/\/api.w.org\/{rel}","templated":true}]}}