{"id":207,"date":"2014-03-28T08:07:40","date_gmt":"2014-03-28T08:07:40","guid":{"rendered":"http:\/\/jardineriaibiza.com\/en\/pavimentos-y-gravilla\/"},"modified":"2020-07-13T16:07:13","modified_gmt":"2020-07-13T16:07:13","slug":"pavements-and-gravels","status":"publish","type":"page","link":"https:\/\/jardineriaibiza.com\/en\/pavements-and-gravels\/","title":{"rendered":"Pavements and gravels"},"content":{"rendered":"<div class=\"wpb-content-wrapper\"><p>[vc_row][vc_column][vc_column_text]We use a wide variety of pavements and gravels of different types and colours to provide solutions to each area of the garden, home, pool, terraces, stairs, parking areas, path delineation, etc. We choose the most suitable to obtain the best result in each case and area.[\/vc_column_text][\/vc_column][\/vc_row][vc_row][vc_column][vc_btn title=&#8221;Call us&#8221; color=&#8221;success&#8221; link=&#8221;url:tel%3A%2B34679906939|title:Call%20us||&#8221;][\/vc_column][\/vc_row]<\/p>\n<\/div>","protected":false},"excerpt":{"rendered":"<p>[vc_row][vc_column][vc_column_text]We use a wide variety of pavements and gravels of different types and colours to provide solutions to each area of the garden, home, pool, terraces, stairs, parking areas, path delineation, etc. We choose the most suitable to obtain the best result in each case and area.[\/vc_column_text][\/vc_column][\/vc_row][vc_row][vc_column][vc_btn title=&#8221;Call us&#8221; color=&#8221;success&#8221; link=&#8221;url:tel%3A%2B34679906939|title:Call%20us||&#8221;][\/vc_column][\/vc_row]<\/p>\n","protected":false},"author":2,"featured_media":299,"parent":0,"menu_order":0,"comment_status":"closed","ping_status":"closed","template":"","meta":{"rs_blank_template":"","rs_page_bg_color":"#ffffff","slide_template_v7":"","footnotes":""},"class_list":["post-207","page","type-page","status-publish","has-post-thumbnail","hentry"],"yoast_head":"<!-- This site is optimized with the Yoast SEO plugin v27.4 - https:\/\/yoast.com\/product\/yoast-seo-wordpress\/ -->\n<title>Pavements and gravels - Jardiner\u00eda \u00c1ngel Fern\u00e1ndez<\/title>\n<meta name=\"robots\" content=\"index, follow, max-snippet:-1, max-image-preview:large, max-video-preview:-1\" \/>\n<link rel=\"canonical\" href=\"https:\/\/jardineriaibiza.com\/en\/pavements-and-gravels\/\" \/>\n<meta property=\"og:locale\" content=\"en_US\" \/>\n<meta property=\"og:type\" content=\"article\" \/>\n<meta property=\"og:title\" content=\"Pavements and gravels - Jardiner\u00eda \u00c1ngel Fern\u00e1ndez\" \/>\n<meta property=\"og:description\" content=\"[vc_row][vc_column][vc_column_text]We use a wide variety of pavements and gravels of different types and colours to provide solutions to each area of the garden, home, pool, terraces, stairs, parking areas, path delineation, etc. We choose the most suitable to obtain the best result in each case and area.[\/vc_column_text][\/vc_column][\/vc_row][vc_row][vc_column][vc_btn title=&#8221;Call us&#8221; color=&#8221;success&#8221; link=&#8221;url:tel%3A%2B34679906939|title:Call%20us||&#8221;][\/vc_column][\/vc_row]\" \/>\n<meta property=\"og:url\" content=\"https:\/\/jardineriaibiza.com\/en\/pavements-and-gravels\/\" \/>\n<meta property=\"og:site_name\" content=\"Jardiner\u00eda \u00c1ngel Fern\u00e1ndez\" \/>\n<meta property=\"article:modified_time\" content=\"2020-07-13T16:07:13+00:00\" \/>\n<meta property=\"og:image\" content=\"https:\/\/jardineriaibiza.com\/wp-content\/uploads\/2IMG_0686.jpg\" \/>\n\t<meta property=\"og:image:width\" content=\"800\" \/>\n\t<meta property=\"og:image:height\" content=\"600\" \/>\n\t<meta property=\"og:image:type\" content=\"image\/jpeg\" \/>\n<meta name=\"twitter:card\" content=\"summary_large_image\" \/>\n<script type=\"application\/ld+json\" class=\"yoast-schema-graph\">{\"@context\":\"https:\\\/\\\/schema.org\",\"@graph\":[{\"@type\":\"WebPage\",\"@id\":\"https:\\\/\\\/jardineriaibiza.com\\\/en\\\/pavements-and-gravels\\\/\",\"url\":\"https:\\\/\\\/jardineriaibiza.com\\\/en\\\/pavements-and-gravels\\\/\",\"name\":\"Pavements and gravels - Jardiner\u00eda \u00c1ngel Fern\u00e1ndez\",\"isPartOf\":{\"@id\":\"https:\\\/\\\/jardineriaibiza.com\\\/#website\"},\"primaryImageOfPage\":{\"@id\":\"https:\\\/\\\/jardineriaibiza.com\\\/en\\\/pavements-and-gravels\\\/#primaryimage\"},\"image\":{\"@id\":\"https:\\\/\\\/jardineriaibiza.com\\\/en\\\/pavements-and-gravels\\\/#primaryimage\"},\"thumbnailUrl\":\"https:\\\/\\\/jardineriaibiza.com\\\/wp-content\\\/uploads\\\/2IMG_0686.jpg\",\"datePublished\":\"2014-03-28T08:07:40+00:00\",\"dateModified\":\"2020-07-13T16:07:13+00:00\",\"breadcrumb\":{\"@id\":\"https:\\\/\\\/jardineriaibiza.com\\\/en\\\/pavements-and-gravels\\\/#breadcrumb\"},\"inLanguage\":\"en-US\",\"potentialAction\":[{\"@type\":\"ReadAction\",\"target\":[\"https:\\\/\\\/jardineriaibiza.com\\\/en\\\/pavements-and-gravels\\\/\"]}]},{\"@type\":\"ImageObject\",\"inLanguage\":\"en-US\",\"@id\":\"https:\\\/\\\/jardineriaibiza.com\\\/en\\\/pavements-and-gravels\\\/#primaryimage\",\"url\":\"https:\\\/\\\/jardineriaibiza.com\\\/wp-content\\\/uploads\\\/2IMG_0686.jpg\",\"contentUrl\":\"https:\\\/\\\/jardineriaibiza.com\\\/wp-content\\\/uploads\\\/2IMG_0686.jpg\",\"width\":800,\"height\":600},{\"@type\":\"BreadcrumbList\",\"@id\":\"https:\\\/\\\/jardineriaibiza.com\\\/en\\\/pavements-and-gravels\\\/#breadcrumb\",\"itemListElement\":[{\"@type\":\"ListItem\",\"position\":1,\"name\":\"Portada\",\"item\":\"https:\\\/\\\/jardineriaibiza.com\\\/en\\\/\"},{\"@type\":\"ListItem\",\"position\":2,\"name\":\"Pavements and gravels\"}]},{\"@type\":\"WebSite\",\"@id\":\"https:\\\/\\\/jardineriaibiza.com\\\/#website\",\"url\":\"https:\\\/\\\/jardineriaibiza.com\\\/\",\"name\":\"Jardiner\u00eda \u00c1ngel Fern\u00e1ndez\",\"description\":\"\",\"publisher\":{\"@id\":\"https:\\\/\\\/jardineriaibiza.com\\\/#organization\"},\"potentialAction\":[{\"@type\":\"SearchAction\",\"target\":{\"@type\":\"EntryPoint\",\"urlTemplate\":\"https:\\\/\\\/jardineriaibiza.com\\\/?s={search_term_string}\"},\"query-input\":{\"@type\":\"PropertyValueSpecification\",\"valueRequired\":true,\"valueName\":\"search_term_string\"}}],\"inLanguage\":\"en-US\"},{\"@type\":\"Organization\",\"@id\":\"https:\\\/\\\/jardineriaibiza.com\\\/#organization\",\"name\":\"Jardiner\u00eda \u00c1ngel Fern\u00e1ndez\",\"url\":\"https:\\\/\\\/jardineriaibiza.com\\\/\",\"logo\":{\"@type\":\"ImageObject\",\"inLanguage\":\"en-US\",\"@id\":\"https:\\\/\\\/jardineriaibiza.com\\\/#\\\/schema\\\/logo\\\/image\\\/\",\"url\":\"https:\\\/\\\/jardineriaibiza.com\\\/wp-content\\\/uploads\\\/Land-Love.jpg\",\"contentUrl\":\"https:\\\/\\\/jardineriaibiza.com\\\/wp-content\\\/uploads\\\/Land-Love.jpg\",\"width\":500,\"height\":500,\"caption\":\"Jardiner\u00eda \u00c1ngel Fern\u00e1ndez\"},\"image\":{\"@id\":\"https:\\\/\\\/jardineriaibiza.com\\\/#\\\/schema\\\/logo\\\/image\\\/\"}}]}<\/script>\n<!-- \/ Yoast SEO plugin. -->","yoast_head_json":{"title":"Pavements and gravels - Jardiner\u00eda \u00c1ngel Fern\u00e1ndez","robots":{"index":"index","follow":"follow","max-snippet":"max-snippet:-1","max-image-preview":"max-image-preview:large","max-video-preview":"max-video-preview:-1"},"canonical":"https:\/\/jardineriaibiza.com\/en\/pavements-and-gravels\/","og_locale":"en_US","og_type":"article","og_title":"Pavements and gravels - Jardiner\u00eda \u00c1ngel Fern\u00e1ndez","og_description":"[vc_row][vc_column][vc_column_text]We use a wide variety of pavements and gravels of different types and colours to provide solutions to each area of the garden, home, pool, terraces, stairs, parking areas, path delineation, etc. We choose the most suitable to obtain the best result in each case and area.[\/vc_column_text][\/vc_column][\/vc_row][vc_row][vc_column][vc_btn title=&#8221;Call us&#8221; color=&#8221;success&#8221; link=&#8221;url:tel%3A%2B34679906939|title:Call%20us||&#8221;][\/vc_column][\/vc_row]","og_url":"https:\/\/jardineriaibiza.com\/en\/pavements-and-gravels\/","og_site_name":"Jardiner\u00eda \u00c1ngel Fern\u00e1ndez","article_modified_time":"2020-07-13T16:07:13+00:00","og_image":[{"width":800,"height":600,"url":"https:\/\/jardineriaibiza.com\/wp-content\/uploads\/2IMG_0686.jpg","type":"image\/jpeg"}],"twitter_card":"summary_large_image","schema":{"@context":"https:\/\/schema.org","@graph":[{"@type":"WebPage","@id":"https:\/\/jardineriaibiza.com\/en\/pavements-and-gravels\/","url":"https:\/\/jardineriaibiza.com\/en\/pavements-and-gravels\/","name":"Pavements and gravels - Jardiner\u00eda \u00c1ngel Fern\u00e1ndez","isPartOf":{"@id":"https:\/\/jardineriaibiza.com\/#website"},"primaryImageOfPage":{"@id":"https:\/\/jardineriaibiza.com\/en\/pavements-and-gravels\/#primaryimage"},"image":{"@id":"https:\/\/jardineriaibiza.com\/en\/pavements-and-gravels\/#primaryimage"},"thumbnailUrl":"https:\/\/jardineriaibiza.com\/wp-content\/uploads\/2IMG_0686.jpg","datePublished":"2014-03-28T08:07:40+00:00","dateModified":"2020-07-13T16:07:13+00:00","breadcrumb":{"@id":"https:\/\/jardineriaibiza.com\/en\/pavements-and-gravels\/#breadcrumb"},"inLanguage":"en-US","potentialAction":[{"@type":"ReadAction","target":["https:\/\/jardineriaibiza.com\/en\/pavements-and-gravels\/"]}]},{"@type":"ImageObject","inLanguage":"en-US","@id":"https:\/\/jardineriaibiza.com\/en\/pavements-and-gravels\/#primaryimage","url":"https:\/\/jardineriaibiza.com\/wp-content\/uploads\/2IMG_0686.jpg","contentUrl":"https:\/\/jardineriaibiza.com\/wp-content\/uploads\/2IMG_0686.jpg","width":800,"height":600},{"@type":"BreadcrumbList","@id":"https:\/\/jardineriaibiza.com\/en\/pavements-and-gravels\/#breadcrumb","itemListElement":[{"@type":"ListItem","position":1,"name":"Portada","item":"https:\/\/jardineriaibiza.com\/en\/"},{"@type":"ListItem","position":2,"name":"Pavements and gravels"}]},{"@type":"WebSite","@id":"https:\/\/jardineriaibiza.com\/#website","url":"https:\/\/jardineriaibiza.com\/","name":"Jardiner\u00eda \u00c1ngel Fern\u00e1ndez","description":"","publisher":{"@id":"https:\/\/jardineriaibiza.com\/#organization"},"potentialAction":[{"@type":"SearchAction","target":{"@type":"EntryPoint","urlTemplate":"https:\/\/jardineriaibiza.com\/?s={search_term_string}"},"query-input":{"@type":"PropertyValueSpecification","valueRequired":true,"valueName":"search_term_string"}}],"inLanguage":"en-US"},{"@type":"Organization","@id":"https:\/\/jardineriaibiza.com\/#organization","name":"Jardiner\u00eda \u00c1ngel Fern\u00e1ndez","url":"https:\/\/jardineriaibiza.com\/","logo":{"@type":"ImageObject","inLanguage":"en-US","@id":"https:\/\/jardineriaibiza.com\/#\/schema\/logo\/image\/","url":"https:\/\/jardineriaibiza.com\/wp-content\/uploads\/Land-Love.jpg","contentUrl":"https:\/\/jardineriaibiza.com\/wp-content\/uploads\/Land-Love.jpg","width":500,"height":500,"caption":"Jardiner\u00eda \u00c1ngel Fern\u00e1ndez"},"image":{"@id":"https:\/\/jardineriaibiza.com\/#\/schema\/logo\/image\/"}}]}},"_links":{"self":[{"href":"https:\/\/jardineriaibiza.com\/en\/wp-json\/wp\/v2\/pages\/207","targetHints":{"allow":["GET"]}}],"collection":[{"href":"https:\/\/jardineriaibiza.com\/en\/wp-json\/wp\/v2\/pages"}],"about":[{"href":"https:\/\/jardineriaibiza.com\/en\/wp-json\/wp\/v2\/types\/page"}],"author":[{"embeddable":true,"href":"https:\/\/jardineriaibiza.com\/en\/wp-json\/wp\/v2\/users\/2"}],"replies":[{"embeddable":true,"href":"https:\/\/jardineriaibiza.com\/en\/wp-json\/wp\/v2\/comments?post=207"}],"version-history":[{"count":0,"href":"https:\/\/jardineriaibiza.com\/en\/wp-json\/wp\/v2\/pages\/207\/revisions"}],"wp:featuredmedia":[{"embeddable":true,"href":"https:\/\/jardineriaibiza.com\/en\/wp-json\/wp\/v2\/media\/299"}],"wp:attachment":[{"href":"https:\/\/jardineriaibiza.com\/en\/wp-json\/wp\/v2\/media?parent=207"}],"curies":[{"name":"wp","href":"https:\/\/api.w.org\/{rel}","templated":true}]}}