{"id":212,"date":"2014-03-28T08:03:12","date_gmt":"2014-03-28T08:03:12","guid":{"rendered":"http:\/\/jardineriaibiza.com\/en\/tierras-y-abonos\/"},"modified":"2020-07-13T16:12:17","modified_gmt":"2020-07-13T16:12:17","slug":"soils-and-fertilizers","status":"publish","type":"page","link":"https:\/\/jardineriaibiza.com\/en\/soils-and-fertilizers\/","title":{"rendered":"Soils and fertilizers"},"content":{"rendered":"<div class=\"wpb-content-wrapper\"><p>[vc_row][vc_column][vc_column_text]The choice of soils and fertilizers is a very important aspect that ensures the types of plants we select have the highest needs covered, grow well and endure over time.<\/p>\n<p>By making a good choice of fertilizers we can correct deficiencies in plants and trees, improve the composition of cropland and thereby improve the condition of plants and trees.[\/vc_column_text][\/vc_column][\/vc_row][vc_row][vc_column][vc_btn title=&#8221;Call us&#8221; color=&#8221;success&#8221; link=&#8221;url:tel%3A%2B34679906939|title:Call%20us||&#8221;][\/vc_column][\/vc_row]<\/p>\n<\/div>","protected":false},"excerpt":{"rendered":"<p>[vc_row][vc_column][vc_column_text]The choice of soils and fertilizers is a very important aspect that ensures the types of plants we select have the highest needs covered, grow well and endure over time. By making a good choice of fertilizers we can correct deficiencies in plants and trees, improve the composition of cropland and thereby improve the condition [&hellip;]<\/p>\n","protected":false},"author":2,"featured_media":311,"parent":0,"menu_order":0,"comment_status":"closed","ping_status":"closed","template":"","meta":{"rs_blank_template":"","rs_page_bg_color":"#ffffff","slide_template_v7":"","footnotes":""},"class_list":["post-212","page","type-page","status-publish","has-post-thumbnail","hentry"],"yoast_head":"<!-- This site is optimized with the Yoast SEO plugin v27.4 - https:\/\/yoast.com\/product\/yoast-seo-wordpress\/ -->\n<title>Soils and fertilizers - Jardiner\u00eda \u00c1ngel Fern\u00e1ndez<\/title>\n<meta name=\"robots\" content=\"index, follow, max-snippet:-1, max-image-preview:large, max-video-preview:-1\" \/>\n<link rel=\"canonical\" href=\"https:\/\/jardineriaibiza.com\/en\/soils-and-fertilizers\/\" \/>\n<meta property=\"og:locale\" content=\"en_US\" \/>\n<meta property=\"og:type\" content=\"article\" \/>\n<meta property=\"og:title\" content=\"Soils and fertilizers - Jardiner\u00eda \u00c1ngel Fern\u00e1ndez\" \/>\n<meta property=\"og:description\" content=\"[vc_row][vc_column][vc_column_text]The choice of soils and fertilizers is a very important aspect that ensures the types of plants we select have the highest needs covered, grow well and endure over time. By making a good choice of fertilizers we can correct deficiencies in plants and trees, improve the composition of cropland and thereby improve the condition [&hellip;]\" \/>\n<meta property=\"og:url\" content=\"https:\/\/jardineriaibiza.com\/en\/soils-and-fertilizers\/\" \/>\n<meta property=\"og:site_name\" content=\"Jardiner\u00eda \u00c1ngel Fern\u00e1ndez\" \/>\n<meta property=\"article:modified_time\" content=\"2020-07-13T16:12:17+00:00\" \/>\n<meta property=\"og:image\" content=\"https:\/\/jardineriaibiza.com\/wp-content\/uploads\/2IMG_1359.jpg\" \/>\n\t<meta property=\"og:image:width\" content=\"2100\" \/>\n\t<meta property=\"og:image:height\" content=\"1200\" \/>\n\t<meta property=\"og:image:type\" content=\"image\/jpeg\" \/>\n<meta name=\"twitter:card\" content=\"summary_large_image\" \/>\n<script type=\"application\/ld+json\" class=\"yoast-schema-graph\">{\"@context\":\"https:\\\/\\\/schema.org\",\"@graph\":[{\"@type\":\"WebPage\",\"@id\":\"https:\\\/\\\/jardineriaibiza.com\\\/en\\\/soils-and-fertilizers\\\/\",\"url\":\"https:\\\/\\\/jardineriaibiza.com\\\/en\\\/soils-and-fertilizers\\\/\",\"name\":\"Soils and fertilizers - Jardiner\u00eda \u00c1ngel Fern\u00e1ndez\",\"isPartOf\":{\"@id\":\"https:\\\/\\\/jardineriaibiza.com\\\/#website\"},\"primaryImageOfPage\":{\"@id\":\"https:\\\/\\\/jardineriaibiza.com\\\/en\\\/soils-and-fertilizers\\\/#primaryimage\"},\"image\":{\"@id\":\"https:\\\/\\\/jardineriaibiza.com\\\/en\\\/soils-and-fertilizers\\\/#primaryimage\"},\"thumbnailUrl\":\"https:\\\/\\\/jardineriaibiza.com\\\/wp-content\\\/uploads\\\/2IMG_1359.jpg\",\"datePublished\":\"2014-03-28T08:03:12+00:00\",\"dateModified\":\"2020-07-13T16:12:17+00:00\",\"breadcrumb\":{\"@id\":\"https:\\\/\\\/jardineriaibiza.com\\\/en\\\/soils-and-fertilizers\\\/#breadcrumb\"},\"inLanguage\":\"en-US\",\"potentialAction\":[{\"@type\":\"ReadAction\",\"target\":[\"https:\\\/\\\/jardineriaibiza.com\\\/en\\\/soils-and-fertilizers\\\/\"]}]},{\"@type\":\"ImageObject\",\"inLanguage\":\"en-US\",\"@id\":\"https:\\\/\\\/jardineriaibiza.com\\\/en\\\/soils-and-fertilizers\\\/#primaryimage\",\"url\":\"https:\\\/\\\/jardineriaibiza.com\\\/wp-content\\\/uploads\\\/2IMG_1359.jpg\",\"contentUrl\":\"https:\\\/\\\/jardineriaibiza.com\\\/wp-content\\\/uploads\\\/2IMG_1359.jpg\",\"width\":2100,\"height\":1200},{\"@type\":\"BreadcrumbList\",\"@id\":\"https:\\\/\\\/jardineriaibiza.com\\\/en\\\/soils-and-fertilizers\\\/#breadcrumb\",\"itemListElement\":[{\"@type\":\"ListItem\",\"position\":1,\"name\":\"Portada\",\"item\":\"https:\\\/\\\/jardineriaibiza.com\\\/en\\\/\"},{\"@type\":\"ListItem\",\"position\":2,\"name\":\"Soils and fertilizers\"}]},{\"@type\":\"WebSite\",\"@id\":\"https:\\\/\\\/jardineriaibiza.com\\\/#website\",\"url\":\"https:\\\/\\\/jardineriaibiza.com\\\/\",\"name\":\"Jardiner\u00eda \u00c1ngel Fern\u00e1ndez\",\"description\":\"\",\"publisher\":{\"@id\":\"https:\\\/\\\/jardineriaibiza.com\\\/#organization\"},\"potentialAction\":[{\"@type\":\"SearchAction\",\"target\":{\"@type\":\"EntryPoint\",\"urlTemplate\":\"https:\\\/\\\/jardineriaibiza.com\\\/?s={search_term_string}\"},\"query-input\":{\"@type\":\"PropertyValueSpecification\",\"valueRequired\":true,\"valueName\":\"search_term_string\"}}],\"inLanguage\":\"en-US\"},{\"@type\":\"Organization\",\"@id\":\"https:\\\/\\\/jardineriaibiza.com\\\/#organization\",\"name\":\"Jardiner\u00eda \u00c1ngel Fern\u00e1ndez\",\"url\":\"https:\\\/\\\/jardineriaibiza.com\\\/\",\"logo\":{\"@type\":\"ImageObject\",\"inLanguage\":\"en-US\",\"@id\":\"https:\\\/\\\/jardineriaibiza.com\\\/#\\\/schema\\\/logo\\\/image\\\/\",\"url\":\"https:\\\/\\\/jardineriaibiza.com\\\/wp-content\\\/uploads\\\/Land-Love.jpg\",\"contentUrl\":\"https:\\\/\\\/jardineriaibiza.com\\\/wp-content\\\/uploads\\\/Land-Love.jpg\",\"width\":500,\"height\":500,\"caption\":\"Jardiner\u00eda \u00c1ngel Fern\u00e1ndez\"},\"image\":{\"@id\":\"https:\\\/\\\/jardineriaibiza.com\\\/#\\\/schema\\\/logo\\\/image\\\/\"}}]}<\/script>\n<!-- \/ Yoast SEO plugin. -->","yoast_head_json":{"title":"Soils and fertilizers - Jardiner\u00eda \u00c1ngel Fern\u00e1ndez","robots":{"index":"index","follow":"follow","max-snippet":"max-snippet:-1","max-image-preview":"max-image-preview:large","max-video-preview":"max-video-preview:-1"},"canonical":"https:\/\/jardineriaibiza.com\/en\/soils-and-fertilizers\/","og_locale":"en_US","og_type":"article","og_title":"Soils and fertilizers - Jardiner\u00eda \u00c1ngel Fern\u00e1ndez","og_description":"[vc_row][vc_column][vc_column_text]The choice of soils and fertilizers is a very important aspect that ensures the types of plants we select have the highest needs covered, grow well and endure over time. By making a good choice of fertilizers we can correct deficiencies in plants and trees, improve the composition of cropland and thereby improve the condition [&hellip;]","og_url":"https:\/\/jardineriaibiza.com\/en\/soils-and-fertilizers\/","og_site_name":"Jardiner\u00eda \u00c1ngel Fern\u00e1ndez","article_modified_time":"2020-07-13T16:12:17+00:00","og_image":[{"width":2100,"height":1200,"url":"https:\/\/jardineriaibiza.com\/wp-content\/uploads\/2IMG_1359.jpg","type":"image\/jpeg"}],"twitter_card":"summary_large_image","schema":{"@context":"https:\/\/schema.org","@graph":[{"@type":"WebPage","@id":"https:\/\/jardineriaibiza.com\/en\/soils-and-fertilizers\/","url":"https:\/\/jardineriaibiza.com\/en\/soils-and-fertilizers\/","name":"Soils and fertilizers - Jardiner\u00eda \u00c1ngel Fern\u00e1ndez","isPartOf":{"@id":"https:\/\/jardineriaibiza.com\/#website"},"primaryImageOfPage":{"@id":"https:\/\/jardineriaibiza.com\/en\/soils-and-fertilizers\/#primaryimage"},"image":{"@id":"https:\/\/jardineriaibiza.com\/en\/soils-and-fertilizers\/#primaryimage"},"thumbnailUrl":"https:\/\/jardineriaibiza.com\/wp-content\/uploads\/2IMG_1359.jpg","datePublished":"2014-03-28T08:03:12+00:00","dateModified":"2020-07-13T16:12:17+00:00","breadcrumb":{"@id":"https:\/\/jardineriaibiza.com\/en\/soils-and-fertilizers\/#breadcrumb"},"inLanguage":"en-US","potentialAction":[{"@type":"ReadAction","target":["https:\/\/jardineriaibiza.com\/en\/soils-and-fertilizers\/"]}]},{"@type":"ImageObject","inLanguage":"en-US","@id":"https:\/\/jardineriaibiza.com\/en\/soils-and-fertilizers\/#primaryimage","url":"https:\/\/jardineriaibiza.com\/wp-content\/uploads\/2IMG_1359.jpg","contentUrl":"https:\/\/jardineriaibiza.com\/wp-content\/uploads\/2IMG_1359.jpg","width":2100,"height":1200},{"@type":"BreadcrumbList","@id":"https:\/\/jardineriaibiza.com\/en\/soils-and-fertilizers\/#breadcrumb","itemListElement":[{"@type":"ListItem","position":1,"name":"Portada","item":"https:\/\/jardineriaibiza.com\/en\/"},{"@type":"ListItem","position":2,"name":"Soils and fertilizers"}]},{"@type":"WebSite","@id":"https:\/\/jardineriaibiza.com\/#website","url":"https:\/\/jardineriaibiza.com\/","name":"Jardiner\u00eda \u00c1ngel Fern\u00e1ndez","description":"","publisher":{"@id":"https:\/\/jardineriaibiza.com\/#organization"},"potentialAction":[{"@type":"SearchAction","target":{"@type":"EntryPoint","urlTemplate":"https:\/\/jardineriaibiza.com\/?s={search_term_string}"},"query-input":{"@type":"PropertyValueSpecification","valueRequired":true,"valueName":"search_term_string"}}],"inLanguage":"en-US"},{"@type":"Organization","@id":"https:\/\/jardineriaibiza.com\/#organization","name":"Jardiner\u00eda \u00c1ngel Fern\u00e1ndez","url":"https:\/\/jardineriaibiza.com\/","logo":{"@type":"ImageObject","inLanguage":"en-US","@id":"https:\/\/jardineriaibiza.com\/#\/schema\/logo\/image\/","url":"https:\/\/jardineriaibiza.com\/wp-content\/uploads\/Land-Love.jpg","contentUrl":"https:\/\/jardineriaibiza.com\/wp-content\/uploads\/Land-Love.jpg","width":500,"height":500,"caption":"Jardiner\u00eda \u00c1ngel Fern\u00e1ndez"},"image":{"@id":"https:\/\/jardineriaibiza.com\/#\/schema\/logo\/image\/"}}]}},"_links":{"self":[{"href":"https:\/\/jardineriaibiza.com\/en\/wp-json\/wp\/v2\/pages\/212","targetHints":{"allow":["GET"]}}],"collection":[{"href":"https:\/\/jardineriaibiza.com\/en\/wp-json\/wp\/v2\/pages"}],"about":[{"href":"https:\/\/jardineriaibiza.com\/en\/wp-json\/wp\/v2\/types\/page"}],"author":[{"embeddable":true,"href":"https:\/\/jardineriaibiza.com\/en\/wp-json\/wp\/v2\/users\/2"}],"replies":[{"embeddable":true,"href":"https:\/\/jardineriaibiza.com\/en\/wp-json\/wp\/v2\/comments?post=212"}],"version-history":[{"count":0,"href":"https:\/\/jardineriaibiza.com\/en\/wp-json\/wp\/v2\/pages\/212\/revisions"}],"wp:featuredmedia":[{"embeddable":true,"href":"https:\/\/jardineriaibiza.com\/en\/wp-json\/wp\/v2\/media\/311"}],"wp:attachment":[{"href":"https:\/\/jardineriaibiza.com\/en\/wp-json\/wp\/v2\/media?parent=212"}],"curies":[{"name":"wp","href":"https:\/\/api.w.org\/{rel}","templated":true}]}}