{"id":213,"date":"2014-03-28T08:19:11","date_gmt":"2014-03-28T08:19:11","guid":{"rendered":"http:\/\/jardineriaibiza.com\/en\/portada\/"},"modified":"2022-03-03T14:45:31","modified_gmt":"2022-03-03T14:45:31","slug":"portada","status":"publish","type":"page","link":"https:\/\/jardineriaibiza.com\/en\/","title":{"rendered":"Home"},"content":{"rendered":"<p><strong>Servicio de jardiner\u00eda y paisajismo en Ibiza<\/strong><\/p>\n<p>Una empresa dedicada a <a href=\"https:\/\/jardineriaibiza.com\/arboles-y-palmeras\/\">jardiner\u00eda<\/a> y paisajismo situada en la isla de <a href=\"https:\/\/turismo.eivissa.es\/\">Ibiza<\/a>, con una amplia experiencia de m\u00e1s de 20 a\u00f1os ofreciendo un servicio integral, desde el dise\u00f1o de jardines hasta la realizaci\u00f3n de los mismos. Disponemos de materiales y plantas, transportes de materiales a obra, sistemas de riego e iluminaci\u00f3n, colocaci\u00f3n de \u00e1rboles y plantas, elementos de decoraci\u00f3n y mantenimiento de jardines.<\/p>\n<p>Dise\u00f1amos proyectos inspir\u00e1ndonos en la naturaleza, somos respetuosos con el medio ambiente, y contribuimos a conservar un ciclo vital m\u00e1s sostenible y que garantice la m\u00e1xima satisfacci\u00f3n.<\/p>\n<p>Dise\u00f1amos cualquier tipo de espacio; lagos, patios, jardines, etc. Consideramos todas las caracter\u00edsticas que nos ofrece el medio, fundamentos est\u00e9ticos y funcionales del uso del espacio, pensados para que encaje con su estilo de vida y gustos.<\/p>\n<p>Todos nuestros proyectos son planteados para ahorrar en gastos de consumo de agua y de bajo mantenimiento.<\/p>\n<p>Una empresa dedicada a <a href=\"https:\/\/jardineriaibiza.com\/arboles-y-palmeras\/\">jardiner\u00eda<\/a> y paisajismo situada en la isla de <a href=\"https:\/\/turismo.eivissa.es\/\">Ibiza<\/a>, con una amplia experiencia de m\u00e1s de 20 a\u00f1os ofreciendo un servicio integral, desde el dise\u00f1o de jardines hasta la realizaci\u00f3n de los mismos. Disponemos de materiales y plantas, transportes de materiales a obra, sistemas de riego e iluminaci\u00f3n, colocaci\u00f3n de \u00e1rboles y plantas, elementos de decoraci\u00f3n y mantenimiento de jardines.<\/p>\n<p>Dise\u00f1amos proyectos inspir\u00e1ndonos en la naturaleza, somos respetuosos con el medio ambiente, y contribuimos a conservar un ciclo vital m\u00e1s sostenible y que garantice la m\u00e1xima satisfacci\u00f3n.<\/p>\n<p>Dise\u00f1amos cualquier tipo de espacio; lagos, patios, jardines, etc. Consideramos todas las caracter\u00edsticas que nos ofrece el medio, fundamentos est\u00e9ticos y funcionales del uso del espacio, pensados para que encaje con su estilo de vida y gustos.<\/p>\n<p>Todos nuestros proyectos son planteados para ahorrar en gastos de consumo de agua y de bajo mantenimiento.<\/p>\n\n<figure class=\"wp-block-image size-large\"><img decoding=\"async\" width=\"1024\" height=\"585\" src=\"https:\/\/jardineriaibiza.com\/wp-content\/uploads\/\/portada_1-1024x585.jpg\" alt=\"Servicio de jardiner&#xED;a y paisajismo en Ibiza\" class=\"wp-image-239\" srcset=\"https:\/\/jardineriaibiza.com\/wp-content\/uploads\/portada_1-1024x585.jpg 1024w, https:\/\/jardineriaibiza.com\/wp-content\/uploads\/portada_1-300x171.jpg 300w\" sizes=\"(max-width: 1024px) 100vw, 1024px\" \/><\/figure>\n","protected":false},"excerpt":{"rendered":"<p>Servicio de jardiner\u00eda y paisajismo en Ibiza Una empresa dedicada a jardiner\u00eda y paisajismo situada en la isla de Ibiza, con una amplia experiencia de m\u00e1s de 20 a\u00f1os ofreciendo un servicio integral, desde el dise\u00f1o de jardines hasta la realizaci\u00f3n de los mismos. Disponemos de materiales y plantas, transportes de materiales a obra, sistemas [&hellip;]<\/p>\n","protected":false},"author":2,"featured_media":33,"parent":0,"menu_order":0,"comment_status":"closed","ping_status":"closed","template":"","meta":{"rs_blank_template":"","rs_page_bg_color":"","slide_template_v7":"","footnotes":""},"class_list":["post-213","page","type-page","status-publish","has-post-thumbnail","hentry"],"yoast_head":"<!-- This site is optimized with the Yoast SEO plugin v27.4 - https:\/\/yoast.com\/product\/yoast-seo-wordpress\/ -->\n<title>Servicio de jardiner\u00eda y paisajismo en Ibiza - Jardiner\u00eda \u00c1ngel Fernandez<\/title>\n<meta name=\"description\" content=\"Una empresa dedicada a jardiner\u00eda y paisajismo situada en la isla de Ibiza, con una amplia experiencia de m\u00e1s de 20 a\u00f1os ofreciendo un servicio integral\" \/>\n<meta name=\"robots\" content=\"index, follow, max-snippet:-1, max-image-preview:large, max-video-preview:-1\" \/>\n<link rel=\"canonical\" href=\"https:\/\/jardineriaibiza.com\/en\/\" \/>\n<meta property=\"og:locale\" content=\"en_US\" \/>\n<meta property=\"og:type\" content=\"article\" \/>\n<meta property=\"og:title\" content=\"Servicio de jardiner\u00eda y paisajismo en Ibiza - Jardiner\u00eda \u00c1ngel Fernandez\" \/>\n<meta property=\"og:description\" content=\"Una empresa dedicada a jardiner\u00eda y paisajismo situada en la isla de Ibiza, con una amplia experiencia de m\u00e1s de 20 a\u00f1os ofreciendo un servicio integral\" \/>\n<meta property=\"og:url\" content=\"https:\/\/jardineriaibiza.com\/en\/\" \/>\n<meta property=\"og:site_name\" content=\"Jardiner\u00eda \u00c1ngel Fern\u00e1ndez\" \/>\n<meta property=\"article:modified_time\" content=\"2022-03-03T14:45:31+00:00\" \/>\n<meta property=\"og:image\" content=\"https:\/\/jardineriaibiza.com\/wp-content\/uploads\/portada_1.jpg\" \/>\n\t<meta property=\"og:image:width\" content=\"2100\" \/>\n\t<meta property=\"og:image:height\" content=\"1200\" \/>\n\t<meta property=\"og:image:type\" content=\"image\/jpeg\" \/>\n<meta name=\"twitter:card\" content=\"summary_large_image\" \/>\n<meta name=\"twitter:label1\" content=\"Est. reading time\" \/>\n\t<meta name=\"twitter:data1\" content=\"2 minutes\" \/>\n<script type=\"application\/ld+json\" class=\"yoast-schema-graph\">{\"@context\":\"https:\\\/\\\/schema.org\",\"@graph\":[{\"@type\":\"WebPage\",\"@id\":\"https:\\\/\\\/jardineriaibiza.com\\\/en\\\/\",\"url\":\"https:\\\/\\\/jardineriaibiza.com\\\/en\\\/\",\"name\":\"Servicio de jardiner\u00eda y paisajismo en Ibiza - Jardiner\u00eda \u00c1ngel Fernandez\",\"isPartOf\":{\"@id\":\"https:\\\/\\\/jardineriaibiza.com\\\/#website\"},\"primaryImageOfPage\":{\"@id\":\"https:\\\/\\\/jardineriaibiza.com\\\/en\\\/#primaryimage\"},\"image\":{\"@id\":\"https:\\\/\\\/jardineriaibiza.com\\\/en\\\/#primaryimage\"},\"thumbnailUrl\":\"https:\\\/\\\/jardineriaibiza.com\\\/wp-content\\\/uploads\\\/portada_1.jpg\",\"datePublished\":\"2014-03-28T08:19:11+00:00\",\"dateModified\":\"2022-03-03T14:45:31+00:00\",\"description\":\"Una empresa dedicada a jardiner\u00eda y paisajismo situada en la isla de Ibiza, con una amplia experiencia de m\u00e1s de 20 a\u00f1os ofreciendo un servicio integral\",\"breadcrumb\":{\"@id\":\"https:\\\/\\\/jardineriaibiza.com\\\/en\\\/#breadcrumb\"},\"inLanguage\":\"en-US\",\"potentialAction\":[{\"@type\":\"ReadAction\",\"target\":[\"https:\\\/\\\/jardineriaibiza.com\\\/en\\\/\"]}]},{\"@type\":\"ImageObject\",\"inLanguage\":\"en-US\",\"@id\":\"https:\\\/\\\/jardineriaibiza.com\\\/en\\\/#primaryimage\",\"url\":\"https:\\\/\\\/jardineriaibiza.com\\\/wp-content\\\/uploads\\\/portada_1.jpg\",\"contentUrl\":\"https:\\\/\\\/jardineriaibiza.com\\\/wp-content\\\/uploads\\\/portada_1.jpg\",\"width\":2100,\"height\":1200,\"caption\":\"Servicio de jardiner\u00eda y paisajismo en Ibiza\"},{\"@type\":\"BreadcrumbList\",\"@id\":\"https:\\\/\\\/jardineriaibiza.com\\\/en\\\/#breadcrumb\",\"itemListElement\":[{\"@type\":\"ListItem\",\"position\":1,\"name\":\"Portada\",\"item\":\"https:\\\/\\\/jardineriaibiza.com\\\/en\\\/\"},{\"@type\":\"ListItem\",\"position\":2,\"name\":\"Home\"}]},{\"@type\":\"WebSite\",\"@id\":\"https:\\\/\\\/jardineriaibiza.com\\\/#website\",\"url\":\"https:\\\/\\\/jardineriaibiza.com\\\/\",\"name\":\"Jardiner\u00eda \u00c1ngel Fern\u00e1ndez\",\"description\":\"\",\"publisher\":{\"@id\":\"https:\\\/\\\/jardineriaibiza.com\\\/#organization\"},\"potentialAction\":[{\"@type\":\"SearchAction\",\"target\":{\"@type\":\"EntryPoint\",\"urlTemplate\":\"https:\\\/\\\/jardineriaibiza.com\\\/?s={search_term_string}\"},\"query-input\":{\"@type\":\"PropertyValueSpecification\",\"valueRequired\":true,\"valueName\":\"search_term_string\"}}],\"inLanguage\":\"en-US\"},{\"@type\":\"Organization\",\"@id\":\"https:\\\/\\\/jardineriaibiza.com\\\/#organization\",\"name\":\"Jardiner\u00eda \u00c1ngel Fern\u00e1ndez\",\"url\":\"https:\\\/\\\/jardineriaibiza.com\\\/\",\"logo\":{\"@type\":\"ImageObject\",\"inLanguage\":\"en-US\",\"@id\":\"https:\\\/\\\/jardineriaibiza.com\\\/#\\\/schema\\\/logo\\\/image\\\/\",\"url\":\"https:\\\/\\\/jardineriaibiza.com\\\/wp-content\\\/uploads\\\/Land-Love.jpg\",\"contentUrl\":\"https:\\\/\\\/jardineriaibiza.com\\\/wp-content\\\/uploads\\\/Land-Love.jpg\",\"width\":500,\"height\":500,\"caption\":\"Jardiner\u00eda \u00c1ngel Fern\u00e1ndez\"},\"image\":{\"@id\":\"https:\\\/\\\/jardineriaibiza.com\\\/#\\\/schema\\\/logo\\\/image\\\/\"}}]}<\/script>\n<!-- \/ Yoast SEO plugin. -->","yoast_head_json":{"title":"Servicio de jardiner\u00eda y paisajismo en Ibiza - Jardiner\u00eda \u00c1ngel Fernandez","description":"Una empresa dedicada a jardiner\u00eda y paisajismo situada en la isla de Ibiza, con una amplia experiencia de m\u00e1s de 20 a\u00f1os ofreciendo un servicio integral","robots":{"index":"index","follow":"follow","max-snippet":"max-snippet:-1","max-image-preview":"max-image-preview:large","max-video-preview":"max-video-preview:-1"},"canonical":"https:\/\/jardineriaibiza.com\/en\/","og_locale":"en_US","og_type":"article","og_title":"Servicio de jardiner\u00eda y paisajismo en Ibiza - Jardiner\u00eda \u00c1ngel Fernandez","og_description":"Una empresa dedicada a jardiner\u00eda y paisajismo situada en la isla de Ibiza, con una amplia experiencia de m\u00e1s de 20 a\u00f1os ofreciendo un servicio integral","og_url":"https:\/\/jardineriaibiza.com\/en\/","og_site_name":"Jardiner\u00eda \u00c1ngel Fern\u00e1ndez","article_modified_time":"2022-03-03T14:45:31+00:00","og_image":[{"width":2100,"height":1200,"url":"https:\/\/jardineriaibiza.com\/wp-content\/uploads\/portada_1.jpg","type":"image\/jpeg"}],"twitter_card":"summary_large_image","twitter_misc":{"Est. reading time":"2 minutes"},"schema":{"@context":"https:\/\/schema.org","@graph":[{"@type":"WebPage","@id":"https:\/\/jardineriaibiza.com\/en\/","url":"https:\/\/jardineriaibiza.com\/en\/","name":"Servicio de jardiner\u00eda y paisajismo en Ibiza - Jardiner\u00eda \u00c1ngel Fernandez","isPartOf":{"@id":"https:\/\/jardineriaibiza.com\/#website"},"primaryImageOfPage":{"@id":"https:\/\/jardineriaibiza.com\/en\/#primaryimage"},"image":{"@id":"https:\/\/jardineriaibiza.com\/en\/#primaryimage"},"thumbnailUrl":"https:\/\/jardineriaibiza.com\/wp-content\/uploads\/portada_1.jpg","datePublished":"2014-03-28T08:19:11+00:00","dateModified":"2022-03-03T14:45:31+00:00","description":"Una empresa dedicada a jardiner\u00eda y paisajismo situada en la isla de Ibiza, con una amplia experiencia de m\u00e1s de 20 a\u00f1os ofreciendo un servicio integral","breadcrumb":{"@id":"https:\/\/jardineriaibiza.com\/en\/#breadcrumb"},"inLanguage":"en-US","potentialAction":[{"@type":"ReadAction","target":["https:\/\/jardineriaibiza.com\/en\/"]}]},{"@type":"ImageObject","inLanguage":"en-US","@id":"https:\/\/jardineriaibiza.com\/en\/#primaryimage","url":"https:\/\/jardineriaibiza.com\/wp-content\/uploads\/portada_1.jpg","contentUrl":"https:\/\/jardineriaibiza.com\/wp-content\/uploads\/portada_1.jpg","width":2100,"height":1200,"caption":"Servicio de jardiner\u00eda y paisajismo en Ibiza"},{"@type":"BreadcrumbList","@id":"https:\/\/jardineriaibiza.com\/en\/#breadcrumb","itemListElement":[{"@type":"ListItem","position":1,"name":"Portada","item":"https:\/\/jardineriaibiza.com\/en\/"},{"@type":"ListItem","position":2,"name":"Home"}]},{"@type":"WebSite","@id":"https:\/\/jardineriaibiza.com\/#website","url":"https:\/\/jardineriaibiza.com\/","name":"Jardiner\u00eda \u00c1ngel Fern\u00e1ndez","description":"","publisher":{"@id":"https:\/\/jardineriaibiza.com\/#organization"},"potentialAction":[{"@type":"SearchAction","target":{"@type":"EntryPoint","urlTemplate":"https:\/\/jardineriaibiza.com\/?s={search_term_string}"},"query-input":{"@type":"PropertyValueSpecification","valueRequired":true,"valueName":"search_term_string"}}],"inLanguage":"en-US"},{"@type":"Organization","@id":"https:\/\/jardineriaibiza.com\/#organization","name":"Jardiner\u00eda \u00c1ngel Fern\u00e1ndez","url":"https:\/\/jardineriaibiza.com\/","logo":{"@type":"ImageObject","inLanguage":"en-US","@id":"https:\/\/jardineriaibiza.com\/#\/schema\/logo\/image\/","url":"https:\/\/jardineriaibiza.com\/wp-content\/uploads\/Land-Love.jpg","contentUrl":"https:\/\/jardineriaibiza.com\/wp-content\/uploads\/Land-Love.jpg","width":500,"height":500,"caption":"Jardiner\u00eda \u00c1ngel Fern\u00e1ndez"},"image":{"@id":"https:\/\/jardineriaibiza.com\/#\/schema\/logo\/image\/"}}]}},"_links":{"self":[{"href":"https:\/\/jardineriaibiza.com\/en\/wp-json\/wp\/v2\/pages\/213","targetHints":{"allow":["GET"]}}],"collection":[{"href":"https:\/\/jardineriaibiza.com\/en\/wp-json\/wp\/v2\/pages"}],"about":[{"href":"https:\/\/jardineriaibiza.com\/en\/wp-json\/wp\/v2\/types\/page"}],"author":[{"embeddable":true,"href":"https:\/\/jardineriaibiza.com\/en\/wp-json\/wp\/v2\/users\/2"}],"replies":[{"embeddable":true,"href":"https:\/\/jardineriaibiza.com\/en\/wp-json\/wp\/v2\/comments?post=213"}],"version-history":[{"count":0,"href":"https:\/\/jardineriaibiza.com\/en\/wp-json\/wp\/v2\/pages\/213\/revisions"}],"wp:featuredmedia":[{"embeddable":true,"href":"https:\/\/jardineriaibiza.com\/en\/wp-json\/wp\/v2\/media\/33"}],"wp:attachment":[{"href":"https:\/\/jardineriaibiza.com\/en\/wp-json\/wp\/v2\/media?parent=213"}],"curies":[{"name":"wp","href":"https:\/\/api.w.org\/{rel}","templated":true}]}}