{"id":363,"date":"2016-11-29T10:39:10","date_gmt":"2016-11-29T10:39:10","guid":{"rendered":"http:\/\/jardineriaibiza.com\/?page_id=363\/"},"modified":"2021-01-20T12:33:59","modified_gmt":"2021-01-20T12:33:59","slug":"maintenance-du-jardin","status":"publish","type":"page","link":"https:\/\/jardineriaibiza.com\/fr\/maintenance-du-jardin\/","title":{"rendered":"Maintenance du jardin"},"content":{"rendered":"<div class=\"wpb-content-wrapper\"><p>[vc_row][vc_column][vc_column_text]Nous proposons un service de maintenance de qualit\u00e9, quelle que soit la taille de votre jardin, en nous adaptant aux besoins de chacun, en proc\u00e9dant aux travaux n\u00e9cessaires toute l\u2019ann\u00e9e, de fa\u00e7on p\u00e9riodique ou au coup par coup.<\/p>\n<p>Verticoupe et a\u00e9ration du gazon et des all\u00e9es de graviers, tonte de prairie, creusage, fertilisation, reconstitution des massifs de plantes, contr\u00f4le et maintenance des syst\u00e8mes d\u2019arrosage, taille de haies et \u00e9lagage d\u2019arbres, etc.[\/vc_column_text][vc_gallery type=\u00a0\u00bbnivo\u00a0\u00bb interval=\u00a0\u00bb3&Prime; images=\u00a0\u00bb267,270,279&Prime; img_size=\u00a0\u00bb960&#215;960&Prime;][\/vc_column][\/vc_row][vc_row][vc_column][vc_btn title=\u00a0\u00bb Appelez-nous et nous vous informerons\u00a0\u00bb color=\u00a0\u00bbturquoise\u00a0\u00bb link=\u00a0\u00bburl:tel%3A%2B34679906939|title:%20Appelez-nous%20et%20nous%20vous%20informerons\u00a0\u00bb][\/vc_column][\/vc_row]<\/p>\n<\/div>","protected":false},"excerpt":{"rendered":"<p>[vc_row][vc_column][vc_column_text]Nous proposons un service de maintenance de qualit\u00e9, quelle que soit la taille de votre jardin, en nous adaptant aux besoins de chacun, en proc\u00e9dant aux travaux n\u00e9cessaires toute l\u2019ann\u00e9e, de fa\u00e7on p\u00e9riodique ou au coup par coup. Verticoupe et a\u00e9ration du gazon et des all\u00e9es de graviers, tonte de prairie, creusage, fertilisation, reconstitution des [&hellip;]<\/p>\n","protected":false},"author":2,"featured_media":267,"parent":0,"menu_order":0,"comment_status":"closed","ping_status":"closed","template":"","meta":{"rs_blank_template":"","rs_page_bg_color":"","slide_template_v7":"","footnotes":""},"class_list":["post-363","page","type-page","status-publish","has-post-thumbnail","hentry"],"yoast_head":"<!-- This site is optimized with the Yoast SEO plugin v27.4 - https:\/\/yoast.com\/product\/yoast-seo-wordpress\/ -->\n<title>Maintenance du jardin - Jardiner\u00eda \u00c1ngel Fern\u00e1ndez<\/title>\n<meta name=\"robots\" content=\"index, follow, max-snippet:-1, max-image-preview:large, max-video-preview:-1\" \/>\n<link rel=\"canonical\" href=\"https:\/\/jardineriaibiza.com\/fr\/maintenance-du-jardin\/\" \/>\n<meta property=\"og:locale\" content=\"fr_FR\" \/>\n<meta property=\"og:type\" content=\"article\" \/>\n<meta property=\"og:title\" content=\"Maintenance du jardin - Jardiner\u00eda \u00c1ngel Fern\u00e1ndez\" \/>\n<meta property=\"og:description\" content=\"[vc_row][vc_column][vc_column_text]Nous proposons un service de maintenance de qualit\u00e9, quelle que soit la taille de votre jardin, en nous adaptant aux besoins de chacun, en proc\u00e9dant aux travaux n\u00e9cessaires toute l\u2019ann\u00e9e, de fa\u00e7on p\u00e9riodique ou au coup par coup. Verticoupe et a\u00e9ration du gazon et des all\u00e9es de graviers, tonte de prairie, creusage, fertilisation, reconstitution des [&hellip;]\" \/>\n<meta property=\"og:url\" content=\"https:\/\/jardineriaibiza.com\/fr\/maintenance-du-jardin\/\" \/>\n<meta property=\"og:site_name\" content=\"Jardiner\u00eda \u00c1ngel Fern\u00e1ndez\" \/>\n<meta property=\"article:modified_time\" content=\"2021-01-20T12:33:59+00:00\" \/>\n<meta property=\"og:image\" content=\"https:\/\/jardineriaibiza.com\/wp-content\/uploads\/009-e1399972862738.jpg\" \/>\n\t<meta property=\"og:image:width\" content=\"2100\" \/>\n\t<meta property=\"og:image:height\" content=\"1575\" \/>\n\t<meta property=\"og:image:type\" content=\"image\/jpeg\" \/>\n<meta name=\"twitter:card\" content=\"summary_large_image\" \/>\n<meta name=\"twitter:label1\" content=\"Dur\u00e9e de lecture estim\u00e9e\" \/>\n\t<meta name=\"twitter:data1\" content=\"1 minute\" \/>\n<script type=\"application\/ld+json\" class=\"yoast-schema-graph\">{\"@context\":\"https:\\\/\\\/schema.org\",\"@graph\":[{\"@type\":\"WebPage\",\"@id\":\"https:\\\/\\\/jardineriaibiza.com\\\/fr\\\/maintenance-du-jardin\\\/\",\"url\":\"https:\\\/\\\/jardineriaibiza.com\\\/fr\\\/maintenance-du-jardin\\\/\",\"name\":\"Maintenance du jardin - Jardiner\u00eda \u00c1ngel Fern\u00e1ndez\",\"isPartOf\":{\"@id\":\"https:\\\/\\\/jardineriaibiza.com\\\/#website\"},\"primaryImageOfPage\":{\"@id\":\"https:\\\/\\\/jardineriaibiza.com\\\/fr\\\/maintenance-du-jardin\\\/#primaryimage\"},\"image\":{\"@id\":\"https:\\\/\\\/jardineriaibiza.com\\\/fr\\\/maintenance-du-jardin\\\/#primaryimage\"},\"thumbnailUrl\":\"https:\\\/\\\/jardineriaibiza.com\\\/wp-content\\\/uploads\\\/009-e1399972862738.jpg\",\"datePublished\":\"2016-11-29T10:39:10+00:00\",\"dateModified\":\"2021-01-20T12:33:59+00:00\",\"breadcrumb\":{\"@id\":\"https:\\\/\\\/jardineriaibiza.com\\\/fr\\\/maintenance-du-jardin\\\/#breadcrumb\"},\"inLanguage\":\"fr-FR\",\"potentialAction\":[{\"@type\":\"ReadAction\",\"target\":[\"https:\\\/\\\/jardineriaibiza.com\\\/fr\\\/maintenance-du-jardin\\\/\"]}]},{\"@type\":\"ImageObject\",\"inLanguage\":\"fr-FR\",\"@id\":\"https:\\\/\\\/jardineriaibiza.com\\\/fr\\\/maintenance-du-jardin\\\/#primaryimage\",\"url\":\"https:\\\/\\\/jardineriaibiza.com\\\/wp-content\\\/uploads\\\/009-e1399972862738.jpg\",\"contentUrl\":\"https:\\\/\\\/jardineriaibiza.com\\\/wp-content\\\/uploads\\\/009-e1399972862738.jpg\",\"width\":2100,\"height\":1575},{\"@type\":\"BreadcrumbList\",\"@id\":\"https:\\\/\\\/jardineriaibiza.com\\\/fr\\\/maintenance-du-jardin\\\/#breadcrumb\",\"itemListElement\":[{\"@type\":\"ListItem\",\"position\":1,\"name\":\"Portada\",\"item\":\"https:\\\/\\\/jardineriaibiza.com\\\/fr\\\/\"},{\"@type\":\"ListItem\",\"position\":2,\"name\":\"Maintenance du jardin\"}]},{\"@type\":\"WebSite\",\"@id\":\"https:\\\/\\\/jardineriaibiza.com\\\/#website\",\"url\":\"https:\\\/\\\/jardineriaibiza.com\\\/\",\"name\":\"Jardiner\u00eda \u00c1ngel Fern\u00e1ndez\",\"description\":\"\",\"publisher\":{\"@id\":\"https:\\\/\\\/jardineriaibiza.com\\\/#organization\"},\"potentialAction\":[{\"@type\":\"SearchAction\",\"target\":{\"@type\":\"EntryPoint\",\"urlTemplate\":\"https:\\\/\\\/jardineriaibiza.com\\\/?s={search_term_string}\"},\"query-input\":{\"@type\":\"PropertyValueSpecification\",\"valueRequired\":true,\"valueName\":\"search_term_string\"}}],\"inLanguage\":\"fr-FR\"},{\"@type\":\"Organization\",\"@id\":\"https:\\\/\\\/jardineriaibiza.com\\\/#organization\",\"name\":\"Jardiner\u00eda \u00c1ngel Fern\u00e1ndez\",\"url\":\"https:\\\/\\\/jardineriaibiza.com\\\/\",\"logo\":{\"@type\":\"ImageObject\",\"inLanguage\":\"fr-FR\",\"@id\":\"https:\\\/\\\/jardineriaibiza.com\\\/#\\\/schema\\\/logo\\\/image\\\/\",\"url\":\"https:\\\/\\\/jardineriaibiza.com\\\/wp-content\\\/uploads\\\/Land-Love.jpg\",\"contentUrl\":\"https:\\\/\\\/jardineriaibiza.com\\\/wp-content\\\/uploads\\\/Land-Love.jpg\",\"width\":500,\"height\":500,\"caption\":\"Jardiner\u00eda \u00c1ngel Fern\u00e1ndez\"},\"image\":{\"@id\":\"https:\\\/\\\/jardineriaibiza.com\\\/#\\\/schema\\\/logo\\\/image\\\/\"}}]}<\/script>\n<!-- \/ Yoast SEO plugin. -->","yoast_head_json":{"title":"Maintenance du jardin - Jardiner\u00eda \u00c1ngel Fern\u00e1ndez","robots":{"index":"index","follow":"follow","max-snippet":"max-snippet:-1","max-image-preview":"max-image-preview:large","max-video-preview":"max-video-preview:-1"},"canonical":"https:\/\/jardineriaibiza.com\/fr\/maintenance-du-jardin\/","og_locale":"fr_FR","og_type":"article","og_title":"Maintenance du jardin - Jardiner\u00eda \u00c1ngel Fern\u00e1ndez","og_description":"[vc_row][vc_column][vc_column_text]Nous proposons un service de maintenance de qualit\u00e9, quelle que soit la taille de votre jardin, en nous adaptant aux besoins de chacun, en proc\u00e9dant aux travaux n\u00e9cessaires toute l\u2019ann\u00e9e, de fa\u00e7on p\u00e9riodique ou au coup par coup. Verticoupe et a\u00e9ration du gazon et des all\u00e9es de graviers, tonte de prairie, creusage, fertilisation, reconstitution des [&hellip;]","og_url":"https:\/\/jardineriaibiza.com\/fr\/maintenance-du-jardin\/","og_site_name":"Jardiner\u00eda \u00c1ngel Fern\u00e1ndez","article_modified_time":"2021-01-20T12:33:59+00:00","og_image":[{"width":2100,"height":1575,"url":"https:\/\/jardineriaibiza.com\/wp-content\/uploads\/009-e1399972862738.jpg","type":"image\/jpeg"}],"twitter_card":"summary_large_image","twitter_misc":{"Dur\u00e9e de lecture estim\u00e9e":"1 minute"},"schema":{"@context":"https:\/\/schema.org","@graph":[{"@type":"WebPage","@id":"https:\/\/jardineriaibiza.com\/fr\/maintenance-du-jardin\/","url":"https:\/\/jardineriaibiza.com\/fr\/maintenance-du-jardin\/","name":"Maintenance du jardin - Jardiner\u00eda \u00c1ngel Fern\u00e1ndez","isPartOf":{"@id":"https:\/\/jardineriaibiza.com\/#website"},"primaryImageOfPage":{"@id":"https:\/\/jardineriaibiza.com\/fr\/maintenance-du-jardin\/#primaryimage"},"image":{"@id":"https:\/\/jardineriaibiza.com\/fr\/maintenance-du-jardin\/#primaryimage"},"thumbnailUrl":"https:\/\/jardineriaibiza.com\/wp-content\/uploads\/009-e1399972862738.jpg","datePublished":"2016-11-29T10:39:10+00:00","dateModified":"2021-01-20T12:33:59+00:00","breadcrumb":{"@id":"https:\/\/jardineriaibiza.com\/fr\/maintenance-du-jardin\/#breadcrumb"},"inLanguage":"fr-FR","potentialAction":[{"@type":"ReadAction","target":["https:\/\/jardineriaibiza.com\/fr\/maintenance-du-jardin\/"]}]},{"@type":"ImageObject","inLanguage":"fr-FR","@id":"https:\/\/jardineriaibiza.com\/fr\/maintenance-du-jardin\/#primaryimage","url":"https:\/\/jardineriaibiza.com\/wp-content\/uploads\/009-e1399972862738.jpg","contentUrl":"https:\/\/jardineriaibiza.com\/wp-content\/uploads\/009-e1399972862738.jpg","width":2100,"height":1575},{"@type":"BreadcrumbList","@id":"https:\/\/jardineriaibiza.com\/fr\/maintenance-du-jardin\/#breadcrumb","itemListElement":[{"@type":"ListItem","position":1,"name":"Portada","item":"https:\/\/jardineriaibiza.com\/fr\/"},{"@type":"ListItem","position":2,"name":"Maintenance du jardin"}]},{"@type":"WebSite","@id":"https:\/\/jardineriaibiza.com\/#website","url":"https:\/\/jardineriaibiza.com\/","name":"Jardiner\u00eda \u00c1ngel Fern\u00e1ndez","description":"","publisher":{"@id":"https:\/\/jardineriaibiza.com\/#organization"},"potentialAction":[{"@type":"SearchAction","target":{"@type":"EntryPoint","urlTemplate":"https:\/\/jardineriaibiza.com\/?s={search_term_string}"},"query-input":{"@type":"PropertyValueSpecification","valueRequired":true,"valueName":"search_term_string"}}],"inLanguage":"fr-FR"},{"@type":"Organization","@id":"https:\/\/jardineriaibiza.com\/#organization","name":"Jardiner\u00eda \u00c1ngel Fern\u00e1ndez","url":"https:\/\/jardineriaibiza.com\/","logo":{"@type":"ImageObject","inLanguage":"fr-FR","@id":"https:\/\/jardineriaibiza.com\/#\/schema\/logo\/image\/","url":"https:\/\/jardineriaibiza.com\/wp-content\/uploads\/Land-Love.jpg","contentUrl":"https:\/\/jardineriaibiza.com\/wp-content\/uploads\/Land-Love.jpg","width":500,"height":500,"caption":"Jardiner\u00eda \u00c1ngel Fern\u00e1ndez"},"image":{"@id":"https:\/\/jardineriaibiza.com\/#\/schema\/logo\/image\/"}}]}},"_links":{"self":[{"href":"https:\/\/jardineriaibiza.com\/fr\/wp-json\/wp\/v2\/pages\/363","targetHints":{"allow":["GET"]}}],"collection":[{"href":"https:\/\/jardineriaibiza.com\/fr\/wp-json\/wp\/v2\/pages"}],"about":[{"href":"https:\/\/jardineriaibiza.com\/fr\/wp-json\/wp\/v2\/types\/page"}],"author":[{"embeddable":true,"href":"https:\/\/jardineriaibiza.com\/fr\/wp-json\/wp\/v2\/users\/2"}],"replies":[{"embeddable":true,"href":"https:\/\/jardineriaibiza.com\/fr\/wp-json\/wp\/v2\/comments?post=363"}],"version-history":[{"count":0,"href":"https:\/\/jardineriaibiza.com\/fr\/wp-json\/wp\/v2\/pages\/363\/revisions"}],"wp:featuredmedia":[{"embeddable":true,"href":"https:\/\/jardineriaibiza.com\/fr\/wp-json\/wp\/v2\/media\/267"}],"wp:attachment":[{"href":"https:\/\/jardineriaibiza.com\/fr\/wp-json\/wp\/v2\/media?parent=363"}],"curies":[{"name":"wp","href":"https:\/\/api.w.org\/{rel}","templated":true}]}}